{"id":4021,"date":"2018-02-22T16:03:26","date_gmt":"2018-02-22T16:03:26","guid":{"rendered":"https:\/\/kitronwinery.com\/%d7%94%d7%9b%d7%a8%d7%9e%d7%99%d7%9d-copy\/"},"modified":"2021-07-20T11:22:46","modified_gmt":"2021-07-20T11:22:46","slug":"los-vinedos-de-la-familia","status":"publish","type":"page","link":"https:\/\/kitronwinery.com\/es\/los-vinedos-de-la-familia\/","title":{"rendered":"LOS VI\u00d1EDOS DE LA FAMILIA"},"content":{"rendered":"\t\t<div data-elementor-type=\"wp-page\" data-elementor-id=\"4021\" class=\"elementor elementor-4021\" data-elementor-post-type=\"page\">\n\t\t\t\t\t\t<section class=\"elementor-section elementor-top-section elementor-element elementor-element-ttvjces elementor-section-full_width elementor-section-height-min-height elementor-section-items-stretch page-banner elementor-section-height-default\" data-id=\"ttvjces\" data-element_type=\"section\" data-e-type=\"section\" data-settings=\"{&quot;background_background&quot;:&quot;classic&quot;}\">\n\t\t\t\t\t\t\t<div class=\"elementor-background-overlay\"><\/div>\n\t\t\t\t\t\t\t<div class=\"elementor-container elementor-column-gap-default\">\n\t\t\t\t\t<div class=\"elementor-column elementor-col-100 elementor-top-column elementor-element elementor-element-vostwet\" data-id=\"vostwet\" data-element_type=\"column\" data-e-type=\"column\" data-settings=\"{&quot;background_background&quot;:&quot;gradient&quot;}\">\n\t\t\t<div class=\"elementor-widget-wrap elementor-element-populated\">\n\t\t\t\t\t<div class=\"elementor-background-overlay\"><\/div>\n\t\t\t\t\t\t<div class=\"elementor-element elementor-element-somldhk elementor-invisible elementor-widget elementor-widget-text-editor\" data-id=\"somldhk\" data-element_type=\"widget\" data-e-type=\"widget\" data-settings=\"{&quot;_animation&quot;:&quot;fadeInDown&quot;}\" data-widget_type=\"text-editor.default\">\n\t\t\t\t<div class=\"elementor-widget-container\">\n\t\t\t\t\t\t\t\t\t<p>LOS VI\u00d1EDOS DE LA FAMILIA<\/p>\t\t\t\t\t\t\t\t<\/div>\n\t\t\t\t<\/div>\n\t\t\t\t<div class=\"elementor-element elementor-element-9d9f4f0 animated-slow elementor-view-default elementor-invisible elementor-widget elementor-widget-global elementor-global-3158 elementor-widget-icon\" data-id=\"9d9f4f0\" data-element_type=\"widget\" data-e-type=\"widget\" id=\"scroll-page\" data-settings=\"{&quot;_animation&quot;:&quot;zoomIn&quot;}\" data-widget_type=\"icon.default\">\n\t\t\t\t<div class=\"elementor-widget-container\">\n\t\t\t\t\t\t\t<div class=\"elementor-icon-wrapper\">\n\t\t\t<a class=\"elementor-icon\" href=\"#scroll-page\">\n\t\t\t\t\t\t\t<i class=\"fa fa-arrow-down\" aria-hidden=\"true\"><\/i>\n\t\t\t\t\t\t<\/a>\n\t\t<\/div>\n\t\t\t\t\t\t<\/div>\n\t\t\t\t<\/div>\n\t\t\t\t\t<\/div>\n\t\t<\/div>\n\t\t\t\t\t<\/div>\n\t\t<\/section>\n\t\t\t\t<section class=\"elementor-section elementor-top-section elementor-element elementor-element-bqifykb elementor-section-boxed elementor-section-height-default elementor-section-height-default\" data-id=\"bqifykb\" data-element_type=\"section\" data-e-type=\"section\">\n\t\t\t\t\t\t<div class=\"elementor-container elementor-column-gap-default\">\n\t\t\t\t\t<div class=\"elementor-column elementor-col-100 elementor-top-column elementor-element elementor-element-jzafoim\" data-id=\"jzafoim\" data-element_type=\"column\" data-e-type=\"column\">\n\t\t\t<div class=\"elementor-widget-wrap elementor-element-populated\">\n\t\t\t\t\t\t<div class=\"elementor-element elementor-element-xgoegnp animated-fast elementor-invisible elementor-widget elementor-widget-text-editor\" data-id=\"xgoegnp\" data-element_type=\"widget\" data-e-type=\"widget\" data-settings=\"{&quot;_animation&quot;:&quot;fadeIn&quot;}\" data-widget_type=\"text-editor.default\">\n\t\t\t\t<div class=\"elementor-widget-container\">\n\t\t\t\t\t\t\t\t\t<p>\u201cVEN, OH, AMADO M\u00cdO, SALGAMOS AL CAMPO, MOREMOS EN LAS ALDEAS, LEVANT\u00c9MONOS DE MA\u00d1ANA A LAS VI\u00d1AS, VEAMOS SI BROTAN LAS VIDES, SI EST\u00c1N EN CIERNE\u201d<\/p>\t\t\t\t\t\t\t\t<\/div>\n\t\t\t\t<\/div>\n\t\t\t\t<div class=\"elementor-element elementor-element-07thym5 animated-fast elementor-invisible elementor-widget elementor-widget-text-editor\" data-id=\"07thym5\" data-element_type=\"widget\" data-e-type=\"widget\" data-settings=\"{&quot;_animation&quot;:&quot;fadeIn&quot;}\" data-widget_type=\"text-editor.default\">\n\t\t\t\t<div class=\"elementor-widget-container\">\n\t\t\t\t\t\t\t\t\t<p><strong>(Cantar de los Cantares)<\/strong><\/p>\t\t\t\t\t\t\t\t<\/div>\n\t\t\t\t<\/div>\n\t\t\t\t\t<\/div>\n\t\t<\/div>\n\t\t\t\t\t<\/div>\n\t\t<\/section>\n\t\t\t\t<section class=\"elementor-section elementor-top-section elementor-element elementor-element-6140eba3 elementor-section-full_width elementor-section-height-default elementor-section-height-default\" data-id=\"6140eba3\" data-element_type=\"section\" data-e-type=\"section\" data-settings=\"{&quot;background_background&quot;:&quot;classic&quot;}\">\n\t\t\t\t\t\t<div class=\"elementor-container elementor-column-gap-default\">\n\t\t\t\t\t<div class=\"elementor-column elementor-col-50 elementor-top-column elementor-element elementor-element-39c56812\" data-id=\"39c56812\" data-element_type=\"column\" data-e-type=\"column\">\n\t\t\t<div class=\"elementor-widget-wrap elementor-element-populated\">\n\t\t\t\t\t\t<div class=\"elementor-element elementor-element-4bf15a19 animated-fast elementor-invisible elementor-widget elementor-widget-text-editor\" data-id=\"4bf15a19\" data-element_type=\"widget\" data-e-type=\"widget\" data-settings=\"{&quot;_animation&quot;:&quot;fadeIn&quot;}\" data-widget_type=\"text-editor.default\">\n\t\t\t\t<div class=\"elementor-widget-container\">\n\t\t\t\t\t\t\t\t\t<p>En nuestra bodega creemos que la calidad del vino comienza por los vi\u00f1edos: su altura, las condiciones clim\u00e1ticas, el tipo de tierra y la filosof\u00eda del cultivo del vino \u2013 el \u201cterroir\u201d (terru\u00f1o, parcelas para cultivo \u2013 N. del T.) \u2013 todos ellos tienen influencia directa sobre las uvas y el vino como producto final.<\/p><p>Los vi\u00f1edos de la familia se extienden sobre una superficie de 60 d\u00fanams en las zonas vitivin\u00edcolas m\u00e1s exclusivas de todo el pa\u00eds \u2013 el norte de las Alturas del Gol\u00e1n y la Alta Galilea. Los vi\u00f1edos se levantan a una altura promedio de unos 800 hasta unos 900 metros sobre el nivel del mar.<\/p><p>En las Alturas del Gol\u00e1n, el principal tipo de suelo es el basalto, mientras que en la Alta Galilea los vi\u00f1edos est\u00e1n plantados sobre tierra caliza y \u201cterra rossa\u201d<\/p><p>(tierra roja).<\/p>\t\t\t\t\t\t\t\t<\/div>\n\t\t\t\t<\/div>\n\t\t\t\t\t<\/div>\n\t\t<\/div>\n\t\t\t\t<div class=\"elementor-column elementor-col-50 elementor-top-column elementor-element elementor-element-7092c21e\" data-id=\"7092c21e\" data-element_type=\"column\" data-e-type=\"column\">\n\t\t\t<div class=\"elementor-widget-wrap elementor-element-populated\">\n\t\t\t\t\t\t<div class=\"elementor-element elementor-element-bf3ee0a animated-fast elementor-invisible elementor-widget elementor-widget-image\" data-id=\"bf3ee0a\" data-element_type=\"widget\" data-e-type=\"widget\" data-settings=\"{&quot;_animation&quot;:&quot;fadeIn&quot;}\" data-widget_type=\"image.default\">\n\t\t\t\t<div class=\"elementor-widget-container\">\n\t\t\t\t\t\t\t\t\t\t\t\t\t\t\t<img fetchpriority=\"high\" decoding=\"async\" width=\"800\" height=\"600\" src=\"https:\/\/kitronwinery.com\/wp-content\/uploads\/2018\/01\/P8150021-1024x768.jpg\" class=\"attachment-large size-large wp-image-3804\" alt=\"\" srcset=\"https:\/\/kitronwinery.com\/wp-content\/uploads\/2018\/01\/P8150021-1024x768.jpg 1024w, https:\/\/kitronwinery.com\/wp-content\/uploads\/2018\/01\/P8150021-300x225.jpg 300w, https:\/\/kitronwinery.com\/wp-content\/uploads\/2018\/01\/P8150021-768x576.jpg 768w, https:\/\/kitronwinery.com\/wp-content\/uploads\/2018\/01\/P8150021.jpg 1280w\" sizes=\"(max-width: 800px) 100vw, 800px\" \/>\t\t\t\t\t\t\t\t\t\t\t\t\t\t\t<\/div>\n\t\t\t\t<\/div>\n\t\t\t\t\t<\/div>\n\t\t<\/div>\n\t\t\t\t\t<\/div>\n\t\t<\/section>\n\t\t\t\t<section class=\"elementor-section elementor-top-section elementor-element elementor-element-cc0de2 elementor-section-full_width elementor-reverse-mobile elementor-section-height-default elementor-section-height-default\" data-id=\"cc0de2\" data-element_type=\"section\" data-e-type=\"section\" data-settings=\"{&quot;background_background&quot;:&quot;classic&quot;}\">\n\t\t\t\t\t\t<div class=\"elementor-container elementor-column-gap-default\">\n\t\t\t\t\t<div class=\"elementor-column elementor-col-50 elementor-top-column elementor-element elementor-element-1de8f630\" data-id=\"1de8f630\" data-element_type=\"column\" data-e-type=\"column\">\n\t\t\t<div class=\"elementor-widget-wrap elementor-element-populated\">\n\t\t\t\t\t\t<div class=\"elementor-element elementor-element-khsawhe animated-fast elementor-invisible elementor-widget elementor-widget-image\" data-id=\"khsawhe\" data-element_type=\"widget\" data-e-type=\"widget\" data-settings=\"{&quot;_animation&quot;:&quot;fadeIn&quot;}\" data-widget_type=\"image.default\">\n\t\t\t\t<div class=\"elementor-widget-container\">\n\t\t\t\t\t\t\t\t\t\t\t\t\t\t\t<img decoding=\"async\" src=\"https:\/\/kitronwinery.com\/wp-content\/uploads\/elementor\/thumbs\/Untitled-design-33-pa75m5c6egzka9mw4fs8ormlxpekqgftxlbrxyb6es.jpg\" title=\"Untitled design (33)\" alt=\"Untitled design (33)\" loading=\"lazy\" \/>\t\t\t\t\t\t\t\t\t\t\t\t\t\t\t<\/div>\n\t\t\t\t<\/div>\n\t\t\t\t\t<\/div>\n\t\t<\/div>\n\t\t\t\t<div class=\"elementor-column elementor-col-50 elementor-top-column elementor-element elementor-element-5882f58b\" data-id=\"5882f58b\" data-element_type=\"column\" data-e-type=\"column\">\n\t\t\t<div class=\"elementor-widget-wrap elementor-element-populated\">\n\t\t\t\t\t\t<div class=\"elementor-element elementor-element-52217334 animated-fast elementor-invisible elementor-widget elementor-widget-text-editor\" data-id=\"52217334\" data-element_type=\"widget\" data-e-type=\"widget\" data-settings=\"{&quot;_animation&quot;:&quot;fadeIn&quot;}\" data-widget_type=\"text-editor.default\">\n\t\t\t\t<div class=\"elementor-widget-container\">\n\t\t\t\t\t\t\t\t\t<p>Optamos por plantar las vides por el sistema cl\u00e1sico franc\u00e9s de riego (\u201choyo \u00fanico\u201d) que va dejando una \u00fanica semilla y que es un sistema que se acostumbra en las zonas vitivin\u00edcolas m\u00e1s exclusivas. Este sistema produce una cantidad m\u00e1s reducida de frutos pero de una calidad significativamente mucho mayor y que no es muy conocida en el pa\u00eds.<\/p>\t\t\t\t\t\t\t\t<\/div>\n\t\t\t\t<\/div>\n\t\t\t\t\t<\/div>\n\t\t<\/div>\n\t\t\t\t\t<\/div>\n\t\t<\/section>\n\t\t\t\t<section class=\"elementor-section elementor-top-section elementor-element elementor-element-d7ee832 elementor-section-full_width elementor-section-height-default elementor-section-height-default\" data-id=\"d7ee832\" data-element_type=\"section\" data-e-type=\"section\" data-settings=\"{&quot;background_background&quot;:&quot;classic&quot;}\">\n\t\t\t\t\t\t<div class=\"elementor-container elementor-column-gap-default\">\n\t\t\t\t\t<div class=\"elementor-column elementor-col-50 elementor-top-column elementor-element elementor-element-98f974e\" data-id=\"98f974e\" data-element_type=\"column\" data-e-type=\"column\">\n\t\t\t<div class=\"elementor-widget-wrap elementor-element-populated\">\n\t\t\t\t\t\t<div class=\"elementor-element elementor-element-f1493a2 animated-fast elementor-invisible elementor-widget elementor-widget-text-editor\" data-id=\"f1493a2\" data-element_type=\"widget\" data-e-type=\"widget\" data-settings=\"{&quot;_animation&quot;:&quot;fadeIn&quot;}\" data-widget_type=\"text-editor.default\">\n\t\t\t\t<div class=\"elementor-widget-container\">\n\t\t\t\t\t\t\t\t\t<p>Las uvas de los vi\u00f1edos se cosechan manualmente en medio de la noche y se transportan directamente a la bodega para conservarla en \u00f3ptima calidad. Cada vi\u00f1edo y tipo de uva se cosechan por separado, para conservar la homogeneidad de la materia prima en el proceso de la maduraci\u00f3n y la preservaci\u00f3n de sus caracter\u00edsticas exclusivas.<\/p><p>El hilo conectivo entre el cuidado de los vi\u00f1edos, su ubicaci\u00f3n geogr\u00e1fica y por sobre todo \u2013 la creaci\u00f3n con amor, este sistema familiar y exclusivo nos permite crear vinos con car\u00e1cter exclusivo y apasionante y que cuentan sobre la exclusividad de la regi\u00f3n de la que provienen.<\/p>\t\t\t\t\t\t\t\t<\/div>\n\t\t\t\t<\/div>\n\t\t\t\t\t<\/div>\n\t\t<\/div>\n\t\t\t\t<div class=\"elementor-column elementor-col-50 elementor-top-column elementor-element elementor-element-35f53bb\" data-id=\"35f53bb\" data-element_type=\"column\" data-e-type=\"column\">\n\t\t\t<div class=\"elementor-widget-wrap elementor-element-populated\">\n\t\t\t\t\t\t<div class=\"elementor-element elementor-element-a309c0b animated-fast elementor-invisible elementor-widget elementor-widget-image\" data-id=\"a309c0b\" data-element_type=\"widget\" data-e-type=\"widget\" data-settings=\"{&quot;_animation&quot;:&quot;fadeIn&quot;}\" data-widget_type=\"image.default\">\n\t\t\t\t<div class=\"elementor-widget-container\">\n\t\t\t\t\t\t\t\t\t\t\t\t\t\t\t<img decoding=\"async\" width=\"800\" height=\"600\" src=\"https:\/\/kitronwinery.com\/wp-content\/uploads\/2017\/12\/Untitled-design-32.jpg\" class=\"attachment-full size-full wp-image-3453\" alt=\"\" srcset=\"https:\/\/kitronwinery.com\/wp-content\/uploads\/2017\/12\/Untitled-design-32.jpg 800w, https:\/\/kitronwinery.com\/wp-content\/uploads\/2017\/12\/Untitled-design-32-300x225.jpg 300w, https:\/\/kitronwinery.com\/wp-content\/uploads\/2017\/12\/Untitled-design-32-768x576.jpg 768w\" sizes=\"(max-width: 800px) 100vw, 800px\" \/>\t\t\t\t\t\t\t\t\t\t\t\t\t\t\t<\/div>\n\t\t\t\t<\/div>\n\t\t\t\t\t<\/div>\n\t\t<\/div>\n\t\t\t\t\t<\/div>\n\t\t<\/section>\n\t\t\t\t<\/div>\n\t\t","protected":false},"excerpt":{"rendered":"<p>LOS VI\u00d1EDOS DE LA FAMILIA \u201cVEN, OH, AMADO M\u00cdO, SALGAMOS AL CAMPO, MOREMOS EN LAS ALDEAS, LEVANT\u00c9MONOS DE MA\u00d1ANA A LAS VI\u00d1AS, VEAMOS SI BROTAN LAS VIDES, SI EST\u00c1N EN CIERNE\u201d (Cantar de los Cantares) En nuestra bodega creemos que la calidad del vino comienza por los vi\u00f1edos: su altura, las condiciones clim\u00e1ticas, el tipo [&hellip;]<\/p>\n","protected":false},"author":3,"featured_media":0,"parent":0,"menu_order":0,"comment_status":"closed","ping_status":"closed","template":"","meta":{"footnotes":""},"class_list":["post-4021","page","type-page","status-publish","hentry"],"_links":{"self":[{"href":"https:\/\/kitronwinery.com\/es\/wp-json\/wp\/v2\/pages\/4021","targetHints":{"allow":["GET"]}}],"collection":[{"href":"https:\/\/kitronwinery.com\/es\/wp-json\/wp\/v2\/pages"}],"about":[{"href":"https:\/\/kitronwinery.com\/es\/wp-json\/wp\/v2\/types\/page"}],"author":[{"embeddable":true,"href":"https:\/\/kitronwinery.com\/es\/wp-json\/wp\/v2\/users\/3"}],"replies":[{"embeddable":true,"href":"https:\/\/kitronwinery.com\/es\/wp-json\/wp\/v2\/comments?post=4021"}],"version-history":[{"count":4,"href":"https:\/\/kitronwinery.com\/es\/wp-json\/wp\/v2\/pages\/4021\/revisions"}],"predecessor-version":[{"id":4168,"href":"https:\/\/kitronwinery.com\/es\/wp-json\/wp\/v2\/pages\/4021\/revisions\/4168"}],"wp:attachment":[{"href":"https:\/\/kitronwinery.com\/es\/wp-json\/wp\/v2\/media?parent=4021"}],"curies":[{"name":"wp","href":"https:\/\/api.w.org\/{rel}","templated":true}]}}