{"id":4030,"date":"2018-02-22T16:24:31","date_gmt":"2018-02-22T16:24:31","guid":{"rendered":"https:\/\/kitronwinery.com\/%d7%9e%d7%a8%d7%9b%d7%96-%d7%94%d7%9e%d7%91%d7%a7%d7%a8%d7%99%d7%9d-copy\/"},"modified":"2021-07-20T11:23:15","modified_gmt":"2021-07-20T11:23:15","slug":"centro-de-visitantes","status":"publish","type":"page","link":"https:\/\/kitronwinery.com\/es\/centro-de-visitantes\/","title":{"rendered":"CENTRO DE VISITANTES"},"content":{"rendered":"\t\t<div data-elementor-type=\"wp-page\" data-elementor-id=\"4030\" class=\"elementor elementor-4030 elementor-3463\" data-elementor-post-type=\"page\">\n\t\t\t\t\t\t<section class=\"elementor-section elementor-top-section elementor-element elementor-element-ysyjlzx elementor-section-full_width elementor-section-height-min-height elementor-section-items-stretch page-banner elementor-section-height-default\" data-id=\"ysyjlzx\" data-element_type=\"section\" data-e-type=\"section\" data-settings=\"{&quot;background_background&quot;:&quot;classic&quot;}\">\n\t\t\t\t\t\t\t<div class=\"elementor-background-overlay\"><\/div>\n\t\t\t\t\t\t\t<div class=\"elementor-container elementor-column-gap-default\">\n\t\t\t\t\t<div class=\"elementor-column elementor-col-100 elementor-top-column elementor-element elementor-element-bucdvij\" data-id=\"bucdvij\" data-element_type=\"column\" data-e-type=\"column\" data-settings=\"{&quot;background_background&quot;:&quot;gradient&quot;}\">\n\t\t\t<div class=\"elementor-widget-wrap elementor-element-populated\">\n\t\t\t\t\t<div class=\"elementor-background-overlay\"><\/div>\n\t\t\t\t\t\t<div class=\"elementor-element elementor-element-ciwvbcb elementor-invisible elementor-widget elementor-widget-text-editor\" data-id=\"ciwvbcb\" data-element_type=\"widget\" data-e-type=\"widget\" data-settings=\"{&quot;_animation&quot;:&quot;fadeInDown&quot;}\" data-widget_type=\"text-editor.default\">\n\t\t\t\t<div class=\"elementor-widget-container\">\n\t\t\t\t\t\t\t\t\t<p>CENTRO DE VISITANTES<\/p>\t\t\t\t\t\t\t\t<\/div>\n\t\t\t\t<\/div>\n\t\t\t\t<div class=\"elementor-element elementor-element-5d2a2e2 animated-slow elementor-view-default elementor-invisible elementor-widget elementor-widget-global elementor-global-3158 elementor-widget-icon\" data-id=\"5d2a2e2\" data-element_type=\"widget\" data-e-type=\"widget\" id=\"scroll-page\" data-settings=\"{&quot;_animation&quot;:&quot;zoomIn&quot;}\" data-widget_type=\"icon.default\">\n\t\t\t\t<div class=\"elementor-widget-container\">\n\t\t\t\t\t\t\t<div class=\"elementor-icon-wrapper\">\n\t\t\t<a class=\"elementor-icon\" href=\"#scroll-page\">\n\t\t\t\t\t\t\t<i class=\"fa fa-arrow-down\" aria-hidden=\"true\"><\/i>\n\t\t\t\t\t\t<\/a>\n\t\t<\/div>\n\t\t\t\t\t\t<\/div>\n\t\t\t\t<\/div>\n\t\t\t\t\t<\/div>\n\t\t<\/div>\n\t\t\t\t\t<\/div>\n\t\t<\/section>\n\t\t\t\t<section class=\"elementor-section elementor-top-section elementor-element elementor-element-48bf29a4 elementor-section-full_width elementor-section-height-default elementor-section-height-default\" data-id=\"48bf29a4\" data-element_type=\"section\" data-e-type=\"section\" data-settings=\"{&quot;background_background&quot;:&quot;classic&quot;}\">\n\t\t\t\t\t\t<div class=\"elementor-container elementor-column-gap-default\">\n\t\t\t\t\t<div class=\"elementor-column elementor-col-50 elementor-top-column elementor-element elementor-element-3ccff3b2\" data-id=\"3ccff3b2\" data-element_type=\"column\" data-e-type=\"column\">\n\t\t\t<div class=\"elementor-widget-wrap elementor-element-populated\">\n\t\t\t\t\t\t<div class=\"elementor-element elementor-element-4ba2f8a6 animated-fast elementor-invisible elementor-widget elementor-widget-text-editor\" data-id=\"4ba2f8a6\" data-element_type=\"widget\" data-e-type=\"widget\" data-settings=\"{&quot;_animation&quot;:&quot;fadeIn&quot;}\" data-widget_type=\"text-editor.default\">\n\t\t\t\t<div class=\"elementor-widget-container\">\n\t\t\t\t\t\t\t\t\t<p>Las puertas de nuestra bodega est\u00e1n abiertas ante todos. Las visitas guiadas que organizamos son una ventana abierta a nuestro credo en el mundo de los vinos, y hacen que nuestros visitantes se encuentren con nuestro sistema de producci\u00f3n, exclusivo en el mundo \u2013 la gravitaci\u00f3n. En cada encuentro, organizado cada vez por otro miembro de la familia, combinamos el conocimiento de nuestro camino y nuestra meta con degustaciones profesionales, adaptaci\u00f3n de vinos a los distintos tipos de comidas y aportes a la cultura general de todos los amantes del vino. Cada visita guiada es un paseo apasionante que les dar\u00e1 la oportunidad de sentir lo exclusivo y lo exacto de cada uno de los vinos y experimentar la profunda conexi\u00f3n existente entre nosotros y la Galilea y la historia a trav\u00e9s de las generaciones pasadas.<br \/>Existen varias opciones de recepci\u00f3n que se adaptan al tiempo del que disponen y al n\u00famero de personas que forman el grupo con el que lleguen.<\/p>\t\t\t\t\t\t\t\t<\/div>\n\t\t\t\t<\/div>\n\t\t\t\t\t<\/div>\n\t\t<\/div>\n\t\t\t\t<div class=\"elementor-column elementor-col-50 elementor-top-column elementor-element elementor-element-60cc6b81\" data-id=\"60cc6b81\" data-element_type=\"column\" data-e-type=\"column\">\n\t\t\t<div class=\"elementor-widget-wrap elementor-element-populated\">\n\t\t\t\t\t\t<div class=\"elementor-element elementor-element-lcfmyrx animated-fast elementor-invisible elementor-widget elementor-widget-image\" data-id=\"lcfmyrx\" data-element_type=\"widget\" data-e-type=\"widget\" data-settings=\"{&quot;_animation&quot;:&quot;fadeIn&quot;}\" data-widget_type=\"image.default\">\n\t\t\t\t<div class=\"elementor-widget-container\">\n\t\t\t\t\t\t\t\t\t\t\t\t\t\t\t<img fetchpriority=\"high\" decoding=\"async\" width=\"800\" height=\"600\" src=\"https:\/\/kitronwinery.com\/wp-content\/uploads\/2017\/12\/Untitled-design-30.jpg\" class=\"attachment-full size-full wp-image-3445\" alt=\"\" srcset=\"https:\/\/kitronwinery.com\/wp-content\/uploads\/2017\/12\/Untitled-design-30.jpg 800w, https:\/\/kitronwinery.com\/wp-content\/uploads\/2017\/12\/Untitled-design-30-300x225.jpg 300w, https:\/\/kitronwinery.com\/wp-content\/uploads\/2017\/12\/Untitled-design-30-768x576.jpg 768w\" sizes=\"(max-width: 800px) 100vw, 800px\" \/>\t\t\t\t\t\t\t\t\t\t\t\t\t\t\t<\/div>\n\t\t\t\t<\/div>\n\t\t\t\t\t<\/div>\n\t\t<\/div>\n\t\t\t\t\t<\/div>\n\t\t<\/section>\n\t\t\t\t<section class=\"elementor-section elementor-top-section elementor-element elementor-element-4c92dc9d elementor-section-full_width elementor-reverse-mobile elementor-section-height-default elementor-section-height-default\" data-id=\"4c92dc9d\" data-element_type=\"section\" data-e-type=\"section\" data-settings=\"{&quot;background_background&quot;:&quot;classic&quot;}\">\n\t\t\t\t\t\t<div class=\"elementor-container elementor-column-gap-default\">\n\t\t\t\t\t<div class=\"elementor-column elementor-col-50 elementor-top-column elementor-element elementor-element-45fb740c\" data-id=\"45fb740c\" data-element_type=\"column\" data-e-type=\"column\">\n\t\t\t<div class=\"elementor-widget-wrap elementor-element-populated\">\n\t\t\t\t\t\t<div class=\"elementor-element elementor-element-hbdpnuw animated-fast elementor-invisible elementor-widget elementor-widget-image\" data-id=\"hbdpnuw\" data-element_type=\"widget\" data-e-type=\"widget\" data-settings=\"{&quot;_animation&quot;:&quot;fadeIn&quot;}\" data-widget_type=\"image.default\">\n\t\t\t\t<div class=\"elementor-widget-container\">\n\t\t\t\t\t\t\t\t\t\t\t\t\t\t\t<img decoding=\"async\" width=\"800\" height=\"534\" src=\"https:\/\/kitronwinery.com\/wp-content\/uploads\/2018\/02\/\u05d0\u05ea\u05e8.jpg\" class=\"attachment-large size-large wp-image-3880\" alt=\"\" srcset=\"https:\/\/kitronwinery.com\/wp-content\/uploads\/2018\/02\/\u05d0\u05ea\u05e8.jpg 800w, https:\/\/kitronwinery.com\/wp-content\/uploads\/2018\/02\/\u05d0\u05ea\u05e8-300x200.jpg 300w, https:\/\/kitronwinery.com\/wp-content\/uploads\/2018\/02\/\u05d0\u05ea\u05e8-768x513.jpg 768w\" sizes=\"(max-width: 800px) 100vw, 800px\" \/>\t\t\t\t\t\t\t\t\t\t\t\t\t\t\t<\/div>\n\t\t\t\t<\/div>\n\t\t\t\t\t<\/div>\n\t\t<\/div>\n\t\t\t\t<div class=\"elementor-column elementor-col-50 elementor-top-column elementor-element elementor-element-14c6fcef\" data-id=\"14c6fcef\" data-element_type=\"column\" data-e-type=\"column\">\n\t\t\t<div class=\"elementor-widget-wrap elementor-element-populated\">\n\t\t\t\t\t\t<div class=\"elementor-element elementor-element-03b7c3c elementor-widget elementor-widget-image\" data-id=\"03b7c3c\" data-element_type=\"widget\" data-e-type=\"widget\" data-widget_type=\"image.default\">\n\t\t\t\t<div class=\"elementor-widget-container\">\n\t\t\t\t\t\t\t\t\t\t\t\t\t\t\t<img decoding=\"async\" width=\"160\" height=\"120\" src=\"https:\/\/kitronwinery.com\/wp-content\/uploads\/2018\/02\/\u05d0\u05d9\u05d5\u05e8-123.gif\" class=\"attachment-large size-large wp-image-3851\" alt=\"\" \/>\t\t\t\t\t\t\t\t\t\t\t\t\t\t\t<\/div>\n\t\t\t\t<\/div>\n\t\t\t\t<div class=\"elementor-element elementor-element-277d127 animated-fast elementor-invisible elementor-widget elementor-widget-heading\" data-id=\"277d127\" data-element_type=\"widget\" data-e-type=\"widget\" data-settings=\"{&quot;_animation&quot;:&quot;fadeIn&quot;}\" data-widget_type=\"heading.default\">\n\t\t\t\t<div class=\"elementor-widget-container\">\n\t\t\t\t\t<h4 class=\"elementor-heading-title elementor-size-large\">Recorrido cl\u00e1sico <\/h4>\t\t\t\t<\/div>\n\t\t\t\t<\/div>\n\t\t\t\t<div class=\"elementor-element elementor-element-1cbf717d animated-fast elementor-invisible elementor-widget elementor-widget-text-editor\" data-id=\"1cbf717d\" data-element_type=\"widget\" data-e-type=\"widget\" data-settings=\"{&quot;_animation&quot;:&quot;fadeIn&quot;}\" data-widget_type=\"text-editor.default\">\n\t\t\t\t<div class=\"elementor-widget-container\">\n\t\t\t\t\t\t\t\t\t<p>visita guiada que incluye una explicaci\u00f3n sobre el proceso de la elaboraci\u00f3n del vino, visita al s\u00f3tano de los toneles excavado en la roca y degustaci\u00f3n de 3 tipos de vino.<br \/>Los vinos se sirven acompa\u00f1ados de un refrigerio liviano.<br \/>Duraci\u00f3n de la visita: 45 minutos aproximadamente.<br \/>Las visitas se efect\u00faan en base a lugares disponibles.<\/p>\t\t\t\t\t\t\t\t<\/div>\n\t\t\t\t<\/div>\n\t\t\t\t\t<\/div>\n\t\t<\/div>\n\t\t\t\t\t<\/div>\n\t\t<\/section>\n\t\t\t\t<section class=\"elementor-section elementor-top-section elementor-element elementor-element-a5e212d elementor-section-full_width elementor-section-height-default elementor-section-height-default\" data-id=\"a5e212d\" data-element_type=\"section\" data-e-type=\"section\" data-settings=\"{&quot;background_background&quot;:&quot;classic&quot;}\">\n\t\t\t\t\t\t<div class=\"elementor-container elementor-column-gap-default\">\n\t\t\t\t\t<div class=\"elementor-column elementor-col-50 elementor-top-column elementor-element elementor-element-ca81f59\" data-id=\"ca81f59\" data-element_type=\"column\" data-e-type=\"column\">\n\t\t\t<div class=\"elementor-widget-wrap elementor-element-populated\">\n\t\t\t\t\t\t<div class=\"elementor-element elementor-element-4f16cb4 elementor-widget elementor-widget-image\" data-id=\"4f16cb4\" data-element_type=\"widget\" data-e-type=\"widget\" data-widget_type=\"image.default\">\n\t\t\t\t<div class=\"elementor-widget-container\">\n\t\t\t\t\t\t\t\t\t\t\t\t\t\t\t<img decoding=\"async\" width=\"160\" height=\"120\" src=\"https:\/\/kitronwinery.com\/wp-content\/uploads\/2018\/02\/\u05d0\u05d9\u05d5\u05e8-123.gif\" class=\"attachment-large size-large wp-image-3851\" alt=\"\" \/>\t\t\t\t\t\t\t\t\t\t\t\t\t\t\t<\/div>\n\t\t\t\t<\/div>\n\t\t\t\t<div class=\"elementor-element elementor-element-6ff6c9c animated-fast elementor-invisible elementor-widget elementor-widget-heading\" data-id=\"6ff6c9c\" data-element_type=\"widget\" data-e-type=\"widget\" data-settings=\"{&quot;_animation&quot;:&quot;fadeIn&quot;}\" data-widget_type=\"heading.default\">\n\t\t\t\t<div class=\"elementor-widget-container\">\n\t\t\t\t\t<h4 class=\"elementor-heading-title elementor-size-large\">Recorrido VIP <\/h4>\t\t\t\t<\/div>\n\t\t\t\t<\/div>\n\t\t\t\t<div class=\"elementor-element elementor-element-ab5c651 animated-fast elementor-invisible elementor-widget elementor-widget-text-editor\" data-id=\"ab5c651\" data-element_type=\"widget\" data-e-type=\"widget\" data-settings=\"{&quot;_animation&quot;:&quot;fadeIn&quot;}\" data-widget_type=\"text-editor.default\">\n\t\t\t\t<div class=\"elementor-widget-container\">\n\t\t\t\t\t\t\t\t\t<p>visita guiada que permite el acceso a secretos y relatos que se esconden detr\u00e1s de la bodega, y que otorga una amplia visi\u00f3n de nuestros quehaceres.<br \/>La visita incluye: visita profesional a la bodega, una rese\u00f1a integral del exclusivo sistema de producci\u00f3n, y una degustaci\u00f3n de vinos que completa el cuadro.<br \/>Duraci\u00f3n del recorrido: una hora y media aproximadamente.<br \/>La visita incluye un rico refrigerio a base de productos locales a efectos de producir armon\u00eda y una exposici\u00f3n exacta a los taninos que contiene cada uno de los vinos \u2013 platos de quesos de cabra, bocadillos de at\u00fan ahumado, entremeses picantes, salsas de la Galilea, etc.<br \/>El recorrido se lleva a cabo reservando de antemano y en base a lugares disponibles.<\/p>\t\t\t\t\t\t\t\t<\/div>\n\t\t\t\t<\/div>\n\t\t\t\t\t<\/div>\n\t\t<\/div>\n\t\t\t\t<div class=\"elementor-column elementor-col-50 elementor-top-column elementor-element elementor-element-c026c1c\" data-id=\"c026c1c\" data-element_type=\"column\" data-e-type=\"column\">\n\t\t\t<div class=\"elementor-widget-wrap elementor-element-populated\">\n\t\t\t\t\t\t<div class=\"elementor-element elementor-element-5507ce8 animated-fast elementor-invisible elementor-widget elementor-widget-image\" data-id=\"5507ce8\" data-element_type=\"widget\" data-e-type=\"widget\" data-settings=\"{&quot;_animation&quot;:&quot;fadeIn&quot;}\" data-widget_type=\"image.default\">\n\t\t\t\t<div class=\"elementor-widget-container\">\n\t\t\t\t\t\t\t\t\t\t\t\t\t\t\t<img decoding=\"async\" src=\"https:\/\/kitronwinery.com\/wp-content\/uploads\/2018\/05\/IMG-9255.jpg\" title=\"\" alt=\"\" loading=\"lazy\" \/>\t\t\t\t\t\t\t\t\t\t\t\t\t\t\t<\/div>\n\t\t\t\t<\/div>\n\t\t\t\t\t<\/div>\n\t\t<\/div>\n\t\t\t\t\t<\/div>\n\t\t<\/section>\n\t\t\t\t<section class=\"elementor-section elementor-top-section elementor-element elementor-element-2d69dc0 elementor-section-full_width elementor-reverse-mobile elementor-section-height-default elementor-section-height-default\" data-id=\"2d69dc0\" data-element_type=\"section\" data-e-type=\"section\" data-settings=\"{&quot;background_background&quot;:&quot;classic&quot;}\">\n\t\t\t\t\t\t<div class=\"elementor-container elementor-column-gap-default\">\n\t\t\t\t\t<div class=\"elementor-column elementor-col-50 elementor-top-column elementor-element elementor-element-ffde263\" data-id=\"ffde263\" data-element_type=\"column\" data-e-type=\"column\">\n\t\t\t<div class=\"elementor-widget-wrap elementor-element-populated\">\n\t\t\t\t\t\t<div class=\"elementor-element elementor-element-7d5d7aa animated-fast elementor-invisible elementor-widget elementor-widget-image\" data-id=\"7d5d7aa\" data-element_type=\"widget\" data-e-type=\"widget\" data-settings=\"{&quot;_animation&quot;:&quot;fadeIn&quot;}\" data-widget_type=\"image.default\">\n\t\t\t\t<div class=\"elementor-widget-container\">\n\t\t\t\t\t\t\t\t\t\t\t\t\t\t\t<img loading=\"lazy\" decoding=\"async\" width=\"800\" height=\"584\" src=\"https:\/\/kitronwinery.com\/wp-content\/uploads\/2018\/01\/IMG-7846-1-1024x747.jpg\" class=\"attachment-large size-large wp-image-3706\" alt=\"\" srcset=\"https:\/\/kitronwinery.com\/wp-content\/uploads\/2018\/01\/IMG-7846-1-1024x747.jpg 1024w, https:\/\/kitronwinery.com\/wp-content\/uploads\/2018\/01\/IMG-7846-1-300x219.jpg 300w, https:\/\/kitronwinery.com\/wp-content\/uploads\/2018\/01\/IMG-7846-1-768x560.jpg 768w, https:\/\/kitronwinery.com\/wp-content\/uploads\/2018\/01\/IMG-7846-1.jpg 1242w\" sizes=\"(max-width: 800px) 100vw, 800px\" \/>\t\t\t\t\t\t\t\t\t\t\t\t\t\t\t<\/div>\n\t\t\t\t<\/div>\n\t\t\t\t\t<\/div>\n\t\t<\/div>\n\t\t\t\t<div class=\"elementor-column elementor-col-50 elementor-top-column elementor-element elementor-element-e257c14\" data-id=\"e257c14\" data-element_type=\"column\" data-e-type=\"column\">\n\t\t\t<div class=\"elementor-widget-wrap elementor-element-populated\">\n\t\t\t\t\t\t<div class=\"elementor-element elementor-element-81d44ab elementor-widget elementor-widget-image\" data-id=\"81d44ab\" data-element_type=\"widget\" data-e-type=\"widget\" data-widget_type=\"image.default\">\n\t\t\t\t<div class=\"elementor-widget-container\">\n\t\t\t\t\t\t\t\t\t\t\t\t\t\t\t<img decoding=\"async\" width=\"160\" height=\"120\" src=\"https:\/\/kitronwinery.com\/wp-content\/uploads\/2018\/02\/\u05d0\u05d9\u05d5\u05e8-123.gif\" class=\"attachment-large size-large wp-image-3851\" alt=\"\" \/>\t\t\t\t\t\t\t\t\t\t\t\t\t\t\t<\/div>\n\t\t\t\t<\/div>\n\t\t\t\t<div class=\"elementor-element elementor-element-23f863f elementor-widget elementor-widget-heading\" data-id=\"23f863f\" data-element_type=\"widget\" data-e-type=\"widget\" data-widget_type=\"heading.default\">\n\t\t\t\t<div class=\"elementor-widget-container\">\n\t\t\t\t\t<h4 class=\"elementor-heading-title elementor-size-large\">Recorrido culinario <\/h4>\t\t\t\t<\/div>\n\t\t\t\t<\/div>\n\t\t\t\t<div class=\"elementor-element elementor-element-7c65f45 elementor-widget elementor-widget-text-editor\" data-id=\"7c65f45\" data-element_type=\"widget\" data-e-type=\"widget\" data-widget_type=\"text-editor.default\">\n\t\t\t\t<div class=\"elementor-widget-container\">\n\t\t\t\t\t\t\t\t\t<p>se trata de un recorrido integral y profesional, que combina una comida l\u00e1ctea, preparada especialmente para ustedes si se la solicita de antemano. La recepci\u00f3n comienza con un recorrido por los distintos rincones de la bodega y contin\u00faa con una comida servida en una galer\u00eda privada, con vista por un lado a nuestro exclusivo sistema de gravitaci\u00f3n y por el otro, a trav\u00e9s de un ventanal panor\u00e1mico, al inconmensurable paisaje de la Galilea. La recepci\u00f3n dura unas dos<\/p><p>horas y el recorrido se lleva a cabo en base a reserva por anticipado. El men\u00fa de la recepci\u00f3n podr\u00e1 recibirse a solicitud previa.<\/p>\t\t\t\t\t\t\t\t<\/div>\n\t\t\t\t<\/div>\n\t\t\t\t\t<\/div>\n\t\t<\/div>\n\t\t\t\t\t<\/div>\n\t\t<\/section>\n\t\t\t\t<\/div>\n\t\t","protected":false},"excerpt":{"rendered":"<p>CENTRO DE VISITANTES Las puertas de nuestra bodega est\u00e1n abiertas ante todos. Las visitas guiadas que organizamos son una ventana abierta a nuestro credo en el mundo de los vinos, y hacen que nuestros visitantes se encuentren con nuestro sistema de producci\u00f3n, exclusivo en el mundo \u2013 la gravitaci\u00f3n. En cada encuentro, organizado cada vez [&hellip;]<\/p>\n","protected":false},"author":3,"featured_media":0,"parent":0,"menu_order":0,"comment_status":"closed","ping_status":"closed","template":"","meta":{"footnotes":""},"class_list":["post-4030","page","type-page","status-publish","hentry"],"_links":{"self":[{"href":"https:\/\/kitronwinery.com\/es\/wp-json\/wp\/v2\/pages\/4030","targetHints":{"allow":["GET"]}}],"collection":[{"href":"https:\/\/kitronwinery.com\/es\/wp-json\/wp\/v2\/pages"}],"about":[{"href":"https:\/\/kitronwinery.com\/es\/wp-json\/wp\/v2\/types\/page"}],"author":[{"embeddable":true,"href":"https:\/\/kitronwinery.com\/es\/wp-json\/wp\/v2\/users\/3"}],"replies":[{"embeddable":true,"href":"https:\/\/kitronwinery.com\/es\/wp-json\/wp\/v2\/comments?post=4030"}],"version-history":[{"count":5,"href":"https:\/\/kitronwinery.com\/es\/wp-json\/wp\/v2\/pages\/4030\/revisions"}],"predecessor-version":[{"id":4365,"href":"https:\/\/kitronwinery.com\/es\/wp-json\/wp\/v2\/pages\/4030\/revisions\/4365"}],"wp:attachment":[{"href":"https:\/\/kitronwinery.com\/es\/wp-json\/wp\/v2\/media?parent=4030"}],"curies":[{"name":"wp","href":"https:\/\/api.w.org\/{rel}","templated":true}]}}