{"id":4033,"date":"2018-02-22T16:27:34","date_gmt":"2018-02-22T16:27:34","guid":{"rendered":"https:\/\/kitronwinery.com\/%d7%90%d7%99%d7%a8%d7%95%d7%a2%d7%99%d7%9d-%d7%95%d7%9b%d7%a0%d7%a1%d7%99%d7%9d-%d7%91%d7%9b%d7%a4%d7%a8-%d7%94%d7%99%d7%99%d7%9f-%e2%80%8b-copy\/"},"modified":"2021-07-20T11:23:15","modified_gmt":"2021-07-20T11:23:15","slug":"eventos-en-la-aldea-de-los-vinos","status":"publish","type":"page","link":"https:\/\/kitronwinery.com\/es\/eventos-en-la-aldea-de-los-vinos\/","title":{"rendered":"EVENTOS EN LA ALDEA DE LOS VINOS"},"content":{"rendered":"\t\t<div data-elementor-type=\"wp-page\" data-elementor-id=\"4033\" class=\"elementor elementor-4033 elementor-3495\" data-elementor-post-type=\"page\">\n\t\t\t\t\t\t<section class=\"elementor-section elementor-top-section elementor-element elementor-element-ysyjlzx elementor-section-full_width elementor-section-height-min-height elementor-section-items-stretch page-banner elementor-section-height-default\" data-id=\"ysyjlzx\" data-element_type=\"section\" data-e-type=\"section\" data-settings=\"{&quot;background_background&quot;:&quot;classic&quot;}\">\n\t\t\t\t\t\t\t<div class=\"elementor-background-overlay\"><\/div>\n\t\t\t\t\t\t\t<div class=\"elementor-container elementor-column-gap-default\">\n\t\t\t\t\t<div class=\"elementor-column elementor-col-100 elementor-top-column elementor-element elementor-element-bucdvij\" data-id=\"bucdvij\" data-element_type=\"column\" data-e-type=\"column\" data-settings=\"{&quot;background_background&quot;:&quot;gradient&quot;}\">\n\t\t\t<div class=\"elementor-widget-wrap elementor-element-populated\">\n\t\t\t\t\t<div class=\"elementor-background-overlay\"><\/div>\n\t\t\t\t\t\t<div class=\"elementor-element elementor-element-ciwvbcb elementor-invisible elementor-widget elementor-widget-text-editor\" data-id=\"ciwvbcb\" data-element_type=\"widget\" data-e-type=\"widget\" data-settings=\"{&quot;_animation&quot;:&quot;fadeInDown&quot;}\" data-widget_type=\"text-editor.default\">\n\t\t\t\t<div class=\"elementor-widget-container\">\n\t\t\t\t\t\t\t\t\t<p>EVENTOS EN LA ALDEA DE LOS VINOS<\/p>\t\t\t\t\t\t\t\t<\/div>\n\t\t\t\t<\/div>\n\t\t\t\t<div class=\"elementor-element elementor-element-5d2a2e2 animated-slow elementor-view-default elementor-invisible elementor-widget elementor-widget-global elementor-global-3158 elementor-widget-icon\" data-id=\"5d2a2e2\" data-element_type=\"widget\" data-e-type=\"widget\" id=\"scroll-page\" data-settings=\"{&quot;_animation&quot;:&quot;zoomIn&quot;}\" data-widget_type=\"icon.default\">\n\t\t\t\t<div class=\"elementor-widget-container\">\n\t\t\t\t\t\t\t<div class=\"elementor-icon-wrapper\">\n\t\t\t<a class=\"elementor-icon\" href=\"#scroll-page\">\n\t\t\t\t\t\t\t<i class=\"fa fa-arrow-down\" aria-hidden=\"true\"><\/i>\n\t\t\t\t\t\t<\/a>\n\t\t<\/div>\n\t\t\t\t\t\t<\/div>\n\t\t\t\t<\/div>\n\t\t\t\t\t<\/div>\n\t\t<\/div>\n\t\t\t\t\t<\/div>\n\t\t<\/section>\n\t\t\t\t<section class=\"elementor-section elementor-top-section elementor-element elementor-element-48bf29a4 elementor-section-full_width elementor-section-height-default elementor-section-height-default\" data-id=\"48bf29a4\" data-element_type=\"section\" data-e-type=\"section\" data-settings=\"{&quot;background_background&quot;:&quot;classic&quot;}\">\n\t\t\t\t\t\t<div class=\"elementor-container elementor-column-gap-default\">\n\t\t\t\t\t<div class=\"elementor-column elementor-col-50 elementor-top-column elementor-element elementor-element-3ccff3b2\" data-id=\"3ccff3b2\" data-element_type=\"column\" data-e-type=\"column\">\n\t\t\t<div class=\"elementor-widget-wrap elementor-element-populated\">\n\t\t\t\t\t\t<div class=\"elementor-element elementor-element-4ba2f8a6 animated-slow elementor-invisible elementor-widget elementor-widget-text-editor\" data-id=\"4ba2f8a6\" data-element_type=\"widget\" data-e-type=\"widget\" data-settings=\"{&quot;_animation&quot;:&quot;fadeIn&quot;}\" data-widget_type=\"text-editor.default\">\n\t\t\t\t<div class=\"elementor-widget-container\">\n\t\t\t\t\t\t\t\t\t<p>La aldea est\u00e1 ubicada muy cerca de la localidad de Hoshayah, que se encuentra a los pies de la zona vitivin\u00edcola de la Galilea. El poder de la naturaleza, la historia apasionante, la construcci\u00f3n exclusiva, el paisaje de la Galilea que puede apreciarse alrededor y la filosof\u00eda de producci\u00f3n \u00fanica en el pa\u00eds y de las pocas existentes en el mundo crean una armon\u00eda entre lo antiguo y lo moderno, poniendo \u00e9nfasis en el profesionalismo, la exactitud y la est\u00e9tica.<\/p>\t\t\t\t\t\t\t\t<\/div>\n\t\t\t\t<\/div>\n\t\t\t\t\t<\/div>\n\t\t<\/div>\n\t\t\t\t<div class=\"elementor-column elementor-col-50 elementor-top-column elementor-element elementor-element-60cc6b81\" data-id=\"60cc6b81\" data-element_type=\"column\" data-e-type=\"column\">\n\t\t\t<div class=\"elementor-widget-wrap elementor-element-populated\">\n\t\t\t\t\t\t<div class=\"elementor-element elementor-element-lcfmyrx animated-slow elementor-invisible elementor-widget elementor-widget-image\" data-id=\"lcfmyrx\" data-element_type=\"widget\" data-e-type=\"widget\" data-settings=\"{&quot;_animation&quot;:&quot;fadeIn&quot;}\" data-widget_type=\"image.default\">\n\t\t\t\t<div class=\"elementor-widget-container\">\n\t\t\t\t\t\t\t\t\t\t\t\t\t\t\t<img fetchpriority=\"high\" decoding=\"async\" width=\"800\" height=\"534\" src=\"https:\/\/kitronwinery.com\/wp-content\/uploads\/2018\/02\/IMG_5385-1024x683.jpg\" class=\"attachment-large size-large wp-image-3876\" alt=\"\" srcset=\"https:\/\/kitronwinery.com\/wp-content\/uploads\/2018\/02\/IMG_5385-1024x683.jpg 1024w, https:\/\/kitronwinery.com\/wp-content\/uploads\/2018\/02\/IMG_5385-300x200.jpg 300w, https:\/\/kitronwinery.com\/wp-content\/uploads\/2018\/02\/IMG_5385-768x512.jpg 768w\" sizes=\"(max-width: 800px) 100vw, 800px\" \/>\t\t\t\t\t\t\t\t\t\t\t\t\t\t\t<\/div>\n\t\t\t\t<\/div>\n\t\t\t\t\t<\/div>\n\t\t<\/div>\n\t\t\t\t\t<\/div>\n\t\t<\/section>\n\t\t\t\t<section class=\"elementor-section elementor-top-section elementor-element elementor-element-4c92dc9d elementor-section-full_width elementor-reverse-mobile elementor-section-height-default elementor-section-height-default\" data-id=\"4c92dc9d\" data-element_type=\"section\" data-e-type=\"section\" data-settings=\"{&quot;background_background&quot;:&quot;classic&quot;}\">\n\t\t\t\t\t\t<div class=\"elementor-container elementor-column-gap-default\">\n\t\t\t\t\t<div class=\"elementor-column elementor-col-50 elementor-top-column elementor-element elementor-element-45fb740c\" data-id=\"45fb740c\" data-element_type=\"column\" data-e-type=\"column\">\n\t\t\t<div class=\"elementor-widget-wrap elementor-element-populated\">\n\t\t\t\t\t\t<div class=\"elementor-element elementor-element-hbdpnuw animated-slow elementor-invisible elementor-widget elementor-widget-image\" data-id=\"hbdpnuw\" data-element_type=\"widget\" data-e-type=\"widget\" data-settings=\"{&quot;_animation&quot;:&quot;fadeIn&quot;}\" data-widget_type=\"image.default\">\n\t\t\t\t<div class=\"elementor-widget-container\">\n\t\t\t\t\t\t\t\t\t\t\t\t\t\t\t<img decoding=\"async\" width=\"800\" height=\"534\" src=\"https:\/\/kitronwinery.com\/wp-content\/uploads\/2018\/02\/IMG_9903-1024x683.jpg\" class=\"attachment-large size-large wp-image-3872\" alt=\"\" srcset=\"https:\/\/kitronwinery.com\/wp-content\/uploads\/2018\/02\/IMG_9903-1024x683.jpg 1024w, https:\/\/kitronwinery.com\/wp-content\/uploads\/2018\/02\/IMG_9903-300x200.jpg 300w, https:\/\/kitronwinery.com\/wp-content\/uploads\/2018\/02\/IMG_9903-768x512.jpg 768w\" sizes=\"(max-width: 800px) 100vw, 800px\" \/>\t\t\t\t\t\t\t\t\t\t\t\t\t\t\t<\/div>\n\t\t\t\t<\/div>\n\t\t\t\t\t<\/div>\n\t\t<\/div>\n\t\t\t\t<div class=\"elementor-column elementor-col-50 elementor-top-column elementor-element elementor-element-14c6fcef\" data-id=\"14c6fcef\" data-element_type=\"column\" data-e-type=\"column\">\n\t\t\t<div class=\"elementor-widget-wrap elementor-element-populated\">\n\t\t\t\t\t\t<div class=\"elementor-element elementor-element-1cbf717d animated-slow elementor-invisible elementor-widget elementor-widget-text-editor\" data-id=\"1cbf717d\" data-element_type=\"widget\" data-e-type=\"widget\" data-settings=\"{&quot;_animation&quot;:&quot;fadeIn&quot;}\" data-widget_type=\"text-editor.default\">\n\t\t\t\t<div class=\"elementor-widget-container\">\n\t\t\t\t\t\t\t\t\t<p>La planificaci\u00f3n de la aldea fue llevada a cabo por una compa\u00f1\u00eda americana que se especializa en bodegas por gravitaci\u00f3n y que nos planific\u00f3 con exactitud durante 4 a\u00f1os la aldea con el objeto de producir un sitio exclusivo y m\u00e1gico para la experiencia, la fuerza, el conocimiento, la naturaleza, el esp\u00edritu. En la aldea existen varios sitios para eventos cada uno con distintas caracter\u00edsticas adaptados para eventos externos o internos durante todas las \u00e9pocas del a\u00f1o y que nos permite planificarles una experiencia \u00fanica, exclusiva y emocionante. En cada evento que elijan se asegura una visita profesional e integral de la mano de uno de los miembros de la familia que incluye el relato de la historia de la familia y sus objetivos que son la esencia de la Aldea de los Vinos, la exclusiva filosof\u00eda de la producci\u00f3n, la historia apasionante y la importancia de \u201cKitron\u201d, que es Zippori, el inmenso valor arqueol\u00f3gico que encierra el vino y el legado familiar que se encuentra m\u00e1s all\u00e1 de la bodega y como corolario, degustaciones profesionales de vinos de la bodega a trav\u00e9s de los a\u00f1os, que completar\u00e1n el cuadro de la forma m\u00e1s exacta.<\/p>\t\t\t\t\t\t\t\t<\/div>\n\t\t\t\t<\/div>\n\t\t\t\t\t<\/div>\n\t\t<\/div>\n\t\t\t\t\t<\/div>\n\t\t<\/section>\n\t\t\t\t<section class=\"elementor-section elementor-top-section elementor-element elementor-element-a5e212d elementor-section-full_width elementor-section-height-default elementor-section-height-default\" data-id=\"a5e212d\" data-element_type=\"section\" data-e-type=\"section\" data-settings=\"{&quot;background_background&quot;:&quot;classic&quot;}\">\n\t\t\t\t\t\t<div class=\"elementor-container elementor-column-gap-default\">\n\t\t\t\t\t<div class=\"elementor-column elementor-col-50 elementor-top-column elementor-element elementor-element-ca81f59\" data-id=\"ca81f59\" data-element_type=\"column\" data-e-type=\"column\">\n\t\t\t<div class=\"elementor-widget-wrap elementor-element-populated\">\n\t\t\t\t\t\t<div class=\"elementor-element elementor-element-28c09f83 animated-fast elementor-invisible elementor-widget elementor-widget-heading\" data-id=\"28c09f83\" data-element_type=\"widget\" data-e-type=\"widget\" data-settings=\"{&quot;_animation&quot;:&quot;fadeIn&quot;}\" data-widget_type=\"heading.default\">\n\t\t\t\t<div class=\"elementor-widget-container\">\n\t\t\t\t\t<h4 class=\"elementor-heading-title elementor-size-large\">Eventos privados <\/h4>\t\t\t\t<\/div>\n\t\t\t\t<\/div>\n\t\t\t\t<div class=\"elementor-element elementor-element-ab5c651 animated-slow elementor-invisible elementor-widget elementor-widget-text-editor\" data-id=\"ab5c651\" data-element_type=\"widget\" data-e-type=\"widget\" data-settings=\"{&quot;_animation&quot;:&quot;fadeIn&quot;}\" data-widget_type=\"text-editor.default\">\n\t\t\t\t<div class=\"elementor-widget-container\">\n\t\t\t\t\t\t\t\t\t<p>eventos especiales y exclusivos adaptados personalmente y que se arman puntillosamente y con una exacta adaptaci\u00f3n a las necesidades del cliente.<br \/>La aldea sugiere una amplia gama de posibilidades. Los eventos se llevan a cabo en una atm\u00f3sfera pastoral, campestre y tranquila. En cualquiera de los sitios que elijan, los invitamos a festejar con nosotros casamientos, cumplea\u00f1os y otros eventos emocionantes\u2026 <br \/>El lugar no organiza varios eventos a la vez sino que otorga privacidad absoluta a quienes se encuentren en el lugar, asegurando de ese modo un ambiente \u00edntimo y profesional.<\/p>\t\t\t\t\t\t\t\t<\/div>\n\t\t\t\t<\/div>\n\t\t\t\t\t<\/div>\n\t\t<\/div>\n\t\t\t\t<div class=\"elementor-column elementor-col-50 elementor-top-column elementor-element elementor-element-c026c1c\" data-id=\"c026c1c\" data-element_type=\"column\" data-e-type=\"column\">\n\t\t\t<div class=\"elementor-widget-wrap elementor-element-populated\">\n\t\t\t\t\t\t<div class=\"elementor-element elementor-element-5507ce8 animated-slow elementor-invisible elementor-widget elementor-widget-image\" data-id=\"5507ce8\" data-element_type=\"widget\" data-e-type=\"widget\" data-settings=\"{&quot;_animation&quot;:&quot;fadeIn&quot;}\" data-widget_type=\"image.default\">\n\t\t\t\t<div class=\"elementor-widget-container\">\n\t\t\t\t\t\t\t\t\t\t\t\t\t\t\t<img decoding=\"async\" width=\"800\" height=\"600\" src=\"https:\/\/kitronwinery.com\/wp-content\/uploads\/2018\/01\/Untitled-design-2-1.jpg\" class=\"attachment-large size-large wp-image-3501\" alt=\"\" srcset=\"https:\/\/kitronwinery.com\/wp-content\/uploads\/2018\/01\/Untitled-design-2-1.jpg 800w, https:\/\/kitronwinery.com\/wp-content\/uploads\/2018\/01\/Untitled-design-2-1-300x225.jpg 300w, https:\/\/kitronwinery.com\/wp-content\/uploads\/2018\/01\/Untitled-design-2-1-768x576.jpg 768w\" sizes=\"(max-width: 800px) 100vw, 800px\" \/>\t\t\t\t\t\t\t\t\t\t\t\t\t\t\t<\/div>\n\t\t\t\t<\/div>\n\t\t\t\t\t<\/div>\n\t\t<\/div>\n\t\t\t\t\t<\/div>\n\t\t<\/section>\n\t\t\t\t<section class=\"elementor-section elementor-top-section elementor-element elementor-element-2d69dc0 elementor-section-full_width elementor-reverse-mobile elementor-section-height-default elementor-section-height-default\" data-id=\"2d69dc0\" data-element_type=\"section\" data-e-type=\"section\" data-settings=\"{&quot;background_background&quot;:&quot;classic&quot;}\">\n\t\t\t\t\t\t<div class=\"elementor-container elementor-column-gap-default\">\n\t\t\t\t\t<div class=\"elementor-column elementor-col-50 elementor-top-column elementor-element elementor-element-ffde263\" data-id=\"ffde263\" data-element_type=\"column\" data-e-type=\"column\">\n\t\t\t<div class=\"elementor-widget-wrap elementor-element-populated\">\n\t\t\t\t\t\t<div class=\"elementor-element elementor-element-7d5d7aa animated-slow elementor-invisible elementor-widget elementor-widget-image\" data-id=\"7d5d7aa\" data-element_type=\"widget\" data-e-type=\"widget\" data-settings=\"{&quot;_animation&quot;:&quot;fadeIn&quot;}\" data-widget_type=\"image.default\">\n\t\t\t\t<div class=\"elementor-widget-container\">\n\t\t\t\t\t\t\t\t\t\t\t\t\t\t\t<img decoding=\"async\" src=\"https:\/\/kitronwinery.com\/wp-content\/uploads\/2018\/02\/DJI_0057.jpg\" title=\"\" alt=\"\" loading=\"lazy\" \/>\t\t\t\t\t\t\t\t\t\t\t\t\t\t\t<\/div>\n\t\t\t\t<\/div>\n\t\t\t\t\t<\/div>\n\t\t<\/div>\n\t\t\t\t<div class=\"elementor-column elementor-col-50 elementor-top-column elementor-element elementor-element-e257c14\" data-id=\"e257c14\" data-element_type=\"column\" data-e-type=\"column\">\n\t\t\t<div class=\"elementor-widget-wrap elementor-element-populated\">\n\t\t\t\t\t\t<div class=\"elementor-element elementor-element-33785e3 animated-fast elementor-invisible elementor-widget elementor-widget-heading\" data-id=\"33785e3\" data-element_type=\"widget\" data-e-type=\"widget\" data-settings=\"{&quot;_animation&quot;:&quot;fadeIn&quot;}\" data-widget_type=\"heading.default\">\n\t\t\t\t<div class=\"elementor-widget-container\">\n\t\t\t\t\t<h4 class=\"elementor-heading-title elementor-size-large\">Eventos empresariales  <\/h4>\t\t\t\t<\/div>\n\t\t\t\t<\/div>\n\t\t\t\t<div class=\"elementor-element elementor-element-7c65f45 animated-slow elementor-invisible elementor-widget elementor-widget-text-editor\" data-id=\"7c65f45\" data-element_type=\"widget\" data-e-type=\"widget\" data-settings=\"{&quot;_animation&quot;:&quot;fadeIn&quot;}\" data-widget_type=\"text-editor.default\">\n\t\t\t\t<div class=\"elementor-widget-container\">\n\t\t\t\t\t\t\t\t\t<p>el ambiente especial y la calma que reina en la aldea, las instalaciones y\u00a0 los distintos servicios forman un lugar ideal para organizar eventos para compa\u00f1\u00edas y organizaciones, en un lugar accesible y f\u00edsicamente cercano pero alejado del estresante ambiente oficinesco. Se podr\u00e1n organizar en el lugar eventos empresariales de distintos tipos: fiestas de despedida para ejecutivos, jornadas de fraternizaci\u00f3n y de diversiones, noches sociales, brindis, reuniones de directorio en un ambiente distinto, congresos, simposios y dem\u00e1s tipos de reuniones, todo ello con el esp\u00edritu del lugar \u2013 entre los vi\u00f1edos y el paisaje de la Galilea, pastizales, vegetaci\u00f3n natural y aromas embriagadores de vinos de calidad que envuelven al lugar del evento. Los eventos en la Aldea de los Vinos permiten salir de la rutina diaria a campos abiertos y a la naturaleza que influyen sobre la din\u00e1mica organizacional y crea una atm\u00f3sfera abierta y agradable que contribuye a la uni\u00f3n entre los miembros de una organizaci\u00f3n.<\/p><p>\u00a0<\/p><p>La aldea cuenta con una amplia gama de actividades, talleres y propuestas para d\u00eda de vacaci\u00f3n. Mucho nos complacer\u00e1 organizarles un d\u00eda de vacaci\u00f3n distinto, exclusivo, que se adapta a las necesidades especiales de cada organizaci\u00f3n.<\/p><p>Los d\u00edas de vacaci\u00f3n\u00a0 en la Aldea de los Vinos Kitron est\u00e1n dirigidos a grupos, familias u organizaciones que deseen cerrar el lugar para eventos y jornadas privadas. El lugar no lleva a acabo eventos al mismo tiempo sino que otorga privacidad absoluta a quienes se encuentren all\u00ed festejando, asegurando de este modo un ambiente \u00edntimo y profesional.<\/p>\t\t\t\t\t\t\t\t<\/div>\n\t\t\t\t<\/div>\n\t\t\t\t\t<\/div>\n\t\t<\/div>\n\t\t\t\t\t<\/div>\n\t\t<\/section>\n\t\t\t\t<\/div>\n\t\t","protected":false},"excerpt":{"rendered":"<p>EVENTOS EN LA ALDEA DE LOS VINOS La aldea est\u00e1 ubicada muy cerca de la localidad de Hoshayah, que se encuentra a los pies de la zona vitivin\u00edcola de la Galilea. El poder de la naturaleza, la historia apasionante, la construcci\u00f3n exclusiva, el paisaje de la Galilea que puede apreciarse alrededor y la filosof\u00eda de [&hellip;]<\/p>\n","protected":false},"author":3,"featured_media":0,"parent":0,"menu_order":0,"comment_status":"closed","ping_status":"closed","template":"","meta":{"footnotes":""},"class_list":["post-4033","page","type-page","status-publish","hentry"],"_links":{"self":[{"href":"https:\/\/kitronwinery.com\/es\/wp-json\/wp\/v2\/pages\/4033","targetHints":{"allow":["GET"]}}],"collection":[{"href":"https:\/\/kitronwinery.com\/es\/wp-json\/wp\/v2\/pages"}],"about":[{"href":"https:\/\/kitronwinery.com\/es\/wp-json\/wp\/v2\/types\/page"}],"author":[{"embeddable":true,"href":"https:\/\/kitronwinery.com\/es\/wp-json\/wp\/v2\/users\/3"}],"replies":[{"embeddable":true,"href":"https:\/\/kitronwinery.com\/es\/wp-json\/wp\/v2\/comments?post=4033"}],"version-history":[{"count":4,"href":"https:\/\/kitronwinery.com\/es\/wp-json\/wp\/v2\/pages\/4033\/revisions"}],"predecessor-version":[{"id":4176,"href":"https:\/\/kitronwinery.com\/es\/wp-json\/wp\/v2\/pages\/4033\/revisions\/4176"}],"wp:attachment":[{"href":"https:\/\/kitronwinery.com\/es\/wp-json\/wp\/v2\/media?parent=4033"}],"curies":[{"name":"wp","href":"https:\/\/api.w.org\/{rel}","templated":true}]}}