{"id":3409,"date":"2015-01-08T08:52:20","date_gmt":"2015-01-08T08:52:20","guid":{"rendered":"https:\/\/kitronwinery.com\/homepage\/"},"modified":"2021-07-20T11:22:46","modified_gmt":"2021-07-20T11:22:46","slug":"main","status":"publish","type":"page","link":"https:\/\/kitronwinery.com\/fr\/","title":{"rendered":"Main"},"content":{"rendered":"\t\t<div data-elementor-type=\"wp-page\" data-elementor-id=\"3409\" class=\"elementor elementor-3409 elementor-1467\" data-elementor-post-type=\"page\">\n\t\t\t\t\t\t<section class=\"elementor-section elementor-top-section elementor-element elementor-element-ngkmrwa elementor-section-full_width elementor-section-height-min-height elementor-section-items-stretch page-banner elementor-section-content-bottom elementor-section-height-default\" data-id=\"ngkmrwa\" data-element_type=\"section\" data-e-type=\"section\" data-settings=\"{&quot;background_background&quot;:&quot;classic&quot;}\">\n\t\t\t\t\t\t\t<div class=\"elementor-background-overlay\"><\/div>\n\t\t\t\t\t\t\t<div class=\"elementor-container elementor-column-gap-default\">\n\t\t\t\t\t<div class=\"elementor-column elementor-col-100 elementor-top-column elementor-element elementor-element-edpcumy\" data-id=\"edpcumy\" data-element_type=\"column\" data-e-type=\"column\" data-settings=\"{&quot;background_background&quot;:&quot;gradient&quot;}\">\n\t\t\t<div class=\"elementor-widget-wrap elementor-element-populated\">\n\t\t\t\t\t<div class=\"elementor-background-overlay\"><\/div>\n\t\t\t\t\t\t<div class=\"elementor-element elementor-element-74670ad animated-slow elementor-view-default elementor-invisible elementor-widget elementor-widget-global elementor-global-3158 elementor-widget-icon\" data-id=\"74670ad\" data-element_type=\"widget\" data-e-type=\"widget\" id=\"scroll-page\" data-settings=\"{&quot;_animation&quot;:&quot;zoomIn&quot;}\" data-widget_type=\"icon.default\">\n\t\t\t\t<div class=\"elementor-widget-container\">\n\t\t\t\t\t\t\t<div class=\"elementor-icon-wrapper\">\n\t\t\t<a class=\"elementor-icon\" href=\"#scroll-page\">\n\t\t\t\t\t\t\t<i class=\"fa fa-arrow-down\" aria-hidden=\"true\"><\/i>\n\t\t\t\t\t\t<\/a>\n\t\t<\/div>\n\t\t\t\t\t\t<\/div>\n\t\t\t\t<\/div>\n\t\t\t\t\t<\/div>\n\t\t<\/div>\n\t\t\t\t\t<\/div>\n\t\t<\/section>\n\t\t\t\t<section class=\"elementor-section elementor-top-section elementor-element elementor-element-ed93975 elementor-section-full_width elementor-section-height-default elementor-section-height-default\" data-id=\"ed93975\" data-element_type=\"section\" data-e-type=\"section\" data-settings=\"{&quot;background_background&quot;:&quot;classic&quot;}\">\n\t\t\t\t\t\t<div class=\"elementor-container elementor-column-gap-default\">\n\t\t\t\t\t<div class=\"elementor-column elementor-col-50 elementor-top-column elementor-element elementor-element-82f037f\" data-id=\"82f037f\" data-element_type=\"column\" data-e-type=\"column\">\n\t\t\t<div class=\"elementor-widget-wrap elementor-element-populated\">\n\t\t\t\t\t\t<div class=\"elementor-element elementor-element-0cd90eb animated-slow elementor-invisible elementor-widget elementor-widget-heading\" data-id=\"0cd90eb\" data-element_type=\"widget\" data-e-type=\"widget\" data-settings=\"{&quot;_animation&quot;:&quot;fadeIn&quot;}\" data-widget_type=\"heading.default\">\n\t\t\t\t<div class=\"elementor-widget-container\">\n\t\t\t\t\t<h4 class=\"elementor-heading-title elementor-size-large\">Le village du vin Kitron<\/h4>\t\t\t\t<\/div>\n\t\t\t\t<\/div>\n\t\t\t\t<div class=\"elementor-element elementor-element-ff7a750 animated-slow elementor-invisible elementor-widget elementor-widget-text-editor\" data-id=\"ff7a750\" data-element_type=\"widget\" data-e-type=\"widget\" data-settings=\"{&quot;_animation&quot;:&quot;fadeIn&quot;}\" data-widget_type=\"text-editor.default\">\n\t\t\t\t<div class=\"elementor-widget-container\">\n\t\t\t\t\t\t\t\t\t<p>La cave Kitron est une cave familiale situ\u00e9e au pied de la r\u00e9gion viticole de Galil\u00e9e. La force de la nature et de l&rsquo;histoire qui se retrouve dans la cave et ses environs cr\u00e9e la base pour faire du vin plein d&rsquo;amour, de pr\u00e9cision et dans la joie de la cr\u00e9ation. <br \/>L&rsquo;harmonie entre le progr\u00e8s et la technologie d&rsquo;une part, l&rsquo;histoire et le patrimoine d&rsquo;autre part, entre des racines profondes et un pr\u00e9sent renouvel\u00e9, forme la vision familiale qui a guid\u00e9e et continue de guider la cr\u00e9ation de notre vin.<\/p>\t\t\t\t\t\t\t\t<\/div>\n\t\t\t\t<\/div>\n\t\t\t\t<div class=\"elementor-element elementor-element-abbf867 animated-slow elementor-invisible elementor-widget elementor-widget-text-editor\" data-id=\"abbf867\" data-element_type=\"widget\" data-e-type=\"widget\" data-settings=\"{&quot;_animation&quot;:&quot;fadeIn&quot;}\" data-widget_type=\"text-editor.default\">\n\t\t\t\t<div class=\"elementor-widget-container\">\n\t\t\t\t\t\t\t\t\t<a style=\"color: ##434447;\" href=\"https:\/\/kitronwinery.com\/fr\/a-propos-de-la-cave\/\">Plus d&rsquo;informations sur la cave<\/a>\t\t\t\t\t\t\t\t<\/div>\n\t\t\t\t<\/div>\n\t\t\t\t<div class=\"elementor-element elementor-element-540bde2 elementor-widget-divider--view-line elementor-widget elementor-widget-divider\" data-id=\"540bde2\" data-element_type=\"widget\" data-e-type=\"widget\" data-widget_type=\"divider.default\">\n\t\t\t\t<div class=\"elementor-widget-container\">\n\t\t\t\t\t\t\t<div class=\"elementor-divider\">\n\t\t\t<span class=\"elementor-divider-separator\">\n\t\t\t\t\t\t<\/span>\n\t\t<\/div>\n\t\t\t\t\t\t<\/div>\n\t\t\t\t<\/div>\n\t\t\t\t\t<\/div>\n\t\t<\/div>\n\t\t\t\t<div class=\"elementor-column elementor-col-50 elementor-top-column elementor-element elementor-element-6fb2638\" data-id=\"6fb2638\" data-element_type=\"column\" data-e-type=\"column\">\n\t\t\t<div class=\"elementor-widget-wrap elementor-element-populated\">\n\t\t\t\t\t\t<div class=\"elementor-element elementor-element-0ca904d animated-slow elementor-invisible elementor-widget elementor-widget-image\" data-id=\"0ca904d\" data-element_type=\"widget\" data-e-type=\"widget\" data-settings=\"{&quot;_animation&quot;:&quot;fadeIn&quot;}\" data-widget_type=\"image.default\">\n\t\t\t\t<div class=\"elementor-widget-container\">\n\t\t\t\t\t\t\t\t\t\t\t\t\t\t\t<img decoding=\"async\" src=\"https:\/\/kitronwinery.com\/wp-content\/uploads\/2017\/12\/DJI_0009_6329_.jpg\" title=\"\" alt=\"\" loading=\"lazy\" \/>\t\t\t\t\t\t\t\t\t\t\t\t\t\t\t<\/div>\n\t\t\t\t<\/div>\n\t\t\t\t\t<\/div>\n\t\t<\/div>\n\t\t\t\t\t<\/div>\n\t\t<\/section>\n\t\t\t\t<section class=\"elementor-section elementor-top-section elementor-element elementor-element-b891293 elementor-section-full_width elementor-reverse-mobile elementor-section-height-default elementor-section-height-default\" data-id=\"b891293\" data-element_type=\"section\" data-e-type=\"section\" data-settings=\"{&quot;background_background&quot;:&quot;classic&quot;}\">\n\t\t\t\t\t\t<div class=\"elementor-container elementor-column-gap-default\">\n\t\t\t\t\t<div class=\"elementor-column elementor-col-50 elementor-top-column elementor-element elementor-element-1e0a523\" data-id=\"1e0a523\" data-element_type=\"column\" data-e-type=\"column\">\n\t\t\t<div class=\"elementor-widget-wrap elementor-element-populated\">\n\t\t\t\t\t\t<div class=\"elementor-element elementor-element-e9a5950 animated-slow elementor-invisible elementor-widget elementor-widget-image\" data-id=\"e9a5950\" data-element_type=\"widget\" data-e-type=\"widget\" data-settings=\"{&quot;_animation&quot;:&quot;fadeIn&quot;}\" data-widget_type=\"image.default\">\n\t\t\t\t<div class=\"elementor-widget-container\">\n\t\t\t\t\t\t\t\t\t\t\t\t\t\t\t<img fetchpriority=\"high\" decoding=\"async\" width=\"547\" height=\"580\" src=\"https:\/\/kitronwinery.com\/wp-content\/uploads\/2017\/12\/6090_-1.jpg\" class=\"attachment-large size-large wp-image-3244\" alt=\"\" srcset=\"https:\/\/kitronwinery.com\/wp-content\/uploads\/2017\/12\/6090_-1.jpg 547w, https:\/\/kitronwinery.com\/wp-content\/uploads\/2017\/12\/6090_-1-283x300.jpg 283w\" sizes=\"(max-width: 547px) 100vw, 547px\" \/>\t\t\t\t\t\t\t\t\t\t\t\t\t\t\t<\/div>\n\t\t\t\t<\/div>\n\t\t\t\t\t<\/div>\n\t\t<\/div>\n\t\t\t\t<div class=\"elementor-column elementor-col-50 elementor-top-column elementor-element elementor-element-8e5f191\" data-id=\"8e5f191\" data-element_type=\"column\" data-e-type=\"column\">\n\t\t\t<div class=\"elementor-widget-wrap elementor-element-populated\">\n\t\t\t\t\t\t<div class=\"elementor-element elementor-element-2206879 animated-slow elementor-invisible elementor-widget elementor-widget-heading\" data-id=\"2206879\" data-element_type=\"widget\" data-e-type=\"widget\" data-settings=\"{&quot;_animation&quot;:&quot;fadeIn&quot;}\" data-widget_type=\"heading.default\">\n\t\t\t\t<div class=\"elementor-widget-container\">\n\t\t\t\t\t<h4 class=\"elementor-heading-title elementor-size-large\">La philosophie de production<\/h4>\t\t\t\t<\/div>\n\t\t\t\t<\/div>\n\t\t\t\t<div class=\"elementor-element elementor-element-0704370 animated-slow elementor-invisible elementor-widget elementor-widget-text-editor\" data-id=\"0704370\" data-element_type=\"widget\" data-e-type=\"widget\" data-settings=\"{&quot;_animation&quot;:&quot;fadeIn&quot;}\" data-widget_type=\"text-editor.default\">\n\t\t\t\t<div class=\"elementor-widget-container\">\n\t\t\t\t\t\t\t\t\t<p>M\u00e9thode de production de vin en Gravitation &#8211; le seul \u00e9tablissement en Isra\u00ebl et parmi les rares dans le Monde \u00e0 utiliser cette technique. Cette m\u00e9thode pr\u00e9conise une intervention humaine minimale et l&rsquo;utilisation maximale des forces de la nature. L\u2019ajout de l&rsquo;\u00e9quipement de pointe compl\u00e8te le travail manuel m\u00e9ticuleux et nous permet de produire du vin de qualit\u00e9 en petites quantit\u00e9s, sans compromis, et de mener le monde du vin \u00e0 de nouvelles r\u00e9alisations.<\/p>\t\t\t\t\t\t\t\t<\/div>\n\t\t\t\t<\/div>\n\t\t\t\t<div class=\"elementor-element elementor-element-9d91706 animated-slow elementor-invisible elementor-widget elementor-widget-text-editor\" data-id=\"9d91706\" data-element_type=\"widget\" data-e-type=\"widget\" data-settings=\"{&quot;_animation&quot;:&quot;fadeIn&quot;}\" data-widget_type=\"text-editor.default\">\n\t\t\t\t<div class=\"elementor-widget-container\">\n\t\t\t\t\t\t\t\t\t<a style=\"color: ##434447;\" href=\"https:\/\/kitronwinery.com\/fr\/la-philosophie-de-production\/\">Exposition \u00e0 l&rsquo;art de la cr\u00e9ation<\/a>\t\t\t\t\t\t\t\t<\/div>\n\t\t\t\t<\/div>\n\t\t\t\t<div class=\"elementor-element elementor-element-b1d3a65 elementor-widget-divider--view-line elementor-widget elementor-widget-divider\" data-id=\"b1d3a65\" data-element_type=\"widget\" data-e-type=\"widget\" data-widget_type=\"divider.default\">\n\t\t\t\t<div class=\"elementor-widget-container\">\n\t\t\t\t\t\t\t<div class=\"elementor-divider\">\n\t\t\t<span class=\"elementor-divider-separator\">\n\t\t\t\t\t\t<\/span>\n\t\t<\/div>\n\t\t\t\t\t\t<\/div>\n\t\t\t\t<\/div>\n\t\t\t\t\t<\/div>\n\t\t<\/div>\n\t\t\t\t\t<\/div>\n\t\t<\/section>\n\t\t\t\t<section class=\"elementor-section elementor-top-section elementor-element elementor-element-b9c5289 elementor-section-full_width elementor-section-height-default elementor-section-height-default\" data-id=\"b9c5289\" data-element_type=\"section\" data-e-type=\"section\" data-settings=\"{&quot;background_background&quot;:&quot;classic&quot;}\">\n\t\t\t\t\t\t<div class=\"elementor-container elementor-column-gap-default\">\n\t\t\t\t\t<div class=\"elementor-column elementor-col-50 elementor-top-column elementor-element elementor-element-20d8298\" data-id=\"20d8298\" data-element_type=\"column\" data-e-type=\"column\">\n\t\t\t<div class=\"elementor-widget-wrap elementor-element-populated\">\n\t\t\t\t\t\t<div class=\"elementor-element elementor-element-cc032fa animated-slow elementor-invisible elementor-widget elementor-widget-heading\" data-id=\"cc032fa\" data-element_type=\"widget\" data-e-type=\"widget\" data-settings=\"{&quot;_animation&quot;:&quot;fadeIn&quot;}\" data-widget_type=\"heading.default\">\n\t\t\t\t<div class=\"elementor-widget-container\">\n\t\t\t\t\t<h4 class=\"elementor-heading-title elementor-size-large\">Centre d\u2019accueil<\/h4>\t\t\t\t<\/div>\n\t\t\t\t<\/div>\n\t\t\t\t<div class=\"elementor-element elementor-element-83a7df2 animated-slow elementor-invisible elementor-widget elementor-widget-text-editor\" data-id=\"83a7df2\" data-element_type=\"widget\" data-e-type=\"widget\" data-settings=\"{&quot;_animation&quot;:&quot;fadeIn&quot;}\" data-widget_type=\"text-editor.default\">\n\t\t\t\t<div class=\"elementor-widget-container\">\n\t\t\t\t\t\t\t\t\t<p>Nos portes sont ouvertes \u00e0 tous. Nos visites guid\u00e9es ouvrent la porte \u00e0 notre \u00abcredo\u00bb dans le monde du vin, et introduisent nos invit\u00e9s \u00e0 la m\u00e9thode de production unique de son genre dans le monde &#8211; la gravitation. Lors de chacune de ces r\u00e9unions, qui sont anim\u00e9es par un des membres de la famille, nous combinons notre compr\u00e9hension de voie et de vision avec des d\u00e9gustations professionnelles, des accords de vin pour la nourriture et des connaissances g\u00e9n\u00e9rales pour tous les amateurs de vin. Chaque visite est un voyage fascinant qui vous donnera l&rsquo;occasion de ressentir l&rsquo;unicit\u00e9 et la pr\u00e9cision qui existe dans chaque vin et d&rsquo;exp\u00e9rimenter notre forte connexion avec la Galil\u00e9e et l&rsquo;Histoire \u00e0 travers les g\u00e9n\u00e9rations.<\/p>\t\t\t\t\t\t\t\t<\/div>\n\t\t\t\t<\/div>\n\t\t\t\t<div class=\"elementor-element elementor-element-5eca74a animated-slow elementor-invisible elementor-widget elementor-widget-text-editor\" data-id=\"5eca74a\" data-element_type=\"widget\" data-e-type=\"widget\" data-settings=\"{&quot;_animation&quot;:&quot;fadeIn&quot;}\" data-widget_type=\"text-editor.default\">\n\t\t\t\t<div class=\"elementor-widget-container\">\n\t\t\t\t\t\t\t\t\t<p><a style=\"color: #6d6e71;\" href=\"https:\/\/kitronwinery.com\/fr\/centre-daccueil\/\">Aux types d&rsquo;h\u00e9bergements et coordination des visites<\/a><\/p>\t\t\t\t\t\t\t\t<\/div>\n\t\t\t\t<\/div>\n\t\t\t\t<div class=\"elementor-element elementor-element-5183369 elementor-widget-divider--view-line elementor-widget elementor-widget-divider\" data-id=\"5183369\" data-element_type=\"widget\" data-e-type=\"widget\" data-widget_type=\"divider.default\">\n\t\t\t\t<div class=\"elementor-widget-container\">\n\t\t\t\t\t\t\t<div class=\"elementor-divider\">\n\t\t\t<span class=\"elementor-divider-separator\">\n\t\t\t\t\t\t<\/span>\n\t\t<\/div>\n\t\t\t\t\t\t<\/div>\n\t\t\t\t<\/div>\n\t\t\t\t\t<\/div>\n\t\t<\/div>\n\t\t\t\t<div class=\"elementor-column elementor-col-50 elementor-top-column elementor-element elementor-element-e62c100\" data-id=\"e62c100\" data-element_type=\"column\" data-e-type=\"column\">\n\t\t\t<div class=\"elementor-widget-wrap elementor-element-populated\">\n\t\t\t\t\t\t<div class=\"elementor-element elementor-element-4a11164 animated-slow elementor-invisible elementor-widget elementor-widget-image\" data-id=\"4a11164\" data-element_type=\"widget\" data-e-type=\"widget\" data-settings=\"{&quot;_animation&quot;:&quot;fadeIn&quot;}\" data-widget_type=\"image.default\">\n\t\t\t\t<div class=\"elementor-widget-container\">\n\t\t\t\t\t\t\t\t\t\t\t\t\t\t\t<img decoding=\"async\" width=\"706\" height=\"580\" src=\"https:\/\/kitronwinery.com\/wp-content\/uploads\/2017\/12\/2B_.jpg\" class=\"attachment-large size-large wp-image-3250\" alt=\"\" srcset=\"https:\/\/kitronwinery.com\/wp-content\/uploads\/2017\/12\/2B_.jpg 706w, https:\/\/kitronwinery.com\/wp-content\/uploads\/2017\/12\/2B_-300x246.jpg 300w\" sizes=\"(max-width: 706px) 100vw, 706px\" \/>\t\t\t\t\t\t\t\t\t\t\t\t\t\t\t<\/div>\n\t\t\t\t<\/div>\n\t\t\t\t\t<\/div>\n\t\t<\/div>\n\t\t\t\t\t<\/div>\n\t\t<\/section>\n\t\t\t\t<section class=\"elementor-section elementor-top-section elementor-element elementor-element-e80def7 elementor-section-full_width elementor-reverse-mobile elementor-section-height-default elementor-section-height-default\" data-id=\"e80def7\" data-element_type=\"section\" data-e-type=\"section\" data-settings=\"{&quot;background_background&quot;:&quot;classic&quot;}\">\n\t\t\t\t\t\t<div class=\"elementor-container elementor-column-gap-default\">\n\t\t\t\t\t<div class=\"elementor-column elementor-col-50 elementor-top-column elementor-element elementor-element-8148250\" data-id=\"8148250\" data-element_type=\"column\" data-e-type=\"column\">\n\t\t\t<div class=\"elementor-widget-wrap elementor-element-populated\">\n\t\t\t\t\t\t<div class=\"elementor-element elementor-element-7d13adc animated-slow elementor-invisible elementor-widget elementor-widget-image\" data-id=\"7d13adc\" data-element_type=\"widget\" data-e-type=\"widget\" data-settings=\"{&quot;_animation&quot;:&quot;fadeIn&quot;}\" data-widget_type=\"image.default\">\n\t\t\t\t<div class=\"elementor-widget-container\">\n\t\t\t\t\t\t\t\t\t\t\t\t\t\t\t<img decoding=\"async\" width=\"800\" height=\"505\" src=\"https:\/\/kitronwinery.com\/wp-content\/uploads\/2018\/05\/IMG-6353-1024x646.jpg\" class=\"attachment-large size-large wp-image-4344\" alt=\"\" srcset=\"https:\/\/kitronwinery.com\/wp-content\/uploads\/2018\/05\/IMG-6353-1024x646.jpg 1024w, https:\/\/kitronwinery.com\/wp-content\/uploads\/2018\/05\/IMG-6353-300x189.jpg 300w, https:\/\/kitronwinery.com\/wp-content\/uploads\/2018\/05\/IMG-6353-768x485.jpg 768w, https:\/\/kitronwinery.com\/wp-content\/uploads\/2018\/05\/IMG-6353.jpg 1242w\" sizes=\"(max-width: 800px) 100vw, 800px\" \/>\t\t\t\t\t\t\t\t\t\t\t\t\t\t\t<\/div>\n\t\t\t\t<\/div>\n\t\t\t\t\t<\/div>\n\t\t<\/div>\n\t\t\t\t<div class=\"elementor-column elementor-col-50 elementor-top-column elementor-element elementor-element-91074ba\" data-id=\"91074ba\" data-element_type=\"column\" data-e-type=\"column\">\n\t\t\t<div class=\"elementor-widget-wrap elementor-element-populated\">\n\t\t\t\t\t\t<div class=\"elementor-element elementor-element-d7cd648 animated-slow elementor-invisible elementor-widget elementor-widget-heading\" data-id=\"d7cd648\" data-element_type=\"widget\" data-e-type=\"widget\" data-settings=\"{&quot;_animation&quot;:&quot;fadeIn&quot;}\" data-widget_type=\"heading.default\">\n\t\t\t\t<div class=\"elementor-widget-container\">\n\t\t\t\t\t<h4 class=\"elementor-heading-title elementor-size-large\">Ev\u00e9nements dans le village viticole <\/h4>\t\t\t\t<\/div>\n\t\t\t\t<\/div>\n\t\t\t\t<div class=\"elementor-element elementor-element-0a56f5d animated-slow elementor-invisible elementor-widget elementor-widget-text-editor\" data-id=\"0a56f5d\" data-element_type=\"widget\" data-e-type=\"widget\" data-settings=\"{&quot;_animation&quot;:&quot;fadeIn&quot;}\" data-widget_type=\"text-editor.default\">\n\t\t\t\t<div class=\"elementor-widget-container\">\n\t\t\t\t\t\t\t\t\t<p>Le village viticole de Kitron a \u00e9t\u00e9 \u00e9tabli sur une superficie d&rsquo;environ 3 hectares de v\u00e9g\u00e9tation, vignobles, zones herbeuses, cave gravitationnelle, ferme \u00e9questre et mus\u00e9e. Le village dispose de nombreux complexes pouvant h\u00e9berger des \u00e9v\u00e9nements de types diff\u00e9rents, adapt\u00e9s aux \u00e9v\u00e9nements ext\u00e9rieurs ou int\u00e9rieurs durant toute l\u2019ann\u00e9e. Cela nous permet de vous organiser un \u00e9v\u00e9nement puissant de nature \u00ab galil\u00e9enne \u00bb, une atmosph\u00e8re rustique, des odeurs de vin enivrantes et un lien avec les racines de chacun de nous, pour une exp\u00e9rience de grande valeur unique dans la vie.<\/p>\t\t\t\t\t\t\t\t<\/div>\n\t\t\t\t<\/div>\n\t\t\t\t<div class=\"elementor-element elementor-element-e2cfd36 animated-slow elementor-invisible elementor-widget elementor-widget-text-editor\" data-id=\"e2cfd36\" data-element_type=\"widget\" data-e-type=\"widget\" data-settings=\"{&quot;_animation&quot;:&quot;fadeIn&quot;}\" data-widget_type=\"text-editor.default\">\n\t\t\t\t<div class=\"elementor-widget-container\">\n\t\t\t\t\t\t\t\t\t<p><a style=\"color: #6d6e71;\" href=\"https:\/\/kitronwinery.com\/fr\/evenements-dans-le-village-viticole\/\">Plus d&rsquo;informations sur les \u00e9v\u00e9nements<\/a><\/p>\t\t\t\t\t\t\t\t<\/div>\n\t\t\t\t<\/div>\n\t\t\t\t<div class=\"elementor-element elementor-element-1c4a797 elementor-widget-divider--view-line elementor-widget elementor-widget-divider\" data-id=\"1c4a797\" data-element_type=\"widget\" data-e-type=\"widget\" data-widget_type=\"divider.default\">\n\t\t\t\t<div class=\"elementor-widget-container\">\n\t\t\t\t\t\t\t<div class=\"elementor-divider\">\n\t\t\t<span class=\"elementor-divider-separator\">\n\t\t\t\t\t\t<\/span>\n\t\t<\/div>\n\t\t\t\t\t\t<\/div>\n\t\t\t\t<\/div>\n\t\t\t\t\t<\/div>\n\t\t<\/div>\n\t\t\t\t\t<\/div>\n\t\t<\/section>\n\t\t\t\t<section class=\"elementor-section elementor-top-section elementor-element elementor-element-5475d27 elementor-section-full_width elementor-section-height-default elementor-section-height-default\" data-id=\"5475d27\" data-element_type=\"section\" data-e-type=\"section\" data-settings=\"{&quot;background_background&quot;:&quot;classic&quot;}\">\n\t\t\t\t\t\t<div class=\"elementor-container elementor-column-gap-default\">\n\t\t\t\t\t<div class=\"elementor-column elementor-col-50 elementor-top-column elementor-element elementor-element-8622365\" data-id=\"8622365\" data-element_type=\"column\" data-e-type=\"column\">\n\t\t\t<div class=\"elementor-widget-wrap elementor-element-populated\">\n\t\t\t\t\t\t<div class=\"elementor-element elementor-element-5f8235a animated-slow elementor-invisible elementor-widget elementor-widget-heading\" data-id=\"5f8235a\" data-element_type=\"widget\" data-e-type=\"widget\" data-settings=\"{&quot;_animation&quot;:&quot;fadeIn&quot;}\" data-widget_type=\"heading.default\">\n\t\t\t\t<div class=\"elementor-widget-container\">\n\t\t\t\t\t<h4 class=\"elementor-heading-title elementor-size-large\">Les vins de la famille<\/h4>\t\t\t\t<\/div>\n\t\t\t\t<\/div>\n\t\t\t\t<div class=\"elementor-element elementor-element-0c1f341 animated-slow elementor-invisible elementor-widget elementor-widget-text-editor\" data-id=\"0c1f341\" data-element_type=\"widget\" data-e-type=\"widget\" data-settings=\"{&quot;_animation&quot;:&quot;fadeIn&quot;}\" data-widget_type=\"text-editor.default\">\n\t\t\t\t<div class=\"elementor-widget-container\">\n\t\t\t\t\t\t\t\t\t<p>Nous avons choisi de produire nos vins en utilisant une m\u00e9thode unique qui lie les m\u00e9thodes traditionnelles ; Les vignes poussent dans de petites parcelles, les raisins sont r\u00e9colt\u00e9s \u00e0 la main et le vieillissement est effectu\u00e9 dans de nouveaux f\u00fbts de ch\u00eane fran\u00e7ais ; et des m\u00e9thodes innovantes utilisant des technologies avanc\u00e9es. Un processus qui prend 5 ans et qui m\u00eale l\u2019amour et la connexion profonde \u00e0 la terre et \u00e0 ses fruits.<\/p>\t\t\t\t\t\t\t\t<\/div>\n\t\t\t\t<\/div>\n\t\t\t\t<div class=\"elementor-element elementor-element-39a3849 animated-slow elementor-invisible elementor-widget elementor-widget-text-editor\" data-id=\"39a3849\" data-element_type=\"widget\" data-e-type=\"widget\" data-settings=\"{&quot;_animation&quot;:&quot;fadeIn&quot;}\" data-widget_type=\"text-editor.default\">\n\t\t\t\t<div class=\"elementor-widget-container\">\n\t\t\t\t\t\t\t\t\t<p><a style=\"color: #6d6e71;\" href=\"https:\/\/kitronwinery.com\/fr\/les-vignobles-de-la-famille\/\">Plus d\u2019informations sur les vins<\/a><\/p>\t\t\t\t\t\t\t\t<\/div>\n\t\t\t\t<\/div>\n\t\t\t\t<div class=\"elementor-element elementor-element-c3a2f1d elementor-widget-divider--view-line elementor-widget elementor-widget-divider\" data-id=\"c3a2f1d\" data-element_type=\"widget\" data-e-type=\"widget\" data-widget_type=\"divider.default\">\n\t\t\t\t<div class=\"elementor-widget-container\">\n\t\t\t\t\t\t\t<div class=\"elementor-divider\">\n\t\t\t<span class=\"elementor-divider-separator\">\n\t\t\t\t\t\t<\/span>\n\t\t<\/div>\n\t\t\t\t\t\t<\/div>\n\t\t\t\t<\/div>\n\t\t\t\t\t<\/div>\n\t\t<\/div>\n\t\t\t\t<div class=\"elementor-column elementor-col-50 elementor-top-column elementor-element elementor-element-27a7801\" data-id=\"27a7801\" data-element_type=\"column\" data-e-type=\"column\">\n\t\t\t<div class=\"elementor-widget-wrap elementor-element-populated\">\n\t\t\t\t\t\t<div class=\"elementor-element elementor-element-0df9bf0 animated-slow elementor-invisible elementor-widget elementor-widget-image\" data-id=\"0df9bf0\" data-element_type=\"widget\" data-e-type=\"widget\" data-settings=\"{&quot;_animation&quot;:&quot;fadeIn&quot;}\" data-widget_type=\"image.default\">\n\t\t\t\t<div class=\"elementor-widget-container\">\n\t\t\t\t\t\t\t\t\t\t\t\t\t\t\t<img loading=\"lazy\" decoding=\"async\" width=\"710\" height=\"580\" src=\"https:\/\/kitronwinery.com\/wp-content\/uploads\/2017\/12\/4B.jpg\" class=\"attachment-large size-large wp-image-3261\" alt=\"\" srcset=\"https:\/\/kitronwinery.com\/wp-content\/uploads\/2017\/12\/4B.jpg 710w, https:\/\/kitronwinery.com\/wp-content\/uploads\/2017\/12\/4B-300x245.jpg 300w\" sizes=\"(max-width: 710px) 100vw, 710px\" \/>\t\t\t\t\t\t\t\t\t\t\t\t\t\t\t<\/div>\n\t\t\t\t<\/div>\n\t\t\t\t\t<\/div>\n\t\t<\/div>\n\t\t\t\t\t<\/div>\n\t\t<\/section>\n\t\t\t\t<\/div>\n\t\t","protected":false},"excerpt":{"rendered":"<p>Le village du vin Kitron La cave Kitron est une cave familiale situ\u00e9e au pied de la r\u00e9gion viticole de Galil\u00e9e. La force de la nature et de l&rsquo;histoire qui se retrouve dans la cave et ses environs cr\u00e9e la base pour faire du vin plein d&rsquo;amour, de pr\u00e9cision et dans la joie de la [&hellip;]<\/p>\n","protected":false},"author":3,"featured_media":0,"parent":0,"menu_order":0,"comment_status":"closed","ping_status":"closed","template":"","meta":{"footnotes":""},"class_list":["post-3409","page","type-page","status-publish","hentry"],"_links":{"self":[{"href":"https:\/\/kitronwinery.com\/fr\/wp-json\/wp\/v2\/pages\/3409","targetHints":{"allow":["GET"]}}],"collection":[{"href":"https:\/\/kitronwinery.com\/fr\/wp-json\/wp\/v2\/pages"}],"about":[{"href":"https:\/\/kitronwinery.com\/fr\/wp-json\/wp\/v2\/types\/page"}],"author":[{"embeddable":true,"href":"https:\/\/kitronwinery.com\/fr\/wp-json\/wp\/v2\/users\/3"}],"replies":[{"embeddable":true,"href":"https:\/\/kitronwinery.com\/fr\/wp-json\/wp\/v2\/comments?post=3409"}],"version-history":[{"count":7,"href":"https:\/\/kitronwinery.com\/fr\/wp-json\/wp\/v2\/pages\/3409\/revisions"}],"predecessor-version":[{"id":4362,"href":"https:\/\/kitronwinery.com\/fr\/wp-json\/wp\/v2\/pages\/3409\/revisions\/4362"}],"wp:attachment":[{"href":"https:\/\/kitronwinery.com\/fr\/wp-json\/wp\/v2\/media?parent=3409"}],"curies":[{"name":"wp","href":"https:\/\/api.w.org\/{rel}","templated":true}]}}