{"id":3977,"date":"2018-02-22T14:38:43","date_gmt":"2018-02-22T14:38:43","guid":{"rendered":"https:\/\/kitronwinery.com\/%d7%90%d7%95%d7%93%d7%95%d7%aa-%d7%99%d7%a7%d7%91-%d7%a7%d7%99%d7%98%d7%a8%d7%95%d7%9f-copy\/"},"modified":"2021-07-20T11:23:14","modified_gmt":"2021-07-20T11:23:14","slug":"a-propos-de-la-cave","status":"publish","type":"page","link":"https:\/\/kitronwinery.com\/fr\/a-propos-de-la-cave\/","title":{"rendered":"\u00c0 propos de la cave"},"content":{"rendered":"\t\t<div data-elementor-type=\"wp-page\" data-elementor-id=\"3977\" class=\"elementor elementor-3977 elementor-bc-flex-widget\" data-elementor-post-type=\"page\">\n\t\t\t\t\t\t<section class=\"elementor-section elementor-top-section elementor-element elementor-element-fjosptl elementor-section-full_width elementor-section-height-min-height elementor-section-items-stretch page-banner elementor-section-height-default\" data-id=\"fjosptl\" data-element_type=\"section\" data-e-type=\"section\" data-settings=\"{&quot;background_background&quot;:&quot;classic&quot;}\">\n\t\t\t\t\t\t\t<div class=\"elementor-background-overlay\"><\/div>\n\t\t\t\t\t\t\t<div class=\"elementor-container elementor-column-gap-default\">\n\t\t\t\t\t<div class=\"elementor-column elementor-col-100 elementor-top-column elementor-element elementor-element-ezrdsun\" data-id=\"ezrdsun\" data-element_type=\"column\" data-e-type=\"column\" data-settings=\"{&quot;background_background&quot;:&quot;gradient&quot;}\">\n\t\t\t<div class=\"elementor-widget-wrap elementor-element-populated\">\n\t\t\t\t\t<div class=\"elementor-background-overlay\"><\/div>\n\t\t\t\t\t\t<div class=\"elementor-element elementor-element-ngdyhbz elementor-invisible elementor-widget elementor-widget-text-editor\" data-id=\"ngdyhbz\" data-element_type=\"widget\" data-e-type=\"widget\" data-settings=\"{&quot;_animation&quot;:&quot;fadeInDown&quot;}\" data-widget_type=\"text-editor.default\">\n\t\t\t\t<div class=\"elementor-widget-container\">\n\t\t\t\t\t\t\t\t\t<p>\u00c0 propos de la cave<\/p>\t\t\t\t\t\t\t\t<\/div>\n\t\t\t\t<\/div>\n\t\t\t\t<div class=\"elementor-element elementor-element-673d3a3 animated-slow elementor-view-default elementor-invisible elementor-widget elementor-widget-global elementor-global-3158 elementor-widget-icon\" data-id=\"673d3a3\" data-element_type=\"widget\" data-e-type=\"widget\" id=\"scroll-page\" data-settings=\"{&quot;_animation&quot;:&quot;zoomIn&quot;}\" data-widget_type=\"icon.default\">\n\t\t\t\t<div class=\"elementor-widget-container\">\n\t\t\t\t\t\t\t<div class=\"elementor-icon-wrapper\">\n\t\t\t<a class=\"elementor-icon\" href=\"#scroll-page\">\n\t\t\t\t\t\t\t<i class=\"fa fa-arrow-down\" aria-hidden=\"true\"><\/i>\n\t\t\t\t\t\t<\/a>\n\t\t<\/div>\n\t\t\t\t\t\t<\/div>\n\t\t\t\t<\/div>\n\t\t\t\t\t<\/div>\n\t\t<\/div>\n\t\t\t\t\t<\/div>\n\t\t<\/section>\n\t\t\t\t<section class=\"elementor-section elementor-top-section elementor-element elementor-element-ihiwunw elementor-section-boxed elementor-section-height-default elementor-section-height-default\" data-id=\"ihiwunw\" data-element_type=\"section\" data-e-type=\"section\">\n\t\t\t\t\t\t<div class=\"elementor-container elementor-column-gap-default\">\n\t\t\t\t\t<div class=\"elementor-column elementor-col-100 elementor-top-column elementor-element elementor-element-sntctaj\" data-id=\"sntctaj\" data-element_type=\"column\" data-e-type=\"column\">\n\t\t\t<div class=\"elementor-widget-wrap elementor-element-populated\">\n\t\t\t\t\t\t<div class=\"elementor-element elementor-element-hpgaiss animated-fast elementor-invisible elementor-widget elementor-widget-text-editor\" data-id=\"hpgaiss\" data-element_type=\"widget\" data-e-type=\"widget\" data-settings=\"{&quot;_animation&quot;:&quot;fadeIn&quot;}\" data-widget_type=\"text-editor.default\">\n\t\t\t\t<div class=\"elementor-widget-container\">\n\t\t\t\t\t\t\t\t\t<p>Deux valeurs sont sacr\u00e9es pour nous et combinent l&rsquo;atmosph\u00e8re, le travail et l&rsquo;essence du vignoble Kitron : L&rsquo;une est de produire le meilleur vin possible pour restaurer le respect de la terre, et la seconde est le patrimoine.<\/p>\t\t\t\t\t\t\t\t<\/div>\n\t\t\t\t<\/div>\n\t\t\t\t\t<\/div>\n\t\t<\/div>\n\t\t\t\t\t<\/div>\n\t\t<\/section>\n\t\t\t\t<section class=\"elementor-section elementor-top-section elementor-element elementor-element-664a98e elementor-section-full_width elementor-section-height-default elementor-section-height-default\" data-id=\"664a98e\" data-element_type=\"section\" data-e-type=\"section\" data-settings=\"{&quot;background_background&quot;:&quot;classic&quot;}\">\n\t\t\t\t\t\t<div class=\"elementor-container elementor-column-gap-default\">\n\t\t\t\t\t<div class=\"elementor-column elementor-col-50 elementor-top-column elementor-element elementor-element-da7fea6 animated-fast elementor-invisible\" data-id=\"da7fea6\" data-element_type=\"column\" data-e-type=\"column\" data-settings=\"{&quot;animation&quot;:&quot;fadeIn&quot;}\">\n\t\t\t<div class=\"elementor-widget-wrap elementor-element-populated\">\n\t\t\t\t\t\t<div class=\"elementor-element elementor-element-3b96236 elementor-widget elementor-widget-image\" data-id=\"3b96236\" data-element_type=\"widget\" data-e-type=\"widget\" data-widget_type=\"image.default\">\n\t\t\t\t<div class=\"elementor-widget-container\">\n\t\t\t\t\t\t\t\t\t\t\t\t\t\t\t<img decoding=\"async\" width=\"160\" height=\"120\" src=\"https:\/\/kitronwinery.com\/wp-content\/uploads\/2018\/02\/\u05d0\u05d9\u05d5\u05e8-123.gif\" class=\"attachment-large size-large wp-image-3851\" alt=\"\" \/>\t\t\t\t\t\t\t\t\t\t\t\t\t\t\t<\/div>\n\t\t\t\t<\/div>\n\t\t\t\t<div class=\"elementor-element elementor-element-7be9be27 animated-slow elementor-invisible elementor-widget elementor-widget-heading\" data-id=\"7be9be27\" data-element_type=\"widget\" data-e-type=\"widget\" data-settings=\"{&quot;_animation&quot;:&quot;fadeIn&quot;}\" data-widget_type=\"heading.default\">\n\t\t\t\t<div class=\"elementor-widget-container\">\n\t\t\t\t\t<h4 class=\"elementor-heading-title elementor-size-large\">La cave Kitron<\/h4>\t\t\t\t<\/div>\n\t\t\t\t<\/div>\n\t\t\t\t<div class=\"elementor-element elementor-element-5748d0 animated-fast elementor-invisible elementor-widget elementor-widget-text-editor\" data-id=\"5748d0\" data-element_type=\"widget\" data-e-type=\"widget\" data-settings=\"{&quot;_animation&quot;:&quot;fadeIn&quot;}\" data-widget_type=\"text-editor.default\">\n\t\t\t\t<div class=\"elementor-widget-container\">\n\t\t\t\t\t\t\t\t\t<p><strong>La cave Kitron<\/strong> est une cave familiale de gravitation, qui se trouve au pied de la r\u00e9gion viticole de Galil\u00e9e.<br \/>La force de la nature, l&rsquo;histoire tiss\u00e9e dans la cave et ses environs, et notre amour pour le vin, sont \u00e0 la base de la fabrication d\u2019un vin plein d&rsquo;amour, de pr\u00e9cision et de passion pour la cr\u00e9ation.<br \/>Dans la cave, nous produisons selon la m\u00e9thode de gravitation, qui utilise la force de la nature. Ses origines se trouvent ici, de l&rsquo;autre c\u00f4t\u00e9 de la cave, et ses racines ont \u00e9t\u00e9 plant\u00e9es il y a 1600 ans, pendant la p\u00e9riode de la Mishnah et du Talmud dans la ville juive de Zippori.<br \/>Le travail manuel minutieux dans le vignoble est compl\u00e9t\u00e9 par un mat\u00e9riel de pointe qui nous permet de produire des vins de qualit\u00e9 en petites quantit\u00e9s, sans compromis.<\/p><p>\u00a0<\/p>\t\t\t\t\t\t\t\t<\/div>\n\t\t\t\t<\/div>\n\t\t\t\t\t<\/div>\n\t\t<\/div>\n\t\t\t\t<div class=\"elementor-column elementor-col-50 elementor-top-column elementor-element elementor-element-d560ee0\" data-id=\"d560ee0\" data-element_type=\"column\" data-e-type=\"column\">\n\t\t\t<div class=\"elementor-widget-wrap elementor-element-populated\">\n\t\t\t\t\t\t<div class=\"elementor-element elementor-element-eylhczm animated-fast elementor-invisible elementor-widget elementor-widget-image\" data-id=\"eylhczm\" data-element_type=\"widget\" data-e-type=\"widget\" data-settings=\"{&quot;_animation&quot;:&quot;fadeIn&quot;}\" data-widget_type=\"image.default\">\n\t\t\t\t<div class=\"elementor-widget-container\">\n\t\t\t\t\t\t\t\t\t\t\t\t\t\t\t<img decoding=\"async\" src=\"https:\/\/kitronwinery.com\/wp-content\/uploads\/2017\/12\/Untitled-design-24.jpg\" title=\"\" alt=\"\" loading=\"lazy\" \/>\t\t\t\t\t\t\t\t\t\t\t\t\t\t\t<\/div>\n\t\t\t\t<\/div>\n\t\t\t\t\t<\/div>\n\t\t<\/div>\n\t\t\t\t\t<\/div>\n\t\t<\/section>\n\t\t\t\t<section class=\"elementor-section elementor-top-section elementor-element elementor-element-fcfe4e4 elementor-section-full_width elementor-reverse-mobile elementor-section-height-default elementor-section-height-default\" data-id=\"fcfe4e4\" data-element_type=\"section\" data-e-type=\"section\" data-settings=\"{&quot;background_background&quot;:&quot;classic&quot;}\">\n\t\t\t\t\t\t<div class=\"elementor-container elementor-column-gap-default\">\n\t\t\t\t\t<div class=\"elementor-column elementor-col-50 elementor-top-column elementor-element elementor-element-7dbc059\" data-id=\"7dbc059\" data-element_type=\"column\" data-e-type=\"column\">\n\t\t\t<div class=\"elementor-widget-wrap elementor-element-populated\">\n\t\t\t\t\t\t<div class=\"elementor-element elementor-element-azr4pvi animated-fast elementor-invisible elementor-widget elementor-widget-image\" data-id=\"azr4pvi\" data-element_type=\"widget\" data-e-type=\"widget\" data-settings=\"{&quot;_animation&quot;:&quot;fadeIn&quot;}\" data-widget_type=\"image.default\">\n\t\t\t\t<div class=\"elementor-widget-container\">\n\t\t\t\t\t\t\t\t\t\t\t\t\t\t\t<img fetchpriority=\"high\" decoding=\"async\" width=\"800\" height=\"600\" src=\"https:\/\/kitronwinery.com\/wp-content\/uploads\/2017\/12\/Untitled-design-25.jpg\" class=\"attachment-large size-large wp-image-3425\" alt=\"\" srcset=\"https:\/\/kitronwinery.com\/wp-content\/uploads\/2017\/12\/Untitled-design-25.jpg 800w, https:\/\/kitronwinery.com\/wp-content\/uploads\/2017\/12\/Untitled-design-25-300x225.jpg 300w, https:\/\/kitronwinery.com\/wp-content\/uploads\/2017\/12\/Untitled-design-25-768x576.jpg 768w\" sizes=\"(max-width: 800px) 100vw, 800px\" \/>\t\t\t\t\t\t\t\t\t\t\t\t\t\t\t<\/div>\n\t\t\t\t<\/div>\n\t\t\t\t\t<\/div>\n\t\t<\/div>\n\t\t\t\t<div class=\"elementor-column elementor-col-50 elementor-top-column elementor-element elementor-element-d099f28 animated-fast elementor-invisible\" data-id=\"d099f28\" data-element_type=\"column\" data-e-type=\"column\" data-settings=\"{&quot;animation&quot;:&quot;fadeIn&quot;}\">\n\t\t\t<div class=\"elementor-widget-wrap elementor-element-populated\">\n\t\t\t\t\t\t<div class=\"elementor-element elementor-element-1e8c2832 animated-fast elementor-invisible elementor-widget elementor-widget-text-editor\" data-id=\"1e8c2832\" data-element_type=\"widget\" data-e-type=\"widget\" data-settings=\"{&quot;_animation&quot;:&quot;fadeIn&quot;}\" data-widget_type=\"text-editor.default\">\n\t\t\t\t<div class=\"elementor-widget-container\">\n\t\t\t\t\t\t\t\t\t<p>Nos vignobles sont situ\u00e9s dans les plus belles r\u00e9gions viticoles du pays : les hauteurs du Golan et la Haute Galil\u00e9e. Le choix et l&rsquo;adaptation des c\u00e9pages, le travail m\u00e9ticuleux dans le vignoble et la compr\u00e9hension du terroir sont des valeurs supr\u00eames pour nous.<br \/>Nous r\u00e9coltons les raisins au milieu de la nuit et les transf\u00e9rons imm\u00e9diatement \u00e0 un double processus de tri manuel, qui assure l&rsquo;int\u00e9grit\u00e9 des grappes et la pr\u00e9servation optimale des saveurs et des ar\u00f4mes dans chaque raisin.<\/p><p>\u00a0<\/p>\t\t\t\t\t\t\t\t<\/div>\n\t\t\t\t<\/div>\n\t\t\t\t\t<\/div>\n\t\t<\/div>\n\t\t\t\t\t<\/div>\n\t\t<\/section>\n\t\t\t\t<section class=\"elementor-section elementor-top-section elementor-element elementor-element-37ff182a elementor-section-full_width elementor-section-height-default elementor-section-height-default\" data-id=\"37ff182a\" data-element_type=\"section\" data-e-type=\"section\" data-settings=\"{&quot;background_background&quot;:&quot;classic&quot;}\">\n\t\t\t\t\t\t<div class=\"elementor-container elementor-column-gap-default\">\n\t\t\t\t\t<div class=\"elementor-column elementor-col-50 elementor-top-column elementor-element elementor-element-19d4bdbe animated-fast elementor-invisible\" data-id=\"19d4bdbe\" data-element_type=\"column\" data-e-type=\"column\" data-settings=\"{&quot;animation&quot;:&quot;fadeIn&quot;}\">\n\t\t\t<div class=\"elementor-widget-wrap elementor-element-populated\">\n\t\t\t\t\t\t<div class=\"elementor-element elementor-element-6ecd5861 elementor-widget elementor-widget-text-editor\" data-id=\"6ecd5861\" data-element_type=\"widget\" data-e-type=\"widget\" data-widget_type=\"text-editor.default\">\n\t\t\t\t<div class=\"elementor-widget-container\">\n\t\t\t\t\t\t\t\t\t<p>\u00a0Nous utilisons des f\u00fbts uniques en bois de l&rsquo;\u00e9tape de la fermentation jusqu\u2019\u00e0 la cave \u00e0 vin-cave &#8211; pour la pr\u00e9servation naturelle et l\u2019optimisation du processus de vieillissement. <br \/>Nos vins rouges subissent une longue p\u00e9riode de vieillissement en f\u00fbts de ch\u00eane fran\u00e7ais haut de gamme. De plus, les vins vieillissent plusieurs ann\u00e9es en bouteilles, avant d&rsquo;\u00eatre distribu\u00e9s<\/p>\t\t\t\t\t\t\t\t<\/div>\n\t\t\t\t<\/div>\n\t\t\t\t\t<\/div>\n\t\t<\/div>\n\t\t\t\t<div class=\"elementor-column elementor-col-50 elementor-top-column elementor-element elementor-element-4f2b4afb animated-fast elementor-invisible\" data-id=\"4f2b4afb\" data-element_type=\"column\" data-e-type=\"column\" data-settings=\"{&quot;animation&quot;:&quot;fadeIn&quot;}\">\n\t\t\t<div class=\"elementor-widget-wrap elementor-element-populated\">\n\t\t\t\t\t\t<div class=\"elementor-element elementor-element-sr2937b elementor-widget elementor-widget-image\" data-id=\"sr2937b\" data-element_type=\"widget\" data-e-type=\"widget\" data-widget_type=\"image.default\">\n\t\t\t\t<div class=\"elementor-widget-container\">\n\t\t\t\t\t\t\t\t\t\t\t\t\t\t\t<img decoding=\"async\" width=\"800\" height=\"533\" src=\"https:\/\/kitronwinery.com\/wp-content\/uploads\/2018\/02\/\u05d0\u05d1\u05d0.jpg\" class=\"attachment-large size-large wp-image-3899\" alt=\"\" srcset=\"https:\/\/kitronwinery.com\/wp-content\/uploads\/2018\/02\/\u05d0\u05d1\u05d0.jpg 800w, https:\/\/kitronwinery.com\/wp-content\/uploads\/2018\/02\/\u05d0\u05d1\u05d0-300x200.jpg 300w, https:\/\/kitronwinery.com\/wp-content\/uploads\/2018\/02\/\u05d0\u05d1\u05d0-768x512.jpg 768w\" sizes=\"(max-width: 800px) 100vw, 800px\" \/>\t\t\t\t\t\t\t\t\t\t\t\t\t\t\t<\/div>\n\t\t\t\t<\/div>\n\t\t\t\t\t<\/div>\n\t\t<\/div>\n\t\t\t\t\t<\/div>\n\t\t<\/section>\n\t\t\t\t<section class=\"elementor-section elementor-top-section elementor-element elementor-element-185ab605 elementor-section-full_width elementor-reverse-mobile elementor-section-height-default elementor-section-height-default\" data-id=\"185ab605\" data-element_type=\"section\" data-e-type=\"section\" data-settings=\"{&quot;background_background&quot;:&quot;classic&quot;}\">\n\t\t\t\t\t\t<div class=\"elementor-container elementor-column-gap-default\">\n\t\t\t\t\t<div class=\"elementor-column elementor-col-50 elementor-top-column elementor-element elementor-element-5efe43fd\" data-id=\"5efe43fd\" data-element_type=\"column\" data-e-type=\"column\">\n\t\t\t<div class=\"elementor-widget-wrap elementor-element-populated\">\n\t\t\t\t\t\t<div class=\"elementor-element elementor-element-eabbb5b elementor-widget elementor-widget-image\" data-id=\"eabbb5b\" data-element_type=\"widget\" data-e-type=\"widget\" data-widget_type=\"image.default\">\n\t\t\t\t<div class=\"elementor-widget-container\">\n\t\t\t\t\t\t\t\t\t\t\t\t\t\t\t<img loading=\"lazy\" decoding=\"async\" width=\"800\" height=\"600\" src=\"https:\/\/kitronwinery.com\/wp-content\/uploads\/2017\/12\/Untitled-design-27.jpg\" class=\"attachment-large size-large wp-image-3432\" alt=\"\" srcset=\"https:\/\/kitronwinery.com\/wp-content\/uploads\/2017\/12\/Untitled-design-27.jpg 800w, https:\/\/kitronwinery.com\/wp-content\/uploads\/2017\/12\/Untitled-design-27-300x225.jpg 300w, https:\/\/kitronwinery.com\/wp-content\/uploads\/2017\/12\/Untitled-design-27-768x576.jpg 768w\" sizes=\"(max-width: 800px) 100vw, 800px\" \/>\t\t\t\t\t\t\t\t\t\t\t\t\t\t\t<\/div>\n\t\t\t\t<\/div>\n\t\t\t\t\t<\/div>\n\t\t<\/div>\n\t\t\t\t<div class=\"elementor-column elementor-col-50 elementor-top-column elementor-element elementor-element-3bae13ce\" data-id=\"3bae13ce\" data-element_type=\"column\" data-e-type=\"column\">\n\t\t\t<div class=\"elementor-widget-wrap elementor-element-populated\">\n\t\t\t\t\t\t<div class=\"elementor-element elementor-element-1e308f58 elementor-widget elementor-widget-text-editor\" data-id=\"1e308f58\" data-element_type=\"widget\" data-e-type=\"widget\" data-widget_type=\"text-editor.default\">\n\t\t\t\t<div class=\"elementor-widget-container\">\n\t\t\t\t\t\t\t\t\t<p>Le travail dans la cave est fait seulement par les membres de la famille, tandis que nous passons tout le processus de 5 ans avec le vin &#8211; \u00e0 partir du moment o\u00f9 il a \u00e9t\u00e9 plant\u00e9 jusqu&rsquo;\u00e0 sa mise en bouteille.<\/p><p>Ce processus symbiotique nous permet d&rsquo;introduire avec succ\u00e8s, dans chaque vin, les valeurs et les croyances de notre famille &#8211; l&rsquo;esth\u00e9tique, la pr\u00e9cision, la d\u00e9licatesse, l&rsquo;harmonie, la patience et la minutie. C&rsquo;est ainsi que nous nous sommes comport\u00e9s d\u00e8s la premi\u00e8re r\u00e9colte en 2006, et nous continuerons \u00e0 nous comporter.<\/p>\t\t\t\t\t\t\t\t<\/div>\n\t\t\t\t<\/div>\n\t\t\t\t\t<\/div>\n\t\t<\/div>\n\t\t\t\t\t<\/div>\n\t\t<\/section>\n\t\t\t\t<\/div>\n\t\t","protected":false},"excerpt":{"rendered":"<p>\u00c0 propos de la cave Deux valeurs sont sacr\u00e9es pour nous et combinent l&rsquo;atmosph\u00e8re, le travail et l&rsquo;essence du vignoble Kitron : L&rsquo;une est de produire le meilleur vin possible pour restaurer le respect de la terre, et la seconde est le patrimoine. La cave Kitron La cave Kitron est une cave familiale de gravitation, [&hellip;]<\/p>\n","protected":false},"author":3,"featured_media":0,"parent":0,"menu_order":0,"comment_status":"closed","ping_status":"closed","template":"","meta":{"footnotes":""},"class_list":["post-3977","page","type-page","status-publish","hentry"],"_links":{"self":[{"href":"https:\/\/kitronwinery.com\/fr\/wp-json\/wp\/v2\/pages\/3977","targetHints":{"allow":["GET"]}}],"collection":[{"href":"https:\/\/kitronwinery.com\/fr\/wp-json\/wp\/v2\/pages"}],"about":[{"href":"https:\/\/kitronwinery.com\/fr\/wp-json\/wp\/v2\/types\/page"}],"author":[{"embeddable":true,"href":"https:\/\/kitronwinery.com\/fr\/wp-json\/wp\/v2\/users\/3"}],"replies":[{"embeddable":true,"href":"https:\/\/kitronwinery.com\/fr\/wp-json\/wp\/v2\/comments?post=3977"}],"version-history":[{"count":4,"href":"https:\/\/kitronwinery.com\/fr\/wp-json\/wp\/v2\/pages\/3977\/revisions"}],"predecessor-version":[{"id":4137,"href":"https:\/\/kitronwinery.com\/fr\/wp-json\/wp\/v2\/pages\/3977\/revisions\/4137"}],"wp:attachment":[{"href":"https:\/\/kitronwinery.com\/fr\/wp-json\/wp\/v2\/media?parent=3977"}],"curies":[{"name":"wp","href":"https:\/\/api.w.org\/{rel}","templated":true}]}}