{"id":3980,"date":"2018-02-22T14:46:17","date_gmt":"2018-02-22T14:46:17","guid":{"rendered":"https:\/\/kitronwinery.com\/%d7%a9%d7%99%d7%98%d7%aa-%d7%94%d7%92%d7%a8%d7%91%d7%99%d7%98%d7%a6%d7%99%d7%94-copy\/"},"modified":"2021-07-20T11:22:45","modified_gmt":"2021-07-20T11:22:45","slug":"la-philosophie-de-production","status":"publish","type":"page","link":"https:\/\/kitronwinery.com\/fr\/la-philosophie-de-production\/","title":{"rendered":"La philosophie de production"},"content":{"rendered":"\t\t<div data-elementor-type=\"wp-page\" data-elementor-id=\"3980\" class=\"elementor elementor-3980\" data-elementor-post-type=\"page\">\n\t\t\t\t\t\t<section class=\"elementor-section elementor-top-section elementor-element elementor-element-ysyjlzx elementor-section-full_width elementor-section-height-min-height elementor-section-items-stretch page-banner elementor-section-height-default\" data-id=\"ysyjlzx\" data-element_type=\"section\" data-e-type=\"section\" data-settings=\"{&quot;background_background&quot;:&quot;classic&quot;}\">\n\t\t\t\t\t\t\t<div class=\"elementor-background-overlay\"><\/div>\n\t\t\t\t\t\t\t<div class=\"elementor-container elementor-column-gap-default\">\n\t\t\t\t\t<div class=\"elementor-column elementor-col-100 elementor-top-column elementor-element elementor-element-bucdvij\" data-id=\"bucdvij\" data-element_type=\"column\" data-e-type=\"column\" data-settings=\"{&quot;background_background&quot;:&quot;gradient&quot;}\">\n\t\t\t<div class=\"elementor-widget-wrap elementor-element-populated\">\n\t\t\t\t\t<div class=\"elementor-background-overlay\"><\/div>\n\t\t\t\t\t\t<div class=\"elementor-element elementor-element-ciwvbcb elementor-invisible elementor-widget elementor-widget-text-editor\" data-id=\"ciwvbcb\" data-element_type=\"widget\" data-e-type=\"widget\" data-settings=\"{&quot;_animation&quot;:&quot;fadeInDown&quot;}\" data-widget_type=\"text-editor.default\">\n\t\t\t\t<div class=\"elementor-widget-container\">\n\t\t\t\t\t\t\t\t\t<p>La philosophie de production<\/p>\t\t\t\t\t\t\t\t<\/div>\n\t\t\t\t<\/div>\n\t\t\t\t<div class=\"elementor-element elementor-element-5d2a2e2 animated-slow elementor-view-default elementor-invisible elementor-widget elementor-widget-global elementor-global-3158 elementor-widget-icon\" data-id=\"5d2a2e2\" data-element_type=\"widget\" data-e-type=\"widget\" id=\"scroll-page\" data-settings=\"{&quot;_animation&quot;:&quot;zoomIn&quot;}\" data-widget_type=\"icon.default\">\n\t\t\t\t<div class=\"elementor-widget-container\">\n\t\t\t\t\t\t\t<div class=\"elementor-icon-wrapper\">\n\t\t\t<a class=\"elementor-icon\" href=\"#scroll-page\">\n\t\t\t\t\t\t\t<i class=\"fa fa-arrow-down\" aria-hidden=\"true\"><\/i>\n\t\t\t\t\t\t<\/a>\n\t\t<\/div>\n\t\t\t\t\t\t<\/div>\n\t\t\t\t<\/div>\n\t\t\t\t\t<\/div>\n\t\t<\/div>\n\t\t\t\t\t<\/div>\n\t\t<\/section>\n\t\t\t\t<section class=\"elementor-section elementor-top-section elementor-element elementor-element-hrcglms elementor-section-boxed elementor-section-height-default elementor-section-height-default\" data-id=\"hrcglms\" data-element_type=\"section\" data-e-type=\"section\">\n\t\t\t\t\t\t<div class=\"elementor-container elementor-column-gap-default\">\n\t\t\t\t\t<div class=\"elementor-column elementor-col-100 elementor-top-column elementor-element elementor-element-idxxjvb\" data-id=\"idxxjvb\" data-element_type=\"column\" data-e-type=\"column\">\n\t\t\t<div class=\"elementor-widget-wrap elementor-element-populated\">\n\t\t\t\t\t\t<div class=\"elementor-element elementor-element-jnqwgzr animated-fast elementor-invisible elementor-widget elementor-widget-text-editor\" data-id=\"jnqwgzr\" data-element_type=\"widget\" data-e-type=\"widget\" data-settings=\"{&quot;_animation&quot;:&quot;fadeIn&quot;}\" data-widget_type=\"text-editor.default\">\n\t\t\t\t<div class=\"elementor-widget-container\">\n\t\t\t\t\t\t\t\t\t<p><strong>La cave Kitron est la seule cave en Isra\u00ebl.<\/strong><\/p><p><strong>et l&rsquo;une des rares au monde construite par gravitation.<\/strong><\/p>\t\t\t\t\t\t\t\t<\/div>\n\t\t\t\t<\/div>\n\t\t\t\t\t<\/div>\n\t\t<\/div>\n\t\t\t\t\t<\/div>\n\t\t<\/section>\n\t\t\t\t<section class=\"elementor-section elementor-top-section elementor-element elementor-element-48bf29a4 elementor-section-full_width elementor-section-height-default elementor-section-height-default\" data-id=\"48bf29a4\" data-element_type=\"section\" data-e-type=\"section\" data-settings=\"{&quot;background_background&quot;:&quot;classic&quot;}\">\n\t\t\t\t\t\t<div class=\"elementor-container elementor-column-gap-default\">\n\t\t\t\t\t<div class=\"elementor-column elementor-col-50 elementor-top-column elementor-element elementor-element-3ccff3b2\" data-id=\"3ccff3b2\" data-element_type=\"column\" data-e-type=\"column\">\n\t\t\t<div class=\"elementor-widget-wrap elementor-element-populated\">\n\t\t\t\t\t\t<div class=\"elementor-element elementor-element-4ba2f8a6 animated-slow elementor-invisible elementor-widget elementor-widget-text-editor\" data-id=\"4ba2f8a6\" data-element_type=\"widget\" data-e-type=\"widget\" data-settings=\"{&quot;_animation&quot;:&quot;fadeIn&quot;}\" data-widget_type=\"text-editor.default\">\n\t\t\t\t<div class=\"elementor-widget-container\">\n\t\t\t\t\t\t\t\t\t<p style=\"direction: ltr;\"><strong>Une cave qui \u00e9merge du sol<\/strong> &#8211; La structure et l&rsquo;architecture de la cave ont \u00e9t\u00e9 con\u00e7ues et construites pendant de nombreuses ann\u00e9es avec beaucoup de soin et d&rsquo;investissement. Le design professionnel a \u00e9t\u00e9 accompagn\u00e9 par une entreprise am\u00e9ricaine sp\u00e9cialis\u00e9e dans les caves de gravitation, avec pour objectif ultime de cr\u00e9er une harmonie entre l&rsquo;ancien et le nouveau en mettant l&rsquo;accent sur le professionnalisme.<\/p><p style=\"direction: ltr;\">Le but de r\u00e9aliser la production de vin en gravitation, en utilisant une construction unique innovante, est de maintenir la nature organique et naturelle de la production du vin.<\/p><p style=\"direction: ltr;\">La cave est construite sur 4 niveaux qui sont adapt\u00e9s au processus de production de vin selon les \u00e9tapes de production et les besoins exacts.<\/p>\t\t\t\t\t\t\t\t<\/div>\n\t\t\t\t<\/div>\n\t\t\t\t\t<\/div>\n\t\t<\/div>\n\t\t\t\t<div class=\"elementor-column elementor-col-50 elementor-top-column elementor-element elementor-element-60cc6b81\" data-id=\"60cc6b81\" data-element_type=\"column\" data-e-type=\"column\">\n\t\t\t<div class=\"elementor-widget-wrap elementor-element-populated\">\n\t\t\t\t\t\t<div class=\"elementor-element elementor-element-lcfmyrx animated-slow elementor-invisible elementor-widget elementor-widget-image\" data-id=\"lcfmyrx\" data-element_type=\"widget\" data-e-type=\"widget\" data-settings=\"{&quot;_animation&quot;:&quot;fadeIn&quot;}\" data-widget_type=\"image.default\">\n\t\t\t\t<div class=\"elementor-widget-container\">\n\t\t\t\t\t\t\t\t\t\t\t\t\t\t\t<img fetchpriority=\"high\" decoding=\"async\" width=\"800\" height=\"600\" src=\"https:\/\/kitronwinery.com\/wp-content\/uploads\/2017\/12\/1-3.jpg\" class=\"attachment-full size-full wp-image-3461\" alt=\"\" srcset=\"https:\/\/kitronwinery.com\/wp-content\/uploads\/2017\/12\/1-3.jpg 800w, https:\/\/kitronwinery.com\/wp-content\/uploads\/2017\/12\/1-3-300x225.jpg 300w, https:\/\/kitronwinery.com\/wp-content\/uploads\/2017\/12\/1-3-768x576.jpg 768w\" sizes=\"(max-width: 800px) 100vw, 800px\" \/>\t\t\t\t\t\t\t\t\t\t\t\t\t\t\t<\/div>\n\t\t\t\t<\/div>\n\t\t\t\t\t<\/div>\n\t\t<\/div>\n\t\t\t\t\t<\/div>\n\t\t<\/section>\n\t\t\t\t<section class=\"elementor-section elementor-top-section elementor-element elementor-element-4c92dc9d elementor-section-full_width elementor-reverse-mobile elementor-section-height-default elementor-section-height-default\" data-id=\"4c92dc9d\" data-element_type=\"section\" data-e-type=\"section\" data-settings=\"{&quot;background_background&quot;:&quot;classic&quot;}\">\n\t\t\t\t\t\t<div class=\"elementor-container elementor-column-gap-default\">\n\t\t\t\t\t<div class=\"elementor-column elementor-col-50 elementor-top-column elementor-element elementor-element-45fb740c\" data-id=\"45fb740c\" data-element_type=\"column\" data-e-type=\"column\">\n\t\t\t<div class=\"elementor-widget-wrap elementor-element-populated\">\n\t\t\t\t\t\t<div class=\"elementor-element elementor-element-hbdpnuw animated-fast elementor-invisible elementor-widget elementor-widget-image\" data-id=\"hbdpnuw\" data-element_type=\"widget\" data-e-type=\"widget\" data-settings=\"{&quot;_animation&quot;:&quot;fadeIn&quot;}\" data-widget_type=\"image.default\">\n\t\t\t\t<div class=\"elementor-widget-container\">\n\t\t\t\t\t\t\t\t\t\t\t\t\t\t\t<img decoding=\"async\" src=\"https:\/\/kitronwinery.com\/wp-content\/uploads\/2018\/02\/\u05e4\u05d9\u05dc\u05d5\u05e1\u05d5\u05e4\u05d9\u05d4.jpg\" title=\"\" alt=\"\" loading=\"lazy\" \/>\t\t\t\t\t\t\t\t\t\t\t\t\t\t\t<\/div>\n\t\t\t\t<\/div>\n\t\t\t\t\t<\/div>\n\t\t<\/div>\n\t\t\t\t<div class=\"elementor-column elementor-col-50 elementor-top-column elementor-element elementor-element-14c6fcef\" data-id=\"14c6fcef\" data-element_type=\"column\" data-e-type=\"column\">\n\t\t\t<div class=\"elementor-widget-wrap elementor-element-populated\">\n\t\t\t\t\t\t<div class=\"elementor-element elementor-element-1cbf717d animated-fast elementor-invisible elementor-widget elementor-widget-text-editor\" data-id=\"1cbf717d\" data-element_type=\"widget\" data-e-type=\"widget\" data-settings=\"{&quot;_animation&quot;:&quot;fadeIn&quot;}\" data-widget_type=\"text-editor.default\">\n\t\t\t\t<div class=\"elementor-widget-container\">\n\t\t\t\t\t\t\t\t\t<p><strong>L\u2019art de la gravitation<\/strong> &#8211; La m\u00e9thode de production, la gravitation, utilise de mani\u00e8re minimale la main-d&rsquo;\u0153uvre et au maximum les forces de la nature. Elle permet de garder le vin dans son environnement naturel sans nuire aux raisins et noyaux, car le vin pur est un vin qui garde son \u00e9quilibre.<br \/>La circulation libre du vin d&rsquo;un \u00e9tage \u00e0 l&rsquo;autre sans utiliser de pompes mais juste avec la gravit\u00e9, l&rsquo;une des forces de base de la Nature, cr\u00e9e un vin rond avec un finale doux, sans amertume.<br \/>Cette m\u00e9thode m\u00e8ne le monde du vin \u00e0 des nouvelles r\u00e9alisations.<\/p>\t\t\t\t\t\t\t\t<\/div>\n\t\t\t\t<\/div>\n\t\t\t\t\t<\/div>\n\t\t<\/div>\n\t\t\t\t\t<\/div>\n\t\t<\/section>\n\t\t\t\t<\/div>\n\t\t","protected":false},"excerpt":{"rendered":"<p>La philosophie de production La cave Kitron est la seule cave en Isra\u00ebl. et l&rsquo;une des rares au monde construite par gravitation. Une cave qui \u00e9merge du sol &#8211; La structure et l&rsquo;architecture de la cave ont \u00e9t\u00e9 con\u00e7ues et construites pendant de nombreuses ann\u00e9es avec beaucoup de soin et d&rsquo;investissement. Le design professionnel a [&hellip;]<\/p>\n","protected":false},"author":3,"featured_media":0,"parent":0,"menu_order":0,"comment_status":"closed","ping_status":"closed","template":"","meta":{"footnotes":""},"class_list":["post-3980","page","type-page","status-publish","hentry"],"_links":{"self":[{"href":"https:\/\/kitronwinery.com\/fr\/wp-json\/wp\/v2\/pages\/3980","targetHints":{"allow":["GET"]}}],"collection":[{"href":"https:\/\/kitronwinery.com\/fr\/wp-json\/wp\/v2\/pages"}],"about":[{"href":"https:\/\/kitronwinery.com\/fr\/wp-json\/wp\/v2\/types\/page"}],"author":[{"embeddable":true,"href":"https:\/\/kitronwinery.com\/fr\/wp-json\/wp\/v2\/users\/3"}],"replies":[{"embeddable":true,"href":"https:\/\/kitronwinery.com\/fr\/wp-json\/wp\/v2\/comments?post=3980"}],"version-history":[{"count":4,"href":"https:\/\/kitronwinery.com\/fr\/wp-json\/wp\/v2\/pages\/3980\/revisions"}],"predecessor-version":[{"id":4139,"href":"https:\/\/kitronwinery.com\/fr\/wp-json\/wp\/v2\/pages\/3980\/revisions\/4139"}],"wp:attachment":[{"href":"https:\/\/kitronwinery.com\/fr\/wp-json\/wp\/v2\/media?parent=3980"}],"curies":[{"name":"wp","href":"https:\/\/api.w.org\/{rel}","templated":true}]}}