{"id":3983,"date":"2018-02-22T14:51:55","date_gmt":"2018-02-22T14:51:55","guid":{"rendered":"https:\/\/kitronwinery.com\/%d7%94%d7%9b%d7%a8%d7%9e%d7%99%d7%9d-copy\/"},"modified":"2021-07-20T11:22:46","modified_gmt":"2021-07-20T11:22:46","slug":"les-vignobles-de-la-famille","status":"publish","type":"page","link":"https:\/\/kitronwinery.com\/fr\/les-vignobles-de-la-famille\/","title":{"rendered":"Les vignobles de la famille"},"content":{"rendered":"\t\t<div data-elementor-type=\"wp-page\" data-elementor-id=\"3983\" class=\"elementor elementor-3983\" data-elementor-post-type=\"page\">\n\t\t\t\t\t\t<section class=\"elementor-section elementor-top-section elementor-element elementor-element-ttvjces elementor-section-full_width elementor-section-height-min-height elementor-section-items-stretch page-banner elementor-section-height-default\" data-id=\"ttvjces\" data-element_type=\"section\" data-e-type=\"section\" data-settings=\"{&quot;background_background&quot;:&quot;classic&quot;}\">\n\t\t\t\t\t\t\t<div class=\"elementor-background-overlay\"><\/div>\n\t\t\t\t\t\t\t<div class=\"elementor-container elementor-column-gap-default\">\n\t\t\t\t\t<div class=\"elementor-column elementor-col-100 elementor-top-column elementor-element elementor-element-vostwet\" data-id=\"vostwet\" data-element_type=\"column\" data-e-type=\"column\" data-settings=\"{&quot;background_background&quot;:&quot;gradient&quot;}\">\n\t\t\t<div class=\"elementor-widget-wrap elementor-element-populated\">\n\t\t\t\t\t<div class=\"elementor-background-overlay\"><\/div>\n\t\t\t\t\t\t<div class=\"elementor-element elementor-element-somldhk elementor-invisible elementor-widget elementor-widget-text-editor\" data-id=\"somldhk\" data-element_type=\"widget\" data-e-type=\"widget\" data-settings=\"{&quot;_animation&quot;:&quot;fadeInDown&quot;}\" data-widget_type=\"text-editor.default\">\n\t\t\t\t<div class=\"elementor-widget-container\">\n\t\t\t\t\t\t\t\t\t<p>Les vignobles de la famille<\/p>\t\t\t\t\t\t\t\t<\/div>\n\t\t\t\t<\/div>\n\t\t\t\t<div class=\"elementor-element elementor-element-9d9f4f0 animated-slow elementor-view-default elementor-invisible elementor-widget elementor-widget-global elementor-global-3158 elementor-widget-icon\" data-id=\"9d9f4f0\" data-element_type=\"widget\" data-e-type=\"widget\" id=\"scroll-page\" data-settings=\"{&quot;_animation&quot;:&quot;zoomIn&quot;}\" data-widget_type=\"icon.default\">\n\t\t\t\t<div class=\"elementor-widget-container\">\n\t\t\t\t\t\t\t<div class=\"elementor-icon-wrapper\">\n\t\t\t<a class=\"elementor-icon\" href=\"#scroll-page\">\n\t\t\t\t\t\t\t<i class=\"fa fa-arrow-down\" aria-hidden=\"true\"><\/i>\n\t\t\t\t\t\t<\/a>\n\t\t<\/div>\n\t\t\t\t\t\t<\/div>\n\t\t\t\t<\/div>\n\t\t\t\t\t<\/div>\n\t\t<\/div>\n\t\t\t\t\t<\/div>\n\t\t<\/section>\n\t\t\t\t<section class=\"elementor-section elementor-top-section elementor-element elementor-element-bqifykb elementor-section-boxed elementor-section-height-default elementor-section-height-default\" data-id=\"bqifykb\" data-element_type=\"section\" data-e-type=\"section\">\n\t\t\t\t\t\t<div class=\"elementor-container elementor-column-gap-default\">\n\t\t\t\t\t<div class=\"elementor-column elementor-col-100 elementor-top-column elementor-element elementor-element-jzafoim\" data-id=\"jzafoim\" data-element_type=\"column\" data-e-type=\"column\">\n\t\t\t<div class=\"elementor-widget-wrap elementor-element-populated\">\n\t\t\t\t\t\t<div class=\"elementor-element elementor-element-xgoegnp animated-fast elementor-invisible elementor-widget elementor-widget-text-editor\" data-id=\"xgoegnp\" data-element_type=\"widget\" data-e-type=\"widget\" data-settings=\"{&quot;_animation&quot;:&quot;fadeIn&quot;}\" data-widget_type=\"text-editor.default\">\n\t\t\t\t<div class=\"elementor-widget-container\">\n\t\t\t\t\t\t\t\t\t<p>\u201cVenez, mon bien-aim\u00e9, sortons dans les champs ; <br \/>Logeons dans les villages. Laissez-nous lever t\u00f4t aux vignobles ; <br \/>Voyons si la vigne a fleuri, que la vigne soit ouverte\u00a0<\/p>\t\t\t\t\t\t\t\t<\/div>\n\t\t\t\t<\/div>\n\t\t\t\t<div class=\"elementor-element elementor-element-07thym5 animated-fast elementor-invisible elementor-widget elementor-widget-text-editor\" data-id=\"07thym5\" data-element_type=\"widget\" data-e-type=\"widget\" data-settings=\"{&quot;_animation&quot;:&quot;fadeIn&quot;}\" data-widget_type=\"text-editor.default\">\n\t\t\t\t<div class=\"elementor-widget-container\">\n\t\t\t\t\t\t\t\t\t<p>(Shir Hashirim \u2013 chanson de chansons)<\/p>\t\t\t\t\t\t\t\t<\/div>\n\t\t\t\t<\/div>\n\t\t\t\t\t<\/div>\n\t\t<\/div>\n\t\t\t\t\t<\/div>\n\t\t<\/section>\n\t\t\t\t<section class=\"elementor-section elementor-top-section elementor-element elementor-element-6140eba3 elementor-section-full_width elementor-section-height-default elementor-section-height-default\" data-id=\"6140eba3\" data-element_type=\"section\" data-e-type=\"section\" data-settings=\"{&quot;background_background&quot;:&quot;classic&quot;}\">\n\t\t\t\t\t\t<div class=\"elementor-container elementor-column-gap-default\">\n\t\t\t\t\t<div class=\"elementor-column elementor-col-50 elementor-top-column elementor-element elementor-element-39c56812\" data-id=\"39c56812\" data-element_type=\"column\" data-e-type=\"column\">\n\t\t\t<div class=\"elementor-widget-wrap elementor-element-populated\">\n\t\t\t\t\t\t<div class=\"elementor-element elementor-element-4bf15a19 animated-fast elementor-invisible elementor-widget elementor-widget-text-editor\" data-id=\"4bf15a19\" data-element_type=\"widget\" data-e-type=\"widget\" data-settings=\"{&quot;_animation&quot;:&quot;fadeIn&quot;}\" data-widget_type=\"text-editor.default\">\n\t\t\t\t<div class=\"elementor-widget-container\">\n\t\t\t\t\t\t\t\t\t<p>Dans la cave nous croyons que la qualit\u00e9 du vin commence dans les vignobles : l&rsquo;altitude, les conditions climatiques, le type de sol et la philosophie viticole \u2013 \u00ab\u00a0le terroir\u00a0\u00bb &#8211; tout cela a un effet direct sur la qualit\u00e9 des c\u00e9pages et celle de notre vin au final.<\/p><p>Les vignobles de la famille sont r\u00e9partis sur une superficie de plus de 60 KM<sup>2<\/sup> dans les plus belles r\u00e9gions viticoles d&rsquo;Isra\u00ebl : le nord du plateau du Golan et la haute Galil\u00e9e.<\/p><p>Les vignobles sont situ\u00e9s \u00e0 une altitude moyenne de 800 \u00e0 900 m\u00e8tres.<\/p><p>Dans les hauteurs du Golan, le type principal de terrain est le basalte, tandis qu&rsquo;en Haute Galil\u00e9e, les vignes sont plant\u00e9es sur des sols calcaires et terra-rosa.<\/p>\t\t\t\t\t\t\t\t<\/div>\n\t\t\t\t<\/div>\n\t\t\t\t\t<\/div>\n\t\t<\/div>\n\t\t\t\t<div class=\"elementor-column elementor-col-50 elementor-top-column elementor-element elementor-element-7092c21e\" data-id=\"7092c21e\" data-element_type=\"column\" data-e-type=\"column\">\n\t\t\t<div class=\"elementor-widget-wrap elementor-element-populated\">\n\t\t\t\t\t\t<div class=\"elementor-element elementor-element-bf3ee0a animated-fast elementor-invisible elementor-widget elementor-widget-image\" data-id=\"bf3ee0a\" data-element_type=\"widget\" data-e-type=\"widget\" data-settings=\"{&quot;_animation&quot;:&quot;fadeIn&quot;}\" data-widget_type=\"image.default\">\n\t\t\t\t<div class=\"elementor-widget-container\">\n\t\t\t\t\t\t\t\t\t\t\t\t\t\t\t<img fetchpriority=\"high\" decoding=\"async\" width=\"800\" height=\"600\" src=\"https:\/\/kitronwinery.com\/wp-content\/uploads\/2018\/01\/P8150021-1024x768.jpg\" class=\"attachment-large size-large wp-image-3804\" alt=\"\" srcset=\"https:\/\/kitronwinery.com\/wp-content\/uploads\/2018\/01\/P8150021-1024x768.jpg 1024w, https:\/\/kitronwinery.com\/wp-content\/uploads\/2018\/01\/P8150021-300x225.jpg 300w, https:\/\/kitronwinery.com\/wp-content\/uploads\/2018\/01\/P8150021-768x576.jpg 768w, https:\/\/kitronwinery.com\/wp-content\/uploads\/2018\/01\/P8150021.jpg 1280w\" sizes=\"(max-width: 800px) 100vw, 800px\" \/>\t\t\t\t\t\t\t\t\t\t\t\t\t\t\t<\/div>\n\t\t\t\t<\/div>\n\t\t\t\t\t<\/div>\n\t\t<\/div>\n\t\t\t\t\t<\/div>\n\t\t<\/section>\n\t\t\t\t<section class=\"elementor-section elementor-top-section elementor-element elementor-element-cc0de2 elementor-section-full_width elementor-reverse-mobile elementor-section-height-default elementor-section-height-default\" data-id=\"cc0de2\" data-element_type=\"section\" data-e-type=\"section\" data-settings=\"{&quot;background_background&quot;:&quot;classic&quot;}\">\n\t\t\t\t\t\t<div class=\"elementor-container elementor-column-gap-default\">\n\t\t\t\t\t<div class=\"elementor-column elementor-col-50 elementor-top-column elementor-element elementor-element-1de8f630\" data-id=\"1de8f630\" data-element_type=\"column\" data-e-type=\"column\">\n\t\t\t<div class=\"elementor-widget-wrap elementor-element-populated\">\n\t\t\t\t\t\t<div class=\"elementor-element elementor-element-khsawhe animated-fast elementor-invisible elementor-widget elementor-widget-image\" data-id=\"khsawhe\" data-element_type=\"widget\" data-e-type=\"widget\" data-settings=\"{&quot;_animation&quot;:&quot;fadeIn&quot;}\" data-widget_type=\"image.default\">\n\t\t\t\t<div class=\"elementor-widget-container\">\n\t\t\t\t\t\t\t\t\t\t\t\t\t\t\t<img decoding=\"async\" src=\"https:\/\/kitronwinery.com\/wp-content\/uploads\/elementor\/thumbs\/Untitled-design-33-pa75m5c6egzka9mw4fs8ormlxpekqgftxlbrxyb6es.jpg\" title=\"Untitled design (33)\" alt=\"Untitled design (33)\" loading=\"lazy\" \/>\t\t\t\t\t\t\t\t\t\t\t\t\t\t\t<\/div>\n\t\t\t\t<\/div>\n\t\t\t\t\t<\/div>\n\t\t<\/div>\n\t\t\t\t<div class=\"elementor-column elementor-col-50 elementor-top-column elementor-element elementor-element-5882f58b\" data-id=\"5882f58b\" data-element_type=\"column\" data-e-type=\"column\">\n\t\t\t<div class=\"elementor-widget-wrap elementor-element-populated\">\n\t\t\t\t\t\t<div class=\"elementor-element elementor-element-52217334 animated-fast elementor-invisible elementor-widget elementor-widget-text-editor\" data-id=\"52217334\" data-element_type=\"widget\" data-e-type=\"widget\" data-settings=\"{&quot;_animation&quot;:&quot;fadeIn&quot;}\" data-widget_type=\"text-editor.default\">\n\t\t\t\t<div class=\"elementor-widget-container\">\n\t\t\t\t\t\t\t\t\t<p>Nous avons choisi de planter les vignes avec la m\u00e9thode classique fran\u00e7aise DAG, qui ne laisse qu&rsquo;un seul bras et est la norme dans les meilleures r\u00e9gions viticoles. Cette m\u00e9thode produit une plus petite quantit\u00e9 de fruit mais est d&rsquo;une qualit\u00e9 significativement sup\u00e9rieure et n&rsquo;est pas commune en Isra\u00ebl.<\/p>\t\t\t\t\t\t\t\t<\/div>\n\t\t\t\t<\/div>\n\t\t\t\t\t<\/div>\n\t\t<\/div>\n\t\t\t\t\t<\/div>\n\t\t<\/section>\n\t\t\t\t<section class=\"elementor-section elementor-top-section elementor-element elementor-element-d7ee832 elementor-section-full_width elementor-section-height-default elementor-section-height-default\" data-id=\"d7ee832\" data-element_type=\"section\" data-e-type=\"section\" data-settings=\"{&quot;background_background&quot;:&quot;classic&quot;}\">\n\t\t\t\t\t\t<div class=\"elementor-container elementor-column-gap-default\">\n\t\t\t\t\t<div class=\"elementor-column elementor-col-50 elementor-top-column elementor-element elementor-element-98f974e\" data-id=\"98f974e\" data-element_type=\"column\" data-e-type=\"column\">\n\t\t\t<div class=\"elementor-widget-wrap elementor-element-populated\">\n\t\t\t\t\t\t<div class=\"elementor-element elementor-element-f1493a2 animated-fast elementor-invisible elementor-widget elementor-widget-text-editor\" data-id=\"f1493a2\" data-element_type=\"widget\" data-e-type=\"widget\" data-settings=\"{&quot;_animation&quot;:&quot;fadeIn&quot;}\" data-widget_type=\"text-editor.default\">\n\t\t\t\t<div class=\"elementor-widget-container\">\n\t\t\t\t\t\t\t\t\t<p>Les c\u00e9pages de la cave sont r\u00e9colt\u00e9s manuellement au milieu de la nuit et transport\u00e9s directement \u00e0 la cave pour maintenir une qualit\u00e9 maximale. Chaque vignoble et c\u00e9page sont r\u00e9colt\u00e9s s\u00e9par\u00e9ment, afin de pr\u00e9server l&rsquo;homog\u00e9n\u00e9it\u00e9 de la mati\u00e8re premi\u00e8re dans le processus de maturation et de pr\u00e9server ses caract\u00e9ristiques uniques.<br \/>Le lien entre la culture du vignoble, la localisation g\u00e9ographique et surtout &#8211; l&rsquo;amour de la cr\u00e9ativit\u00e9, notre m\u00e9thode unique et notre caract\u00e8re familier, nous permettent de cr\u00e9er des vins d&rsquo;une nature unique et fascinante, qui racontent l&rsquo;unicit\u00e9 de la r\u00e9gion d&rsquo;o\u00f9 ils viennent.<\/p>\t\t\t\t\t\t\t\t<\/div>\n\t\t\t\t<\/div>\n\t\t\t\t\t<\/div>\n\t\t<\/div>\n\t\t\t\t<div class=\"elementor-column elementor-col-50 elementor-top-column elementor-element elementor-element-35f53bb\" data-id=\"35f53bb\" data-element_type=\"column\" data-e-type=\"column\">\n\t\t\t<div class=\"elementor-widget-wrap elementor-element-populated\">\n\t\t\t\t\t\t<div class=\"elementor-element elementor-element-a309c0b animated-fast elementor-invisible elementor-widget elementor-widget-image\" data-id=\"a309c0b\" data-element_type=\"widget\" data-e-type=\"widget\" data-settings=\"{&quot;_animation&quot;:&quot;fadeIn&quot;}\" data-widget_type=\"image.default\">\n\t\t\t\t<div class=\"elementor-widget-container\">\n\t\t\t\t\t\t\t\t\t\t\t\t\t\t\t<img decoding=\"async\" width=\"800\" height=\"600\" src=\"https:\/\/kitronwinery.com\/wp-content\/uploads\/2017\/12\/Untitled-design-32.jpg\" class=\"attachment-full size-full wp-image-3453\" alt=\"\" srcset=\"https:\/\/kitronwinery.com\/wp-content\/uploads\/2017\/12\/Untitled-design-32.jpg 800w, https:\/\/kitronwinery.com\/wp-content\/uploads\/2017\/12\/Untitled-design-32-300x225.jpg 300w, https:\/\/kitronwinery.com\/wp-content\/uploads\/2017\/12\/Untitled-design-32-768x576.jpg 768w\" sizes=\"(max-width: 800px) 100vw, 800px\" \/>\t\t\t\t\t\t\t\t\t\t\t\t\t\t\t<\/div>\n\t\t\t\t<\/div>\n\t\t\t\t\t<\/div>\n\t\t<\/div>\n\t\t\t\t\t<\/div>\n\t\t<\/section>\n\t\t\t\t<\/div>\n\t\t","protected":false},"excerpt":{"rendered":"<p>Les vignobles de la famille \u201cVenez, mon bien-aim\u00e9, sortons dans les champs ; Logeons dans les villages. Laissez-nous lever t\u00f4t aux vignobles ; Voyons si la vigne a fleuri, que la vigne soit ouverte\u00a0 (Shir Hashirim \u2013 chanson de chansons) Dans la cave nous croyons que la qualit\u00e9 du vin commence dans les vignobles : [&hellip;]<\/p>\n","protected":false},"author":3,"featured_media":0,"parent":0,"menu_order":0,"comment_status":"closed","ping_status":"closed","template":"","meta":{"footnotes":""},"class_list":["post-3983","page","type-page","status-publish","hentry"],"_links":{"self":[{"href":"https:\/\/kitronwinery.com\/fr\/wp-json\/wp\/v2\/pages\/3983","targetHints":{"allow":["GET"]}}],"collection":[{"href":"https:\/\/kitronwinery.com\/fr\/wp-json\/wp\/v2\/pages"}],"about":[{"href":"https:\/\/kitronwinery.com\/fr\/wp-json\/wp\/v2\/types\/page"}],"author":[{"embeddable":true,"href":"https:\/\/kitronwinery.com\/fr\/wp-json\/wp\/v2\/users\/3"}],"replies":[{"embeddable":true,"href":"https:\/\/kitronwinery.com\/fr\/wp-json\/wp\/v2\/comments?post=3983"}],"version-history":[{"count":4,"href":"https:\/\/kitronwinery.com\/fr\/wp-json\/wp\/v2\/pages\/3983\/revisions"}],"predecessor-version":[{"id":4146,"href":"https:\/\/kitronwinery.com\/fr\/wp-json\/wp\/v2\/pages\/3983\/revisions\/4146"}],"wp:attachment":[{"href":"https:\/\/kitronwinery.com\/fr\/wp-json\/wp\/v2\/media?parent=3983"}],"curies":[{"name":"wp","href":"https:\/\/api.w.org\/{rel}","templated":true}]}}