{"id":3993,"date":"2018-02-22T15:07:00","date_gmt":"2018-02-22T15:07:00","guid":{"rendered":"https:\/\/kitronwinery.com\/%d7%9e%d7%a8%d7%9b%d7%96-%d7%94%d7%9e%d7%91%d7%a7%d7%a8%d7%99%d7%9d-copy\/"},"modified":"2021-07-20T11:23:14","modified_gmt":"2021-07-20T11:23:14","slug":"centre-daccueil","status":"publish","type":"page","link":"https:\/\/kitronwinery.com\/fr\/centre-daccueil\/","title":{"rendered":"Centre d\u2019accueil"},"content":{"rendered":"\t\t<div data-elementor-type=\"wp-page\" data-elementor-id=\"3993\" class=\"elementor elementor-3993 elementor-3463\" data-elementor-post-type=\"page\">\n\t\t\t\t\t\t<section class=\"elementor-section elementor-top-section elementor-element elementor-element-ysyjlzx elementor-section-full_width elementor-section-height-min-height elementor-section-items-stretch page-banner elementor-section-height-default\" data-id=\"ysyjlzx\" data-element_type=\"section\" data-e-type=\"section\" data-settings=\"{&quot;background_background&quot;:&quot;classic&quot;}\">\n\t\t\t\t\t\t\t<div class=\"elementor-background-overlay\"><\/div>\n\t\t\t\t\t\t\t<div class=\"elementor-container elementor-column-gap-default\">\n\t\t\t\t\t<div class=\"elementor-column elementor-col-100 elementor-top-column elementor-element elementor-element-bucdvij\" data-id=\"bucdvij\" data-element_type=\"column\" data-e-type=\"column\" data-settings=\"{&quot;background_background&quot;:&quot;gradient&quot;}\">\n\t\t\t<div class=\"elementor-widget-wrap elementor-element-populated\">\n\t\t\t\t\t<div class=\"elementor-background-overlay\"><\/div>\n\t\t\t\t\t\t<div class=\"elementor-element elementor-element-ciwvbcb elementor-invisible elementor-widget elementor-widget-text-editor\" data-id=\"ciwvbcb\" data-element_type=\"widget\" data-e-type=\"widget\" data-settings=\"{&quot;_animation&quot;:&quot;fadeInDown&quot;}\" data-widget_type=\"text-editor.default\">\n\t\t\t\t<div class=\"elementor-widget-container\">\n\t\t\t\t\t\t\t\t\t<p>Centre d\u2019accueil<\/p>\t\t\t\t\t\t\t\t<\/div>\n\t\t\t\t<\/div>\n\t\t\t\t<div class=\"elementor-element elementor-element-5d2a2e2 animated-slow elementor-view-default elementor-invisible elementor-widget elementor-widget-global elementor-global-3158 elementor-widget-icon\" data-id=\"5d2a2e2\" data-element_type=\"widget\" data-e-type=\"widget\" id=\"scroll-page\" data-settings=\"{&quot;_animation&quot;:&quot;zoomIn&quot;}\" data-widget_type=\"icon.default\">\n\t\t\t\t<div class=\"elementor-widget-container\">\n\t\t\t\t\t\t\t<div class=\"elementor-icon-wrapper\">\n\t\t\t<a class=\"elementor-icon\" href=\"#scroll-page\">\n\t\t\t\t\t\t\t<i class=\"fa fa-arrow-down\" aria-hidden=\"true\"><\/i>\n\t\t\t\t\t\t<\/a>\n\t\t<\/div>\n\t\t\t\t\t\t<\/div>\n\t\t\t\t<\/div>\n\t\t\t\t\t<\/div>\n\t\t<\/div>\n\t\t\t\t\t<\/div>\n\t\t<\/section>\n\t\t\t\t<section class=\"elementor-section elementor-top-section elementor-element elementor-element-48bf29a4 elementor-section-full_width elementor-section-height-default elementor-section-height-default\" data-id=\"48bf29a4\" data-element_type=\"section\" data-e-type=\"section\" data-settings=\"{&quot;background_background&quot;:&quot;classic&quot;}\">\n\t\t\t\t\t\t<div class=\"elementor-container elementor-column-gap-default\">\n\t\t\t\t\t<div class=\"elementor-column elementor-col-50 elementor-top-column elementor-element elementor-element-3ccff3b2\" data-id=\"3ccff3b2\" data-element_type=\"column\" data-e-type=\"column\">\n\t\t\t<div class=\"elementor-widget-wrap elementor-element-populated\">\n\t\t\t\t\t\t<div class=\"elementor-element elementor-element-4ba2f8a6 animated-fast elementor-invisible elementor-widget elementor-widget-text-editor\" data-id=\"4ba2f8a6\" data-element_type=\"widget\" data-e-type=\"widget\" data-settings=\"{&quot;_animation&quot;:&quot;fadeIn&quot;}\" data-widget_type=\"text-editor.default\">\n\t\t\t\t<div class=\"elementor-widget-container\">\n\t\t\t\t\t\t\t\t\t<p>Les portes de notre cave sont ouvertes \u00e0 tous. Nos visites guid\u00e9es ouvrent la porte \u00e0 notre \u00abcredo\u00bb dans le monde du vin, et introduisent nos invit\u00e9s \u00e0 la m\u00e9thode de production unique de son genre dans le monde &#8211; la gravitation. Lors de chacune de ces r\u00e9unions, qui est anim\u00e9e par l&rsquo;un des membres de la famille, nous combinons nos connaissances de la production de notre vin et notre vision, avec des d\u00e9gustations professionnelles, des associations vins-nourritures et des connaissances g\u00e9n\u00e9rales pour tous les amateurs de vin.<br \/>Chaque visite est un voyage fascinant qui vous donnera l&rsquo;occasion de ressentir l&rsquo;unicit\u00e9 et la pr\u00e9cision qui existent dans chaque vin et d&rsquo;exp\u00e9rimenter notre forte connexion avec la Galil\u00e9e et l&rsquo;histoire \u00e0 travers les g\u00e9n\u00e9rations. <br \/>Vous trouverez plusieurs options d&rsquo;h\u00e9bergement sur mesure en fonction du temps dont vous disposez et de la taille de votre groupe.<\/p>\t\t\t\t\t\t\t\t<\/div>\n\t\t\t\t<\/div>\n\t\t\t\t\t<\/div>\n\t\t<\/div>\n\t\t\t\t<div class=\"elementor-column elementor-col-50 elementor-top-column elementor-element elementor-element-60cc6b81\" data-id=\"60cc6b81\" data-element_type=\"column\" data-e-type=\"column\">\n\t\t\t<div class=\"elementor-widget-wrap elementor-element-populated\">\n\t\t\t\t\t\t<div class=\"elementor-element elementor-element-lcfmyrx animated-fast elementor-invisible elementor-widget elementor-widget-image\" data-id=\"lcfmyrx\" data-element_type=\"widget\" data-e-type=\"widget\" data-settings=\"{&quot;_animation&quot;:&quot;fadeIn&quot;}\" data-widget_type=\"image.default\">\n\t\t\t\t<div class=\"elementor-widget-container\">\n\t\t\t\t\t\t\t\t\t\t\t\t\t\t\t<img fetchpriority=\"high\" decoding=\"async\" width=\"800\" height=\"600\" src=\"https:\/\/kitronwinery.com\/wp-content\/uploads\/2017\/12\/Untitled-design-30.jpg\" class=\"attachment-full size-full wp-image-3445\" alt=\"\" srcset=\"https:\/\/kitronwinery.com\/wp-content\/uploads\/2017\/12\/Untitled-design-30.jpg 800w, https:\/\/kitronwinery.com\/wp-content\/uploads\/2017\/12\/Untitled-design-30-300x225.jpg 300w, https:\/\/kitronwinery.com\/wp-content\/uploads\/2017\/12\/Untitled-design-30-768x576.jpg 768w\" sizes=\"(max-width: 800px) 100vw, 800px\" \/>\t\t\t\t\t\t\t\t\t\t\t\t\t\t\t<\/div>\n\t\t\t\t<\/div>\n\t\t\t\t\t<\/div>\n\t\t<\/div>\n\t\t\t\t\t<\/div>\n\t\t<\/section>\n\t\t\t\t<section class=\"elementor-section elementor-top-section elementor-element elementor-element-4c92dc9d elementor-section-full_width elementor-reverse-mobile elementor-section-height-default elementor-section-height-default\" data-id=\"4c92dc9d\" data-element_type=\"section\" data-e-type=\"section\" data-settings=\"{&quot;background_background&quot;:&quot;classic&quot;}\">\n\t\t\t\t\t\t<div class=\"elementor-container elementor-column-gap-default\">\n\t\t\t\t\t<div class=\"elementor-column elementor-col-50 elementor-top-column elementor-element elementor-element-45fb740c\" data-id=\"45fb740c\" data-element_type=\"column\" data-e-type=\"column\">\n\t\t\t<div class=\"elementor-widget-wrap elementor-element-populated\">\n\t\t\t\t\t\t<div class=\"elementor-element elementor-element-hbdpnuw animated-fast elementor-invisible elementor-widget elementor-widget-image\" data-id=\"hbdpnuw\" data-element_type=\"widget\" data-e-type=\"widget\" data-settings=\"{&quot;_animation&quot;:&quot;fadeIn&quot;}\" data-widget_type=\"image.default\">\n\t\t\t\t<div class=\"elementor-widget-container\">\n\t\t\t\t\t\t\t\t\t\t\t\t\t\t\t<img decoding=\"async\" width=\"800\" height=\"534\" src=\"https:\/\/kitronwinery.com\/wp-content\/uploads\/2018\/02\/\u05d0\u05ea\u05e8.jpg\" class=\"attachment-large size-large wp-image-3880\" alt=\"\" srcset=\"https:\/\/kitronwinery.com\/wp-content\/uploads\/2018\/02\/\u05d0\u05ea\u05e8.jpg 800w, https:\/\/kitronwinery.com\/wp-content\/uploads\/2018\/02\/\u05d0\u05ea\u05e8-300x200.jpg 300w, https:\/\/kitronwinery.com\/wp-content\/uploads\/2018\/02\/\u05d0\u05ea\u05e8-768x513.jpg 768w\" sizes=\"(max-width: 800px) 100vw, 800px\" \/>\t\t\t\t\t\t\t\t\t\t\t\t\t\t\t<\/div>\n\t\t\t\t<\/div>\n\t\t\t\t\t<\/div>\n\t\t<\/div>\n\t\t\t\t<div class=\"elementor-column elementor-col-50 elementor-top-column elementor-element elementor-element-14c6fcef\" data-id=\"14c6fcef\" data-element_type=\"column\" data-e-type=\"column\">\n\t\t\t<div class=\"elementor-widget-wrap elementor-element-populated\">\n\t\t\t\t\t\t<div class=\"elementor-element elementor-element-03b7c3c elementor-widget elementor-widget-image\" data-id=\"03b7c3c\" data-element_type=\"widget\" data-e-type=\"widget\" data-widget_type=\"image.default\">\n\t\t\t\t<div class=\"elementor-widget-container\">\n\t\t\t\t\t\t\t\t\t\t\t\t\t\t\t<img decoding=\"async\" width=\"160\" height=\"120\" src=\"https:\/\/kitronwinery.com\/wp-content\/uploads\/2018\/02\/\u05d0\u05d9\u05d5\u05e8-123.gif\" class=\"attachment-large size-large wp-image-3851\" alt=\"\" \/>\t\t\t\t\t\t\t\t\t\t\t\t\t\t\t<\/div>\n\t\t\t\t<\/div>\n\t\t\t\t<div class=\"elementor-element elementor-element-277d127 animated-fast elementor-invisible elementor-widget elementor-widget-heading\" data-id=\"277d127\" data-element_type=\"widget\" data-e-type=\"widget\" data-settings=\"{&quot;_animation&quot;:&quot;fadeIn&quot;}\" data-widget_type=\"heading.default\">\n\t\t\t\t<div class=\"elementor-widget-container\">\n\t\t\t\t\t<h4 class=\"elementor-heading-title elementor-size-large\">Tour classique <\/h4>\t\t\t\t<\/div>\n\t\t\t\t<\/div>\n\t\t\t\t<div class=\"elementor-element elementor-element-1cbf717d animated-fast elementor-invisible elementor-widget elementor-widget-text-editor\" data-id=\"1cbf717d\" data-element_type=\"widget\" data-e-type=\"widget\" data-settings=\"{&quot;_animation&quot;:&quot;fadeIn&quot;}\" data-widget_type=\"text-editor.default\">\n\t\t\t\t<div class=\"elementor-widget-container\">\n\t\t\t\t\t\t\t\t\t<p>une visite guid\u00e9e comprenant une explication du processus de production du vin, une visite \u00e0 la cave creus\u00e9e dans la roche, et d\u00e9gustation de trois types de vin. <br \/>Les vins sont servis avec des rafra\u00eechissements.<br \/>La visite dure environ 45 minutes.<br \/>Le tour est bas\u00e9 sur des places disponibles.<\/p>\t\t\t\t\t\t\t\t<\/div>\n\t\t\t\t<\/div>\n\t\t\t\t\t<\/div>\n\t\t<\/div>\n\t\t\t\t\t<\/div>\n\t\t<\/section>\n\t\t\t\t<section class=\"elementor-section elementor-top-section elementor-element elementor-element-a5e212d elementor-section-full_width elementor-section-height-default elementor-section-height-default\" data-id=\"a5e212d\" data-element_type=\"section\" data-e-type=\"section\" data-settings=\"{&quot;background_background&quot;:&quot;classic&quot;}\">\n\t\t\t\t\t\t<div class=\"elementor-container elementor-column-gap-default\">\n\t\t\t\t\t<div class=\"elementor-column elementor-col-50 elementor-top-column elementor-element elementor-element-ca81f59\" data-id=\"ca81f59\" data-element_type=\"column\" data-e-type=\"column\">\n\t\t\t<div class=\"elementor-widget-wrap elementor-element-populated\">\n\t\t\t\t\t\t<div class=\"elementor-element elementor-element-4f16cb4 elementor-widget elementor-widget-image\" data-id=\"4f16cb4\" data-element_type=\"widget\" data-e-type=\"widget\" data-widget_type=\"image.default\">\n\t\t\t\t<div class=\"elementor-widget-container\">\n\t\t\t\t\t\t\t\t\t\t\t\t\t\t\t<img decoding=\"async\" width=\"160\" height=\"120\" src=\"https:\/\/kitronwinery.com\/wp-content\/uploads\/2018\/02\/\u05d0\u05d9\u05d5\u05e8-123.gif\" class=\"attachment-large size-large wp-image-3851\" alt=\"\" \/>\t\t\t\t\t\t\t\t\t\t\t\t\t\t\t<\/div>\n\t\t\t\t<\/div>\n\t\t\t\t<div class=\"elementor-element elementor-element-6ff6c9c animated-fast elementor-invisible elementor-widget elementor-widget-heading\" data-id=\"6ff6c9c\" data-element_type=\"widget\" data-e-type=\"widget\" data-settings=\"{&quot;_animation&quot;:&quot;fadeIn&quot;}\" data-widget_type=\"heading.default\">\n\t\t\t\t<div class=\"elementor-widget-container\">\n\t\t\t\t\t<h4 class=\"elementor-heading-title elementor-size-large\">Tour VIP <\/h4>\t\t\t\t<\/div>\n\t\t\t\t<\/div>\n\t\t\t\t<div class=\"elementor-element elementor-element-ab5c651 animated-fast elementor-invisible elementor-widget elementor-widget-text-editor\" data-id=\"ab5c651\" data-element_type=\"widget\" data-e-type=\"widget\" data-settings=\"{&quot;_animation&quot;:&quot;fadeIn&quot;}\" data-widget_type=\"text-editor.default\">\n\t\t\t\t<div class=\"elementor-widget-container\">\n\t\t\t\t\t\t\t\t\t<p>une visite guid\u00e9e qui offre une ouverture sur les secrets et les histoires derri\u00e8re la cave, et fournit une vue profonde de ce que nous faisons.<br \/>La visite comprend : une visite professionnelle de la cave, une revue compl\u00e8te de la m\u00e9thode de production unique, et une d\u00e9gustation de notre vin <br \/>La visite dure environ une heure et demie<br \/>Le tour est accompagn\u00e9 de riches produits locaux pour harmoniser et exprimer les tanins de chaque vin &#8211; assiettes de fromages de ch\u00e8vre, thon fum\u00e9, snacks \u00e9pic\u00e9s, trempettes de la Galil\u00e9e etc.<br \/>La visite est organis\u00e9e \u00e0 l&rsquo;avance ou sur une base des places disponibles<\/p>\t\t\t\t\t\t\t\t<\/div>\n\t\t\t\t<\/div>\n\t\t\t\t\t<\/div>\n\t\t<\/div>\n\t\t\t\t<div class=\"elementor-column elementor-col-50 elementor-top-column elementor-element elementor-element-c026c1c\" data-id=\"c026c1c\" data-element_type=\"column\" data-e-type=\"column\">\n\t\t\t<div class=\"elementor-widget-wrap elementor-element-populated\">\n\t\t\t\t\t\t<div class=\"elementor-element elementor-element-5507ce8 animated-fast elementor-invisible elementor-widget elementor-widget-image\" data-id=\"5507ce8\" data-element_type=\"widget\" data-e-type=\"widget\" data-settings=\"{&quot;_animation&quot;:&quot;fadeIn&quot;}\" data-widget_type=\"image.default\">\n\t\t\t\t<div class=\"elementor-widget-container\">\n\t\t\t\t\t\t\t\t\t\t\t\t\t\t\t<img decoding=\"async\" src=\"https:\/\/kitronwinery.com\/wp-content\/uploads\/2018\/05\/IMG-9255.jpg\" title=\"\" alt=\"\" loading=\"lazy\" \/>\t\t\t\t\t\t\t\t\t\t\t\t\t\t\t<\/div>\n\t\t\t\t<\/div>\n\t\t\t\t\t<\/div>\n\t\t<\/div>\n\t\t\t\t\t<\/div>\n\t\t<\/section>\n\t\t\t\t<section class=\"elementor-section elementor-top-section elementor-element elementor-element-2d69dc0 elementor-section-full_width elementor-reverse-mobile elementor-section-height-default elementor-section-height-default\" data-id=\"2d69dc0\" data-element_type=\"section\" data-e-type=\"section\" data-settings=\"{&quot;background_background&quot;:&quot;classic&quot;}\">\n\t\t\t\t\t\t<div class=\"elementor-container elementor-column-gap-default\">\n\t\t\t\t\t<div class=\"elementor-column elementor-col-50 elementor-top-column elementor-element elementor-element-ffde263\" data-id=\"ffde263\" data-element_type=\"column\" data-e-type=\"column\">\n\t\t\t<div class=\"elementor-widget-wrap elementor-element-populated\">\n\t\t\t\t\t\t<div class=\"elementor-element elementor-element-7d5d7aa animated-fast elementor-invisible elementor-widget elementor-widget-image\" data-id=\"7d5d7aa\" data-element_type=\"widget\" data-e-type=\"widget\" data-settings=\"{&quot;_animation&quot;:&quot;fadeIn&quot;}\" data-widget_type=\"image.default\">\n\t\t\t\t<div class=\"elementor-widget-container\">\n\t\t\t\t\t\t\t\t\t\t\t\t\t\t\t<img loading=\"lazy\" decoding=\"async\" width=\"800\" height=\"584\" src=\"https:\/\/kitronwinery.com\/wp-content\/uploads\/2018\/01\/IMG-7846-1-1024x747.jpg\" class=\"attachment-large size-large wp-image-3706\" alt=\"\" srcset=\"https:\/\/kitronwinery.com\/wp-content\/uploads\/2018\/01\/IMG-7846-1-1024x747.jpg 1024w, https:\/\/kitronwinery.com\/wp-content\/uploads\/2018\/01\/IMG-7846-1-300x219.jpg 300w, https:\/\/kitronwinery.com\/wp-content\/uploads\/2018\/01\/IMG-7846-1-768x560.jpg 768w, https:\/\/kitronwinery.com\/wp-content\/uploads\/2018\/01\/IMG-7846-1.jpg 1242w\" sizes=\"(max-width: 800px) 100vw, 800px\" \/>\t\t\t\t\t\t\t\t\t\t\t\t\t\t\t<\/div>\n\t\t\t\t<\/div>\n\t\t\t\t\t<\/div>\n\t\t<\/div>\n\t\t\t\t<div class=\"elementor-column elementor-col-50 elementor-top-column elementor-element elementor-element-e257c14\" data-id=\"e257c14\" data-element_type=\"column\" data-e-type=\"column\">\n\t\t\t<div class=\"elementor-widget-wrap elementor-element-populated\">\n\t\t\t\t\t\t<div class=\"elementor-element elementor-element-81d44ab elementor-widget elementor-widget-image\" data-id=\"81d44ab\" data-element_type=\"widget\" data-e-type=\"widget\" data-widget_type=\"image.default\">\n\t\t\t\t<div class=\"elementor-widget-container\">\n\t\t\t\t\t\t\t\t\t\t\t\t\t\t\t<img decoding=\"async\" width=\"160\" height=\"120\" src=\"https:\/\/kitronwinery.com\/wp-content\/uploads\/2018\/02\/\u05d0\u05d9\u05d5\u05e8-123.gif\" class=\"attachment-large size-large wp-image-3851\" alt=\"\" \/>\t\t\t\t\t\t\t\t\t\t\t\t\t\t\t<\/div>\n\t\t\t\t<\/div>\n\t\t\t\t<div class=\"elementor-element elementor-element-23f863f elementor-widget elementor-widget-heading\" data-id=\"23f863f\" data-element_type=\"widget\" data-e-type=\"widget\" data-widget_type=\"heading.default\">\n\t\t\t\t<div class=\"elementor-widget-container\">\n\t\t\t\t\t<h4 class=\"elementor-heading-title elementor-size-large\">Tour culinaire <\/h4>\t\t\t\t<\/div>\n\t\t\t\t<\/div>\n\t\t\t\t<div class=\"elementor-element elementor-element-7c65f45 elementor-widget elementor-widget-text-editor\" data-id=\"7c65f45\" data-element_type=\"widget\" data-e-type=\"widget\" data-widget_type=\"text-editor.default\">\n\t\t\t\t<div class=\"elementor-widget-container\">\n\t\t\t\t\t\t\t\t\t<p>une visite professionnelle compl\u00e8te qui combine un riche repas laitier, sp\u00e9cialement con\u00e7u pour vous selon votre commande. <br \/>Le tour commence par une visite de la cave et se poursuit avec un repas dans la galerie priv\u00e9e, avec vue d&rsquo;un c\u00f4t\u00e9 sur les cuves de gravitation, et de l\u2019autre c\u00f4t\u00e9 surplombe une vue panoramique de la Galil\u00e9e.<br \/>La dur\u00e9e est d&rsquo;environ deux heures. La visite est organis\u00e9e \u00e0 l&rsquo;avance. Menu carte sera envoy\u00e9 sur demande<\/p>\t\t\t\t\t\t\t\t<\/div>\n\t\t\t\t<\/div>\n\t\t\t\t\t<\/div>\n\t\t<\/div>\n\t\t\t\t\t<\/div>\n\t\t<\/section>\n\t\t\t\t<\/div>\n\t\t","protected":false},"excerpt":{"rendered":"<p>Centre d\u2019accueil Les portes de notre cave sont ouvertes \u00e0 tous. Nos visites guid\u00e9es ouvrent la porte \u00e0 notre \u00abcredo\u00bb dans le monde du vin, et introduisent nos invit\u00e9s \u00e0 la m\u00e9thode de production unique de son genre dans le monde &#8211; la gravitation. Lors de chacune de ces r\u00e9unions, qui est anim\u00e9e par l&rsquo;un [&hellip;]<\/p>\n","protected":false},"author":3,"featured_media":0,"parent":0,"menu_order":0,"comment_status":"closed","ping_status":"closed","template":"","meta":{"footnotes":""},"class_list":["post-3993","page","type-page","status-publish","hentry"],"_links":{"self":[{"href":"https:\/\/kitronwinery.com\/fr\/wp-json\/wp\/v2\/pages\/3993","targetHints":{"allow":["GET"]}}],"collection":[{"href":"https:\/\/kitronwinery.com\/fr\/wp-json\/wp\/v2\/pages"}],"about":[{"href":"https:\/\/kitronwinery.com\/fr\/wp-json\/wp\/v2\/types\/page"}],"author":[{"embeddable":true,"href":"https:\/\/kitronwinery.com\/fr\/wp-json\/wp\/v2\/users\/3"}],"replies":[{"embeddable":true,"href":"https:\/\/kitronwinery.com\/fr\/wp-json\/wp\/v2\/comments?post=3993"}],"version-history":[{"count":5,"href":"https:\/\/kitronwinery.com\/fr\/wp-json\/wp\/v2\/pages\/3993\/revisions"}],"predecessor-version":[{"id":4363,"href":"https:\/\/kitronwinery.com\/fr\/wp-json\/wp\/v2\/pages\/3993\/revisions\/4363"}],"wp:attachment":[{"href":"https:\/\/kitronwinery.com\/fr\/wp-json\/wp\/v2\/media?parent=3993"}],"curies":[{"name":"wp","href":"https:\/\/api.w.org\/{rel}","templated":true}]}}