{"id":3996,"date":"2018-02-22T15:11:34","date_gmt":"2018-02-22T15:11:34","guid":{"rendered":"https:\/\/kitronwinery.com\/%d7%90%d7%99%d7%a8%d7%95%d7%a2%d7%99%d7%9d-%d7%95%d7%9b%d7%a0%d7%a1%d7%99%d7%9d-%d7%91%d7%9b%d7%a4%d7%a8-%d7%94%d7%99%d7%99%d7%9f-%e2%80%8b-copy\/"},"modified":"2021-07-20T11:23:15","modified_gmt":"2021-07-20T11:23:15","slug":"evenements-dans-le-village-viticole","status":"publish","type":"page","link":"https:\/\/kitronwinery.com\/fr\/evenements-dans-le-village-viticole\/","title":{"rendered":"Ev\u00e8nements dans le village viticole"},"content":{"rendered":"\t\t<div data-elementor-type=\"wp-page\" data-elementor-id=\"3996\" class=\"elementor elementor-3996 elementor-3495\" data-elementor-post-type=\"page\">\n\t\t\t\t\t\t<section class=\"elementor-section elementor-top-section elementor-element elementor-element-ysyjlzx elementor-section-full_width elementor-section-height-min-height elementor-section-items-stretch page-banner elementor-section-height-default\" data-id=\"ysyjlzx\" data-element_type=\"section\" data-e-type=\"section\" data-settings=\"{&quot;background_background&quot;:&quot;classic&quot;}\">\n\t\t\t\t\t\t\t<div class=\"elementor-background-overlay\"><\/div>\n\t\t\t\t\t\t\t<div class=\"elementor-container elementor-column-gap-default\">\n\t\t\t\t\t<div class=\"elementor-column elementor-col-100 elementor-top-column elementor-element elementor-element-bucdvij\" data-id=\"bucdvij\" data-element_type=\"column\" data-e-type=\"column\" data-settings=\"{&quot;background_background&quot;:&quot;gradient&quot;}\">\n\t\t\t<div class=\"elementor-widget-wrap elementor-element-populated\">\n\t\t\t\t\t<div class=\"elementor-background-overlay\"><\/div>\n\t\t\t\t\t\t<div class=\"elementor-element elementor-element-ciwvbcb elementor-invisible elementor-widget elementor-widget-text-editor\" data-id=\"ciwvbcb\" data-element_type=\"widget\" data-e-type=\"widget\" data-settings=\"{&quot;_animation&quot;:&quot;fadeInDown&quot;}\" data-widget_type=\"text-editor.default\">\n\t\t\t\t<div class=\"elementor-widget-container\">\n\t\t\t\t\t\t\t\t\t<p>Ev\u00e8nements dans le village viticole<\/p>\t\t\t\t\t\t\t\t<\/div>\n\t\t\t\t<\/div>\n\t\t\t\t<div class=\"elementor-element elementor-element-5d2a2e2 animated-slow elementor-view-default elementor-invisible elementor-widget elementor-widget-global elementor-global-3158 elementor-widget-icon\" data-id=\"5d2a2e2\" data-element_type=\"widget\" data-e-type=\"widget\" id=\"scroll-page\" data-settings=\"{&quot;_animation&quot;:&quot;zoomIn&quot;}\" data-widget_type=\"icon.default\">\n\t\t\t\t<div class=\"elementor-widget-container\">\n\t\t\t\t\t\t\t<div class=\"elementor-icon-wrapper\">\n\t\t\t<a class=\"elementor-icon\" href=\"#scroll-page\">\n\t\t\t\t\t\t\t<i class=\"fa fa-arrow-down\" aria-hidden=\"true\"><\/i>\n\t\t\t\t\t\t<\/a>\n\t\t<\/div>\n\t\t\t\t\t\t<\/div>\n\t\t\t\t<\/div>\n\t\t\t\t\t<\/div>\n\t\t<\/div>\n\t\t\t\t\t<\/div>\n\t\t<\/section>\n\t\t\t\t<section class=\"elementor-section elementor-top-section elementor-element elementor-element-48bf29a4 elementor-section-full_width elementor-section-height-default elementor-section-height-default\" data-id=\"48bf29a4\" data-element_type=\"section\" data-e-type=\"section\" data-settings=\"{&quot;background_background&quot;:&quot;classic&quot;}\">\n\t\t\t\t\t\t<div class=\"elementor-container elementor-column-gap-default\">\n\t\t\t\t\t<div class=\"elementor-column elementor-col-50 elementor-top-column elementor-element elementor-element-3ccff3b2\" data-id=\"3ccff3b2\" data-element_type=\"column\" data-e-type=\"column\">\n\t\t\t<div class=\"elementor-widget-wrap elementor-element-populated\">\n\t\t\t\t\t\t<div class=\"elementor-element elementor-element-4ba2f8a6 animated-slow elementor-invisible elementor-widget elementor-widget-text-editor\" data-id=\"4ba2f8a6\" data-element_type=\"widget\" data-e-type=\"widget\" data-settings=\"{&quot;_animation&quot;:&quot;fadeIn&quot;}\" data-widget_type=\"text-editor.default\">\n\t\t\t\t<div class=\"elementor-widget-container\">\n\t\t\t\t\t\t\t\t\t<p>Dans le village il y a plusieurs complexes d&rsquo;\u00e9v\u00e9nements de diff\u00e9rents types adapt\u00e9s aux \u00e9v\u00e9nements ext\u00e9rieurs ou int\u00e9rieurs, utilisable toute l&rsquo;ann\u00e9e, qui nous permettent de vous organiser une exp\u00e9rience sp\u00e9ciale, passionnante et unique. Quel que soit l&rsquo;\u00e9v\u00e9nement choisi, une visite professionnelle et compl\u00e8te sera r\u00e9alis\u00e9e par l&rsquo;un des membres de la famille. Cette visite comprend l&rsquo;histoire de la famille et l\u2019explication de notre vision pour \u00ab le village du vin \u00bb, la philosophie unique de production, l&rsquo;histoire fascinante et l&rsquo;importance de \u00ab\u00a0Kitron\u00a0\u00bb qui est Zippori, la grande valeur arch\u00e9ologique li\u00e9e au vin et au patrimoine familial, qui se trouve de l&rsquo;autre c\u00f4t\u00e9 de la cave et enfin, une d\u00e9gustation professionnelle des diff\u00e9rents mill\u00e9simes de notre vin, qui compl\u00e8tera la visite.<br \/>Le Village viticole est une entreprise familiale g\u00e9r\u00e9e par les membres de la famille, dans une perspective de qualit\u00e9 sans compromis et d&rsquo;aspiration \u00e0 la perfection. Nous sommes pr\u00e9sents dans chaque \u00e9v\u00e9nement, jusqu\u2019\u00e0 sa fin, afin de s&rsquo;assurer que tout se passe selon les plans pr\u00e9vus jusqu\u2019aux petit d\u00e9tails, et le haut niveau qui caract\u00e9rise le village viticole Kitron.<\/p>\t\t\t\t\t\t\t\t<\/div>\n\t\t\t\t<\/div>\n\t\t\t\t\t<\/div>\n\t\t<\/div>\n\t\t\t\t<div class=\"elementor-column elementor-col-50 elementor-top-column elementor-element elementor-element-60cc6b81\" data-id=\"60cc6b81\" data-element_type=\"column\" data-e-type=\"column\">\n\t\t\t<div class=\"elementor-widget-wrap elementor-element-populated\">\n\t\t\t\t\t\t<div class=\"elementor-element elementor-element-lcfmyrx animated-slow elementor-invisible elementor-widget elementor-widget-image\" data-id=\"lcfmyrx\" data-element_type=\"widget\" data-e-type=\"widget\" data-settings=\"{&quot;_animation&quot;:&quot;fadeIn&quot;}\" data-widget_type=\"image.default\">\n\t\t\t\t<div class=\"elementor-widget-container\">\n\t\t\t\t\t\t\t\t\t\t\t\t\t\t\t<img fetchpriority=\"high\" decoding=\"async\" width=\"800\" height=\"534\" src=\"https:\/\/kitronwinery.com\/wp-content\/uploads\/2018\/02\/IMG_5385-1024x683.jpg\" class=\"attachment-large size-large wp-image-3876\" alt=\"\" srcset=\"https:\/\/kitronwinery.com\/wp-content\/uploads\/2018\/02\/IMG_5385-1024x683.jpg 1024w, https:\/\/kitronwinery.com\/wp-content\/uploads\/2018\/02\/IMG_5385-300x200.jpg 300w, https:\/\/kitronwinery.com\/wp-content\/uploads\/2018\/02\/IMG_5385-768x512.jpg 768w\" sizes=\"(max-width: 800px) 100vw, 800px\" \/>\t\t\t\t\t\t\t\t\t\t\t\t\t\t\t<\/div>\n\t\t\t\t<\/div>\n\t\t\t\t\t<\/div>\n\t\t<\/div>\n\t\t\t\t\t<\/div>\n\t\t<\/section>\n\t\t\t\t<section class=\"elementor-section elementor-top-section elementor-element elementor-element-4c92dc9d elementor-section-full_width elementor-reverse-mobile elementor-section-height-default elementor-section-height-default\" data-id=\"4c92dc9d\" data-element_type=\"section\" data-e-type=\"section\" data-settings=\"{&quot;background_background&quot;:&quot;classic&quot;}\">\n\t\t\t\t\t\t<div class=\"elementor-container elementor-column-gap-default\">\n\t\t\t\t\t<div class=\"elementor-column elementor-col-50 elementor-top-column elementor-element elementor-element-45fb740c\" data-id=\"45fb740c\" data-element_type=\"column\" data-e-type=\"column\">\n\t\t\t<div class=\"elementor-widget-wrap elementor-element-populated\">\n\t\t\t\t\t\t<div class=\"elementor-element elementor-element-hbdpnuw animated-slow elementor-invisible elementor-widget elementor-widget-image\" data-id=\"hbdpnuw\" data-element_type=\"widget\" data-e-type=\"widget\" data-settings=\"{&quot;_animation&quot;:&quot;fadeIn&quot;}\" data-widget_type=\"image.default\">\n\t\t\t\t<div class=\"elementor-widget-container\">\n\t\t\t\t\t\t\t\t\t\t\t\t\t\t\t<img decoding=\"async\" width=\"800\" height=\"534\" src=\"https:\/\/kitronwinery.com\/wp-content\/uploads\/2018\/02\/IMG_9903-1024x683.jpg\" class=\"attachment-large size-large wp-image-3872\" alt=\"\" srcset=\"https:\/\/kitronwinery.com\/wp-content\/uploads\/2018\/02\/IMG_9903-1024x683.jpg 1024w, https:\/\/kitronwinery.com\/wp-content\/uploads\/2018\/02\/IMG_9903-300x200.jpg 300w, https:\/\/kitronwinery.com\/wp-content\/uploads\/2018\/02\/IMG_9903-768x512.jpg 768w\" sizes=\"(max-width: 800px) 100vw, 800px\" \/>\t\t\t\t\t\t\t\t\t\t\t\t\t\t\t<\/div>\n\t\t\t\t<\/div>\n\t\t\t\t\t<\/div>\n\t\t<\/div>\n\t\t\t\t<div class=\"elementor-column elementor-col-50 elementor-top-column elementor-element elementor-element-14c6fcef\" data-id=\"14c6fcef\" data-element_type=\"column\" data-e-type=\"column\">\n\t\t\t<div class=\"elementor-widget-wrap elementor-element-populated\">\n\t\t\t\t\t\t<div class=\"elementor-element elementor-element-1cbf717d animated-slow elementor-invisible elementor-widget elementor-widget-text-editor\" data-id=\"1cbf717d\" data-element_type=\"widget\" data-e-type=\"widget\" data-settings=\"{&quot;_animation&quot;:&quot;fadeIn&quot;}\" data-widget_type=\"text-editor.default\">\n\t\t\t\t<div class=\"elementor-widget-container\">\n\t\t\t\t\t\t\t\t\t<p>Dans le village il y a plusieurs complexes d&rsquo;\u00e9v\u00e9nements de diff\u00e9rents types adapt\u00e9s aux \u00e9v\u00e9nements ext\u00e9rieurs ou int\u00e9rieurs, utilisable toute l&rsquo;ann\u00e9e, qui nous permettent de vous organiser une exp\u00e9rience sp\u00e9ciale, passionnante et unique. Quel que soit l&rsquo;\u00e9v\u00e9nement choisi, une visite professionnelle et compl\u00e8te sera r\u00e9alis\u00e9e par l&rsquo;un des membres de la famille. Cette visite comprend l&rsquo;histoire de la famille et l\u2019explication de notre vision pour \u00ab le village du vin \u00bb, la philosophie unique de production, l&rsquo;histoire fascinante et l&rsquo;importance de \u00ab\u00a0Kitron\u00a0\u00bb qui est Zippori, la grande valeur arch\u00e9ologique li\u00e9e au vin et au patrimoine familial, qui se trouve de l&rsquo;autre c\u00f4t\u00e9 de la cave et enfin, une d\u00e9gustation professionnelle des diff\u00e9rents mill\u00e9simes de notre vin, qui compl\u00e8tera la visite.<br \/>Le Village viticole est une entreprise familiale g\u00e9r\u00e9e par les membres de la famille, dans une perspective de qualit\u00e9 sans compromis et d&rsquo;aspiration \u00e0 la perfection. Nous sommes pr\u00e9sents dans chaque \u00e9v\u00e9nement, jusqu\u2019\u00e0 sa fin, afin de s&rsquo;assurer que tout se passe selon les plans pr\u00e9vus jusqu\u2019aux petit d\u00e9tails, et le haut niveau qui caract\u00e9rise le village viticole Kitron.<\/p>\t\t\t\t\t\t\t\t<\/div>\n\t\t\t\t<\/div>\n\t\t\t\t\t<\/div>\n\t\t<\/div>\n\t\t\t\t\t<\/div>\n\t\t<\/section>\n\t\t\t\t<section class=\"elementor-section elementor-top-section elementor-element elementor-element-a5e212d elementor-section-full_width elementor-section-height-default elementor-section-height-default\" data-id=\"a5e212d\" data-element_type=\"section\" data-e-type=\"section\" data-settings=\"{&quot;background_background&quot;:&quot;classic&quot;}\">\n\t\t\t\t\t\t<div class=\"elementor-container elementor-column-gap-default\">\n\t\t\t\t\t<div class=\"elementor-column elementor-col-50 elementor-top-column elementor-element elementor-element-ca81f59\" data-id=\"ca81f59\" data-element_type=\"column\" data-e-type=\"column\">\n\t\t\t<div class=\"elementor-widget-wrap elementor-element-populated\">\n\t\t\t\t\t\t<div class=\"elementor-element elementor-element-28c09f83 animated-fast elementor-invisible elementor-widget elementor-widget-heading\" data-id=\"28c09f83\" data-element_type=\"widget\" data-e-type=\"widget\" data-settings=\"{&quot;_animation&quot;:&quot;fadeIn&quot;}\" data-widget_type=\"heading.default\">\n\t\t\t\t<div class=\"elementor-widget-container\">\n\t\t\t\t\t<h4 class=\"elementor-heading-title elementor-size-large\">\u00c9v\u00e9nements priv\u00e9s <\/h4>\t\t\t\t<\/div>\n\t\t\t\t<\/div>\n\t\t\t\t<div class=\"elementor-element elementor-element-ab5c651 animated-slow elementor-invisible elementor-widget elementor-widget-text-editor\" data-id=\"ab5c651\" data-element_type=\"widget\" data-e-type=\"widget\" data-settings=\"{&quot;_animation&quot;:&quot;fadeIn&quot;}\" data-widget_type=\"text-editor.default\">\n\t\t\t\t<div class=\"elementor-widget-container\">\n\t\t\t\t\t\t\t\t\t<p>Des \u00e9v\u00e9nements sp\u00e9ciaux exclusifs, personnalis\u00e9s et construits avec soin selon les besoins exacts du client.<br \/>Le village offre un large \u00e9ventail d&rsquo;options. Les \u00e9v\u00e9nements se d\u00e9roulent dans une atmosph\u00e8re pastorale, d\u00e9tendue et rurale, dans l&rsquo;une des zones d&rsquo;h\u00e9bergement de votre choix. Nous vous invitons \u00e0 c\u00e9l\u00e9brer des mariages, anniversaires et autres \u00e9v\u00e9nements passionnants.<br \/>Le lieu ne tient pas d&rsquo;\u00e9v\u00e9nements en m\u00eame temps et offre une intimit\u00e9 totale \u00e0 ceux qui y s\u00e9journent, assurant ainsi une atmosph\u00e8re intime et professionnelle.<\/p>\t\t\t\t\t\t\t\t<\/div>\n\t\t\t\t<\/div>\n\t\t\t\t\t<\/div>\n\t\t<\/div>\n\t\t\t\t<div class=\"elementor-column elementor-col-50 elementor-top-column elementor-element elementor-element-c026c1c\" data-id=\"c026c1c\" data-element_type=\"column\" data-e-type=\"column\">\n\t\t\t<div class=\"elementor-widget-wrap elementor-element-populated\">\n\t\t\t\t\t\t<div class=\"elementor-element elementor-element-5507ce8 animated-slow elementor-invisible elementor-widget elementor-widget-image\" data-id=\"5507ce8\" data-element_type=\"widget\" data-e-type=\"widget\" data-settings=\"{&quot;_animation&quot;:&quot;fadeIn&quot;}\" data-widget_type=\"image.default\">\n\t\t\t\t<div class=\"elementor-widget-container\">\n\t\t\t\t\t\t\t\t\t\t\t\t\t\t\t<img decoding=\"async\" width=\"800\" height=\"600\" src=\"https:\/\/kitronwinery.com\/wp-content\/uploads\/2018\/01\/Untitled-design-2-1.jpg\" class=\"attachment-large size-large wp-image-3501\" alt=\"\" srcset=\"https:\/\/kitronwinery.com\/wp-content\/uploads\/2018\/01\/Untitled-design-2-1.jpg 800w, https:\/\/kitronwinery.com\/wp-content\/uploads\/2018\/01\/Untitled-design-2-1-300x225.jpg 300w, https:\/\/kitronwinery.com\/wp-content\/uploads\/2018\/01\/Untitled-design-2-1-768x576.jpg 768w\" sizes=\"(max-width: 800px) 100vw, 800px\" \/>\t\t\t\t\t\t\t\t\t\t\t\t\t\t\t<\/div>\n\t\t\t\t<\/div>\n\t\t\t\t\t<\/div>\n\t\t<\/div>\n\t\t\t\t\t<\/div>\n\t\t<\/section>\n\t\t\t\t<section class=\"elementor-section elementor-top-section elementor-element elementor-element-2d69dc0 elementor-section-full_width elementor-reverse-mobile elementor-section-height-default elementor-section-height-default\" data-id=\"2d69dc0\" data-element_type=\"section\" data-e-type=\"section\" data-settings=\"{&quot;background_background&quot;:&quot;classic&quot;}\">\n\t\t\t\t\t\t<div class=\"elementor-container elementor-column-gap-default\">\n\t\t\t\t\t<div class=\"elementor-column elementor-col-50 elementor-top-column elementor-element elementor-element-ffde263\" data-id=\"ffde263\" data-element_type=\"column\" data-e-type=\"column\">\n\t\t\t<div class=\"elementor-widget-wrap elementor-element-populated\">\n\t\t\t\t\t\t<div class=\"elementor-element elementor-element-7d5d7aa animated-slow elementor-invisible elementor-widget elementor-widget-image\" data-id=\"7d5d7aa\" data-element_type=\"widget\" data-e-type=\"widget\" data-settings=\"{&quot;_animation&quot;:&quot;fadeIn&quot;}\" data-widget_type=\"image.default\">\n\t\t\t\t<div class=\"elementor-widget-container\">\n\t\t\t\t\t\t\t\t\t\t\t\t\t\t\t<img decoding=\"async\" src=\"https:\/\/kitronwinery.com\/wp-content\/uploads\/2018\/02\/DJI_0057.jpg\" title=\"\" alt=\"\" loading=\"lazy\" \/>\t\t\t\t\t\t\t\t\t\t\t\t\t\t\t<\/div>\n\t\t\t\t<\/div>\n\t\t\t\t\t<\/div>\n\t\t<\/div>\n\t\t\t\t<div class=\"elementor-column elementor-col-50 elementor-top-column elementor-element elementor-element-e257c14\" data-id=\"e257c14\" data-element_type=\"column\" data-e-type=\"column\">\n\t\t\t<div class=\"elementor-widget-wrap elementor-element-populated\">\n\t\t\t\t\t\t<div class=\"elementor-element elementor-element-33785e3 animated-fast elementor-invisible elementor-widget elementor-widget-heading\" data-id=\"33785e3\" data-element_type=\"widget\" data-e-type=\"widget\" data-settings=\"{&quot;_animation&quot;:&quot;fadeIn&quot;}\" data-widget_type=\"heading.default\">\n\t\t\t\t<div class=\"elementor-widget-container\">\n\t\t\t\t\t<h4 class=\"elementor-heading-title elementor-size-large\">\u00c9v\u00e9nements d'affaires <\/h4>\t\t\t\t<\/div>\n\t\t\t\t<\/div>\n\t\t\t\t<div class=\"elementor-element elementor-element-7c65f45 animated-slow elementor-invisible elementor-widget elementor-widget-text-editor\" data-id=\"7c65f45\" data-element_type=\"widget\" data-e-type=\"widget\" data-settings=\"{&quot;_animation&quot;:&quot;fadeIn&quot;}\" data-widget_type=\"text-editor.default\">\n\t\t\t\t<div class=\"elementor-widget-container\">\n\t\t\t\t\t\t\t\t\t<p>L&rsquo;atmosph\u00e8re particuli\u00e8re et paisible du village, les sites et services offrent un lieu id\u00e9al pour des \u00e9v\u00e9nements d&rsquo;entreprises ou de tous type d\u2019organisations, dans un emplacement proche et accessible g\u00e9ographiquement tout en \u00e9tant loin de l\u2019environnement stressant du bureau. Vous pouvez organiser des \u00e9v\u00e9nements d&rsquo;affaires de divers types \u00e0 la ferme tels que: des \u00ab pots de d\u00e9part \u00bb, , des s\u00e9minaires et des soir\u00e9es divertissement, des toasts, des r\u00e9unions de conseil d&rsquo;administration dans une ambiance diff\u00e9rente, des conf\u00e9rences, des s\u00e9minaires et autres r\u00e9unions, le tout dans l&rsquo;esprit du lieu \u2013<\/p><p>entre les vignes et la campagne de Galil\u00e9e, la v\u00e9g\u00e9tation naturelle et les odeurs enivrantes d\u2019un vin unique qui entoure le lieu.<br \/>Les \u00e9v\u00e9nements dans le village viticole permettent une sortie de la routine quotidienne vers les espaces ouverts et la nature, qui cr\u00e9ent une atmosph\u00e8re ouverte et agr\u00e9able et contribue \u00e0 la coh\u00e9sion de l&rsquo;organisation. Le village offre une vari\u00e9t\u00e9 d&rsquo;activit\u00e9s, d&rsquo;ateliers et de forfaits pour des journ\u00e9es d\u00e9tentes. Nous serons heureux de produire une journ\u00e9e unique et vari\u00e9e dans la nature qui convient aux besoins particuliers de chaque organisation.<br \/> Les s\u00e9jours dans le village viticole de Kitron sont adapt\u00e9s aux groupes, familles et aux organisations qui souhaitent privatiser le complexe pour des \u00e9v\u00e9nements sp\u00e9ciaux et des journ\u00e9es d\u00e9tentes.<br \/>Le lieu ne tient pas d&rsquo;\u00e9v\u00e9nements en m\u00eame temps mais offre une intimit\u00e9 totale \u00e0 ceux qui y s\u00e9journent, assurant ainsi une atmosph\u00e8re intime et professionnelle.<\/p>\t\t\t\t\t\t\t\t<\/div>\n\t\t\t\t<\/div>\n\t\t\t\t\t<\/div>\n\t\t<\/div>\n\t\t\t\t\t<\/div>\n\t\t<\/section>\n\t\t\t\t<\/div>\n\t\t","protected":false},"excerpt":{"rendered":"<p>Ev\u00e8nements dans le village viticole Dans le village il y a plusieurs complexes d&rsquo;\u00e9v\u00e9nements de diff\u00e9rents types adapt\u00e9s aux \u00e9v\u00e9nements ext\u00e9rieurs ou int\u00e9rieurs, utilisable toute l&rsquo;ann\u00e9e, qui nous permettent de vous organiser une exp\u00e9rience sp\u00e9ciale, passionnante et unique. Quel que soit l&rsquo;\u00e9v\u00e9nement choisi, une visite professionnelle et compl\u00e8te sera r\u00e9alis\u00e9e par l&rsquo;un des membres de [&hellip;]<\/p>\n","protected":false},"author":3,"featured_media":0,"parent":0,"menu_order":0,"comment_status":"closed","ping_status":"closed","template":"","meta":{"footnotes":""},"class_list":["post-3996","page","type-page","status-publish","hentry"],"_links":{"self":[{"href":"https:\/\/kitronwinery.com\/fr\/wp-json\/wp\/v2\/pages\/3996","targetHints":{"allow":["GET"]}}],"collection":[{"href":"https:\/\/kitronwinery.com\/fr\/wp-json\/wp\/v2\/pages"}],"about":[{"href":"https:\/\/kitronwinery.com\/fr\/wp-json\/wp\/v2\/types\/page"}],"author":[{"embeddable":true,"href":"https:\/\/kitronwinery.com\/fr\/wp-json\/wp\/v2\/users\/3"}],"replies":[{"embeddable":true,"href":"https:\/\/kitronwinery.com\/fr\/wp-json\/wp\/v2\/comments?post=3996"}],"version-history":[{"count":4,"href":"https:\/\/kitronwinery.com\/fr\/wp-json\/wp\/v2\/pages\/3996\/revisions"}],"predecessor-version":[{"id":4150,"href":"https:\/\/kitronwinery.com\/fr\/wp-json\/wp\/v2\/pages\/3996\/revisions\/4150"}],"wp:attachment":[{"href":"https:\/\/kitronwinery.com\/fr\/wp-json\/wp\/v2\/media?parent=3996"}],"curies":[{"name":"wp","href":"https:\/\/api.w.org\/{rel}","templated":true}]}}